{"id":69454,"date":"2019-07-11T15:41:07","date_gmt":"2019-07-11T18:41:07","guid":{"rendered":"http:\/\/www.ce.gov.br\/sop\/?page_id=69454"},"modified":"2026-04-15T11:57:23","modified_gmt":"2026-04-15T14:57:23","slug":"edificacoes","status":"publish","type":"page","link":"https:\/\/www.ce.gov.br\/sop\/edificacoes\/","title":{"rendered":"Edifica\u00e7\u00f5es"},"content":{"rendered":"\n<div class=\"wp-block-cegovbr-titulo-personalizado cegovbr-titulo-personalizado\"><div class=\"cegovbr-titulo-header\"><span class=\"material-symbols-outlined cegovbr-titulo-icon\">settings<\/span><h6 class=\"cegovbr-titulo-text\"><a href=\"https:\/\/www.ce.gov.br\/sop\/edificacoes\/assuntos-de-arquitetura-e-engenharia\/?preview_id=69336&amp;preview_nonce=0251a62117&amp;preview=true\">Assuntos de Arquitetura e Engenharia<\/a><\/h6><\/div><\/div>\n\n\n\n<div class=\"wp-block-cegovbr-titulo-personalizado cegovbr-titulo-personalizado\"><div class=\"cegovbr-titulo-header\"><span class=\"material-symbols-outlined cegovbr-titulo-icon\">settings<\/span><h6 class=\"cegovbr-titulo-text\"><a href=\"https:\/\/www.ce.gov.br\/sop\/edificacoes\/manual-de-obras\/?preview_id=69411&amp;preview_nonce=5b9975f472&amp;preview=true\">Manual de Obras<\/a><\/h6><\/div><\/div>\n\n\n\n<div class=\"wp-block-cegovbr-titulo-personalizado cegovbr-titulo-personalizado\"><div class=\"cegovbr-titulo-header\"><span class=\"material-symbols-outlined cegovbr-titulo-icon\">settings<\/span><h6 class=\"cegovbr-titulo-text\"><a href=\"https:\/\/www.ce.gov.br\/sop\/edificacoes\/normas-sobre-medicao-de-obras\/?preview_id=69416&amp;preview_nonce=d332aad12c&amp;preview=true\">Normas Sobre Medi\u00e7\u00e3o de Obras<\/a><\/h6><\/div><\/div>\n\n\n\n<div class=\"wp-block-cegovbr-titulo-personalizado cegovbr-titulo-personalizado\"><div class=\"cegovbr-titulo-header\"><span class=\"material-symbols-outlined cegovbr-titulo-icon\">settings<\/span><h6 class=\"cegovbr-titulo-text\"><a href=\"https:\/\/www.sop.ce.gov.br\/wp-content\/uploads\/sites\/30\/2025\/11\/Guia-de-Manutencao.pdf\">Guia de manuten\u00e7\u00e3o preventiva para cobertas e calhas em edifica\u00e7\u00f5es dos \u00f3rg\u00e3os p\u00fablicos do Estado do Cear\u00e1<\/a><\/h6><\/div><\/div>\n\n\n\n<p><\/p>\n","protected":false},"excerpt":{"rendered":"","protected":false},"author":12,"featured_media":0,"parent":0,"menu_order":0,"comment_status":"closed","ping_status":"closed","template":"","meta":{"_acf_changed":false,"inline_featured_image":false,"footnotes":""},"class_list":["post-69454","page","type-page","status-publish","hentry"],"acf":[],"yoast_head":"<!-- This site is optimized with the Yoast SEO plugin v27.3 - https:\/\/yoast.com\/product\/yoast-seo-wordpress\/ -->\n<title>Edifica\u00e7\u00f5es - SOP<\/title>\n<meta name=\"robots\" content=\"index, follow, max-snippet:-1, max-image-preview:large, max-video-preview:-1\" \/>\n<link rel=\"canonical\" href=\"https:\/\/www.ce.gov.br\/sop\/edificacoes\/\" \/>\n<meta property=\"og:locale\" content=\"pt_BR\" \/>\n<meta property=\"og:type\" content=\"article\" \/>\n<meta property=\"og:title\" content=\"Edifica\u00e7\u00f5es - SOP\" \/>\n<meta property=\"og:url\" content=\"https:\/\/www.ce.gov.br\/sop\/edificacoes\/\" \/>\n<meta property=\"og:site_name\" content=\"SOP\" \/>\n<meta property=\"article:modified_time\" content=\"2026-04-15T14:57:23+00:00\" \/>\n<meta name=\"twitter:card\" content=\"summary_large_image\" \/>\n<meta name=\"twitter:label1\" content=\"Est. reading time\" \/>\n\t<meta name=\"twitter:data1\" content=\"1 minuto\" \/>\n<script type=\"application\/ld+json\" class=\"yoast-schema-graph\">{\"@context\":\"https:\\\/\\\/schema.org\",\"@graph\":[{\"@type\":\"WebPage\",\"@id\":\"https:\\\/\\\/www.ce.gov.br\\\/sop\\\/edificacoes\\\/\",\"url\":\"https:\\\/\\\/www.ce.gov.br\\\/sop\\\/edificacoes\\\/\",\"name\":\"Edifica\u00e7\u00f5es - SOP\",\"isPartOf\":{\"@id\":\"https:\\\/\\\/www.ce.gov.br\\\/sop\\\/#website\"},\"datePublished\":\"2019-07-11T18:41:07+00:00\",\"dateModified\":\"2026-04-15T14:57:23+00:00\",\"breadcrumb\":{\"@id\":\"https:\\\/\\\/www.ce.gov.br\\\/sop\\\/edificacoes\\\/#breadcrumb\"},\"inLanguage\":\"pt-BR\",\"potentialAction\":[{\"@type\":\"ReadAction\",\"target\":[\"https:\\\/\\\/www.ce.gov.br\\\/sop\\\/edificacoes\\\/\"]}]},{\"@type\":\"BreadcrumbList\",\"@id\":\"https:\\\/\\\/www.ce.gov.br\\\/sop\\\/edificacoes\\\/#breadcrumb\",\"itemListElement\":[{\"@type\":\"ListItem\",\"position\":1,\"name\":\"In\u00edcio\",\"item\":\"https:\\\/\\\/www.ce.gov.br\\\/sop\\\/\"},{\"@type\":\"ListItem\",\"position\":2,\"name\":\"Edifica\u00e7\u00f5es\"}]},{\"@type\":\"WebSite\",\"@id\":\"https:\\\/\\\/www.ce.gov.br\\\/sop\\\/#website\",\"url\":\"https:\\\/\\\/www.ce.gov.br\\\/sop\\\/\",\"name\":\"Departamento Estadual de Rodovias\",\"description\":\"Portal SOP\",\"potentialAction\":[{\"@type\":\"SearchAction\",\"target\":{\"@type\":\"EntryPoint\",\"urlTemplate\":\"https:\\\/\\\/www.ce.gov.br\\\/sop\\\/?s={search_term_string}\"},\"query-input\":{\"@type\":\"PropertyValueSpecification\",\"valueRequired\":true,\"valueName\":\"search_term_string\"}}],\"inLanguage\":\"pt-BR\"}]}<\/script>\n<!-- \/ Yoast SEO plugin. -->","yoast_head_json":{"title":"Edifica\u00e7\u00f5es - SOP","robots":{"index":"index","follow":"follow","max-snippet":"max-snippet:-1","max-image-preview":"max-image-preview:large","max-video-preview":"max-video-preview:-1"},"canonical":"https:\/\/www.ce.gov.br\/sop\/edificacoes\/","og_locale":"pt_BR","og_type":"article","og_title":"Edifica\u00e7\u00f5es - SOP","og_url":"https:\/\/www.ce.gov.br\/sop\/edificacoes\/","og_site_name":"SOP","article_modified_time":"2026-04-15T14:57:23+00:00","twitter_card":"summary_large_image","twitter_misc":{"Est. reading time":"1 minuto"},"schema":{"@context":"https:\/\/schema.org","@graph":[{"@type":"WebPage","@id":"https:\/\/www.ce.gov.br\/sop\/edificacoes\/","url":"https:\/\/www.ce.gov.br\/sop\/edificacoes\/","name":"Edifica\u00e7\u00f5es - SOP","isPartOf":{"@id":"https:\/\/www.ce.gov.br\/sop\/#website"},"datePublished":"2019-07-11T18:41:07+00:00","dateModified":"2026-04-15T14:57:23+00:00","breadcrumb":{"@id":"https:\/\/www.ce.gov.br\/sop\/edificacoes\/#breadcrumb"},"inLanguage":"pt-BR","potentialAction":[{"@type":"ReadAction","target":["https:\/\/www.ce.gov.br\/sop\/edificacoes\/"]}]},{"@type":"BreadcrumbList","@id":"https:\/\/www.ce.gov.br\/sop\/edificacoes\/#breadcrumb","itemListElement":[{"@type":"ListItem","position":1,"name":"In\u00edcio","item":"https:\/\/www.ce.gov.br\/sop\/"},{"@type":"ListItem","position":2,"name":"Edifica\u00e7\u00f5es"}]},{"@type":"WebSite","@id":"https:\/\/www.ce.gov.br\/sop\/#website","url":"https:\/\/www.ce.gov.br\/sop\/","name":"Departamento Estadual de Rodovias","description":"Portal SOP","potentialAction":[{"@type":"SearchAction","target":{"@type":"EntryPoint","urlTemplate":"https:\/\/www.ce.gov.br\/sop\/?s={search_term_string}"},"query-input":{"@type":"PropertyValueSpecification","valueRequired":true,"valueName":"search_term_string"}}],"inLanguage":"pt-BR"}]}},"_links":{"self":[{"href":"https:\/\/www.ce.gov.br\/sop\/wp-json\/wp\/v2\/pages\/69454","targetHints":{"allow":["GET"]}}],"collection":[{"href":"https:\/\/www.ce.gov.br\/sop\/wp-json\/wp\/v2\/pages"}],"about":[{"href":"https:\/\/www.ce.gov.br\/sop\/wp-json\/wp\/v2\/types\/page"}],"author":[{"embeddable":true,"href":"https:\/\/www.ce.gov.br\/sop\/wp-json\/wp\/v2\/users\/12"}],"replies":[{"embeddable":true,"href":"https:\/\/www.ce.gov.br\/sop\/wp-json\/wp\/v2\/comments?post=69454"}],"version-history":[{"count":15,"href":"https:\/\/www.ce.gov.br\/sop\/wp-json\/wp\/v2\/pages\/69454\/revisions"}],"predecessor-version":[{"id":79061,"href":"https:\/\/www.ce.gov.br\/sop\/wp-json\/wp\/v2\/pages\/69454\/revisions\/79061"}],"wp:attachment":[{"href":"https:\/\/www.ce.gov.br\/sop\/wp-json\/wp\/v2\/media?parent=69454"}],"curies":[{"name":"wp","href":"https:\/\/api.w.org\/{rel}","templated":true}]}}