{"id":69713,"date":"2019-07-18T16:27:50","date_gmt":"2019-07-18T19:27:50","guid":{"rendered":"http:\/\/www.ce.gov.br\/sop\/?page_id=69713"},"modified":"2026-04-15T14:27:22","modified_gmt":"2026-04-15T17:27:22","slug":"distritos-operacionais","status":"publish","type":"page","link":"https:\/\/www.ce.gov.br\/sop\/distritos-operacionais\/","title":{"rendered":"Distritos Operacionais"},"content":{"rendered":"<p style=\"text-align: justify\">Os Distritos Operacionais (D.Os) s\u00e3o unidades organizacionais da SOP localizadas na Regi\u00e3o Metropolitana de Fortaleza e no Interior do Estado com o objetivo de melhor cumprir as atribui\u00e7\u00f5es da Superintend\u00eancia no tocante a constru\u00e7\u00e3o e manuten\u00e7\u00e3o de edifica\u00e7\u00f5es, rodovias, aer\u00f3dromos e aeroportos p\u00fablicos da sua jurisdi\u00e7\u00e3o.<\/p>\n<p style=\"text-align: justify\">\u00c0s equipes de 11 D.Os cabe, entre outras atividades, acompanhar contratos; fiscalizar projetos e obras; coordenar o recebimento final de obras e servi\u00e7os dentro dos crit\u00e9rios e diretrizes oficiais. A unidade tamb\u00e9m tem compet\u00eancia para receber solicita\u00e7\u00f5es de demandas das comunidades, prefeituras e \u00f3rg\u00e3os p\u00fablicos e submet\u00ea-las, atrav\u00e9s da devida diretoria, \u00e0 Superintend\u00eancia da SOP.<\/p>\n<div class=\"row\">\n<div class=\"dt-4\">\n<div id=\"mapa-grande\"><img loading=\"lazy\" decoding=\"async\" class=\"aligncenter size-full wp-image-69749\" style=\"max-width: 100%;min-width: 320px;height: auto;max-height: 100%\" src=\"https:\/\/www.ce.gov.br\/sop\/wp-content\/uploads\/sites\/76\/2019\/07\/DOs_red.jpg\" alt=\"\" width=\"773\" height=\"956\" srcset=\"https:\/\/www.ce.gov.br\/sop\/wp-content\/uploads\/sites\/76\/2019\/07\/DOs_red.jpg 773w, https:\/\/www.ce.gov.br\/sop\/wp-content\/uploads\/sites\/76\/2019\/07\/DOs_red-600x742.jpg 600w, https:\/\/www.ce.gov.br\/sop\/wp-content\/uploads\/sites\/76\/2019\/07\/DOs_red-768x950.jpg 768w\" sizes=\"auto, (max-width: 773px) 100vw, 773px\" \/><\/div>\n<\/div>\n<p><!--dt-4--><\/p>\n<\/div>\n<p><!--row--><\/p>\n\n\n<div class=\"wp-block-cegovbr-titulo-personalizado cegovbr-titulo-personalizado\"><div class=\"cegovbr-titulo-header\"><span class=\"material-symbols-outlined cegovbr-titulo-icon\">settings<\/span><h6 class=\"cegovbr-titulo-text\"><a href=\"https:\/\/www.ce.gov.br\/sop\/distritos-operacionais\/d-o-01-distrito-operacional-da-regiao-metropolitana-de-fortaleza\/\">01 &#8211; Regi\u00e3o Metropolitana<\/a><\/h6><\/div><\/div>\n\n\n\n<div class=\"wp-block-cegovbr-titulo-personalizado cegovbr-titulo-personalizado\"><div class=\"cegovbr-titulo-header\"><span class=\"material-symbols-outlined cegovbr-titulo-icon\">settings<\/span><h6 class=\"cegovbr-titulo-text\"><a href=\"https:\/\/www.ce.gov.br\/sop\/distritos-operacionais\/d-o-02-distrito-operacional-de-aracoiaba\/\">02 &#8211; Aracoiaba<\/a><\/h6><\/div><\/div>\n\n\n\n<div class=\"wp-block-cegovbr-titulo-personalizado cegovbr-titulo-personalizado\"><div class=\"cegovbr-titulo-header\"><span class=\"material-symbols-outlined cegovbr-titulo-icon\">settings<\/span><h6 class=\"cegovbr-titulo-text\"><a href=\"https:\/\/www.ce.gov.br\/sop\/distritos-operacionais\/d-o-03-distrito-operacional-de-itapipoca\/\">03 &#8211; Itapipoca<\/a><\/h6><\/div><\/div>\n\n\n\n<div class=\"wp-block-cegovbr-titulo-personalizado cegovbr-titulo-personalizado\"><div class=\"cegovbr-titulo-header\"><span class=\"material-symbols-outlined cegovbr-titulo-icon\">settings<\/span><h6 class=\"cegovbr-titulo-text\"><a href=\"https:\/\/www.ce.gov.br\/sop\/distritos-operacionais\/d-o-04-distrito-operacional-de-limoeiro-do-norte\/\">04 &#8211; Limoeiro do Norte<\/a><\/h6><\/div><\/div>\n\n\n\n<div class=\"wp-block-cegovbr-titulo-personalizado cegovbr-titulo-personalizado\"><div class=\"cegovbr-titulo-header\"><span class=\"material-symbols-outlined cegovbr-titulo-icon\">settings<\/span><h6 class=\"cegovbr-titulo-text\"><a href=\"https:\/\/www.ce.gov.br\/sop\/distritos-operacionais\/d-o-05-distrito-operacional-de-santa-quiteria\/\">05 &#8211; Santa Quit\u00e9ria<\/a><\/h6><\/div><\/div>\n\n\n\n<div class=\"wp-block-cegovbr-titulo-personalizado cegovbr-titulo-personalizado\"><div class=\"cegovbr-titulo-header\"><span class=\"material-symbols-outlined cegovbr-titulo-icon\">settings<\/span><h6 class=\"cegovbr-titulo-text\"><a href=\"https:\/\/www.ce.gov.br\/sop\/distritos-operacionais\/d-o-06-distrito-operacional-de-quixeramobim\/\">06 &#8211; Quixeramobim<\/a><\/h6><\/div><\/div>\n\n\n\n<div class=\"wp-block-cegovbr-titulo-personalizado cegovbr-titulo-personalizado\"><div class=\"cegovbr-titulo-header\"><span class=\"material-symbols-outlined cegovbr-titulo-icon\">settings<\/span><h6 class=\"cegovbr-titulo-text\"><a href=\"https:\/\/www.ce.gov.br\/sop\/distritos-operacionais\/d-o-07-distrito-operacional-de-sobral\/\">07 &#8211; Sobral<\/a><\/h6><\/div><\/div>\n\n\n\n<div class=\"wp-block-cegovbr-titulo-personalizado cegovbr-titulo-personalizado\"><div class=\"cegovbr-titulo-header\"><span class=\"material-symbols-outlined cegovbr-titulo-icon\">settings<\/span><h6 class=\"cegovbr-titulo-text\"><a href=\"https:\/\/www.ce.gov.br\/sop\/distritos-operacionais\/d-o-08-distrito-operacional-de-crateus\/\">08 &#8211; Crate\u00fas<\/a><\/h6><\/div><\/div>\n\n\n\n<div class=\"wp-block-cegovbr-titulo-personalizado cegovbr-titulo-personalizado\"><div class=\"cegovbr-titulo-header\"><span class=\"material-symbols-outlined cegovbr-titulo-icon\">settings<\/span><h6 class=\"cegovbr-titulo-text\"><a href=\"https:\/\/www.ce.gov.br\/sop\/distritos-operacionais\/d-o-09-distrito-operacional-de-iguatu\/\">09 &#8211; Iguatu<\/a><\/h6><\/div><\/div>\n\n\n\n<div class=\"wp-block-cegovbr-titulo-personalizado cegovbr-titulo-personalizado\"><div class=\"cegovbr-titulo-header\"><span class=\"material-symbols-outlined cegovbr-titulo-icon\">settings<\/span><h6 class=\"cegovbr-titulo-text\"><a href=\"https:\/\/www.ce.gov.br\/sop\/distritos-operacionais\/d-o-10-distrito-operacional-de-crato\/\">10 &#8211; Crato<\/a><\/h6><\/div><\/div>\n\n\n\n<div class=\"wp-block-cegovbr-titulo-personalizado cegovbr-titulo-personalizado\"><div class=\"cegovbr-titulo-header\"><span class=\"material-symbols-outlined cegovbr-titulo-icon\">settings<\/span><h6 class=\"cegovbr-titulo-text\"><a href=\"https:\/\/www.ce.gov.br\/sop\/distritos-operacionais\/d-o-11-distrito-operacional-de-taua\/\">11 &#8211; Tau\u00e1<\/a><\/h6><\/div><\/div>\n","protected":false},"excerpt":{"rendered":"<p>Os Distritos Operacionais (D.Os) s\u00e3o unidades organizacionais da SOP localizadas na Regi\u00e3o Metropolitana de Fortaleza e no Interior do Estado com o objetivo de melhor cumprir as atribui\u00e7\u00f5es da Superintend\u00eancia no tocante a constru\u00e7\u00e3o e manuten\u00e7\u00e3o de edifica\u00e7\u00f5es, rodovias, aer\u00f3dromos e aeroportos p\u00fablicos da sua jurisdi\u00e7\u00e3o. \u00c0s equipes de 11 D.Os cabe, entre outras atividades, [&hellip;]<\/p>\n","protected":false},"author":12,"featured_media":0,"parent":0,"menu_order":0,"comment_status":"closed","ping_status":"closed","template":"","meta":{"_acf_changed":false,"inline_featured_image":false,"footnotes":""},"class_list":["post-69713","page","type-page","status-publish","hentry"],"acf":[],"yoast_head":"<!-- This site is optimized with the Yoast SEO plugin v27.3 - https:\/\/yoast.com\/product\/yoast-seo-wordpress\/ -->\n<title>Distritos Operacionais - SOP<\/title>\n<meta name=\"robots\" content=\"index, follow, max-snippet:-1, max-image-preview:large, max-video-preview:-1\" \/>\n<link rel=\"canonical\" href=\"https:\/\/www.ce.gov.br\/sop\/distritos-operacionais\/\" \/>\n<meta property=\"og:locale\" content=\"pt_BR\" \/>\n<meta property=\"og:type\" content=\"article\" \/>\n<meta property=\"og:title\" content=\"Distritos Operacionais - SOP\" \/>\n<meta property=\"og:description\" content=\"Os Distritos Operacionais (D.Os) s\u00e3o unidades organizacionais da SOP localizadas na Regi\u00e3o Metropolitana de Fortaleza e no Interior do Estado com o objetivo de melhor cumprir as atribui\u00e7\u00f5es da Superintend\u00eancia no tocante a constru\u00e7\u00e3o e manuten\u00e7\u00e3o de edifica\u00e7\u00f5es, rodovias, aer\u00f3dromos e aeroportos p\u00fablicos da sua jurisdi\u00e7\u00e3o. \u00c0s equipes de 11 D.Os cabe, entre outras atividades, [&hellip;]\" \/>\n<meta property=\"og:url\" content=\"https:\/\/www.ce.gov.br\/sop\/distritos-operacionais\/\" \/>\n<meta property=\"og:site_name\" content=\"SOP\" \/>\n<meta property=\"article:modified_time\" content=\"2026-04-15T17:27:22+00:00\" \/>\n<meta property=\"og:image\" content=\"https:\/\/www.ce.gov.br\/sop\/wp-content\/uploads\/sites\/76\/2019\/07\/DOs_red.jpg\" \/>\n\t<meta property=\"og:image:width\" content=\"773\" \/>\n\t<meta property=\"og:image:height\" content=\"956\" \/>\n\t<meta property=\"og:image:type\" content=\"image\/jpeg\" \/>\n<meta name=\"twitter:card\" content=\"summary_large_image\" \/>\n<meta name=\"twitter:label1\" content=\"Est. reading time\" \/>\n\t<meta name=\"twitter:data1\" content=\"1 minuto\" \/>\n<script type=\"application\/ld+json\" class=\"yoast-schema-graph\">{\"@context\":\"https:\\\/\\\/schema.org\",\"@graph\":[{\"@type\":\"WebPage\",\"@id\":\"https:\\\/\\\/www.ce.gov.br\\\/sop\\\/distritos-operacionais\\\/\",\"url\":\"https:\\\/\\\/www.ce.gov.br\\\/sop\\\/distritos-operacionais\\\/\",\"name\":\"Distritos Operacionais - SOP\",\"isPartOf\":{\"@id\":\"https:\\\/\\\/www.ce.gov.br\\\/sop\\\/#website\"},\"primaryImageOfPage\":{\"@id\":\"https:\\\/\\\/www.ce.gov.br\\\/sop\\\/distritos-operacionais\\\/#primaryimage\"},\"image\":{\"@id\":\"https:\\\/\\\/www.ce.gov.br\\\/sop\\\/distritos-operacionais\\\/#primaryimage\"},\"thumbnailUrl\":\"http:\\\/\\\/www.ce.gov.br\\\/sop\\\/wp-content\\\/uploads\\\/sites\\\/76\\\/2019\\\/07\\\/DOs_red.jpg\",\"datePublished\":\"2019-07-18T19:27:50+00:00\",\"dateModified\":\"2026-04-15T17:27:22+00:00\",\"breadcrumb\":{\"@id\":\"https:\\\/\\\/www.ce.gov.br\\\/sop\\\/distritos-operacionais\\\/#breadcrumb\"},\"inLanguage\":\"pt-BR\",\"potentialAction\":[{\"@type\":\"ReadAction\",\"target\":[\"https:\\\/\\\/www.ce.gov.br\\\/sop\\\/distritos-operacionais\\\/\"]}]},{\"@type\":\"ImageObject\",\"inLanguage\":\"pt-BR\",\"@id\":\"https:\\\/\\\/www.ce.gov.br\\\/sop\\\/distritos-operacionais\\\/#primaryimage\",\"url\":\"https:\\\/\\\/www.ce.gov.br\\\/sop\\\/wp-content\\\/uploads\\\/sites\\\/76\\\/2019\\\/07\\\/DOs_red.jpg\",\"contentUrl\":\"https:\\\/\\\/www.ce.gov.br\\\/sop\\\/wp-content\\\/uploads\\\/sites\\\/76\\\/2019\\\/07\\\/DOs_red.jpg\",\"width\":773,\"height\":956},{\"@type\":\"BreadcrumbList\",\"@id\":\"https:\\\/\\\/www.ce.gov.br\\\/sop\\\/distritos-operacionais\\\/#breadcrumb\",\"itemListElement\":[{\"@type\":\"ListItem\",\"position\":1,\"name\":\"In\u00edcio\",\"item\":\"https:\\\/\\\/www.ce.gov.br\\\/sop\\\/\"},{\"@type\":\"ListItem\",\"position\":2,\"name\":\"Distritos Operacionais\"}]},{\"@type\":\"WebSite\",\"@id\":\"https:\\\/\\\/www.ce.gov.br\\\/sop\\\/#website\",\"url\":\"https:\\\/\\\/www.ce.gov.br\\\/sop\\\/\",\"name\":\"Departamento Estadual de Rodovias\",\"description\":\"Portal SOP\",\"potentialAction\":[{\"@type\":\"SearchAction\",\"target\":{\"@type\":\"EntryPoint\",\"urlTemplate\":\"https:\\\/\\\/www.ce.gov.br\\\/sop\\\/?s={search_term_string}\"},\"query-input\":{\"@type\":\"PropertyValueSpecification\",\"valueRequired\":true,\"valueName\":\"search_term_string\"}}],\"inLanguage\":\"pt-BR\"}]}<\/script>\n<!-- \/ Yoast SEO plugin. -->","yoast_head_json":{"title":"Distritos Operacionais - SOP","robots":{"index":"index","follow":"follow","max-snippet":"max-snippet:-1","max-image-preview":"max-image-preview:large","max-video-preview":"max-video-preview:-1"},"canonical":"https:\/\/www.ce.gov.br\/sop\/distritos-operacionais\/","og_locale":"pt_BR","og_type":"article","og_title":"Distritos Operacionais - SOP","og_description":"Os Distritos Operacionais (D.Os) s\u00e3o unidades organizacionais da SOP localizadas na Regi\u00e3o Metropolitana de Fortaleza e no Interior do Estado com o objetivo de melhor cumprir as atribui\u00e7\u00f5es da Superintend\u00eancia no tocante a constru\u00e7\u00e3o e manuten\u00e7\u00e3o de edifica\u00e7\u00f5es, rodovias, aer\u00f3dromos e aeroportos p\u00fablicos da sua jurisdi\u00e7\u00e3o. \u00c0s equipes de 11 D.Os cabe, entre outras atividades, [&hellip;]","og_url":"https:\/\/www.ce.gov.br\/sop\/distritos-operacionais\/","og_site_name":"SOP","article_modified_time":"2026-04-15T17:27:22+00:00","og_image":[{"width":773,"height":956,"url":"https:\/\/www.ce.gov.br\/sop\/wp-content\/uploads\/sites\/76\/2019\/07\/DOs_red.jpg","type":"image\/jpeg"}],"twitter_card":"summary_large_image","twitter_misc":{"Est. reading time":"1 minuto"},"schema":{"@context":"https:\/\/schema.org","@graph":[{"@type":"WebPage","@id":"https:\/\/www.ce.gov.br\/sop\/distritos-operacionais\/","url":"https:\/\/www.ce.gov.br\/sop\/distritos-operacionais\/","name":"Distritos Operacionais - SOP","isPartOf":{"@id":"https:\/\/www.ce.gov.br\/sop\/#website"},"primaryImageOfPage":{"@id":"https:\/\/www.ce.gov.br\/sop\/distritos-operacionais\/#primaryimage"},"image":{"@id":"https:\/\/www.ce.gov.br\/sop\/distritos-operacionais\/#primaryimage"},"thumbnailUrl":"http:\/\/www.ce.gov.br\/sop\/wp-content\/uploads\/sites\/76\/2019\/07\/DOs_red.jpg","datePublished":"2019-07-18T19:27:50+00:00","dateModified":"2026-04-15T17:27:22+00:00","breadcrumb":{"@id":"https:\/\/www.ce.gov.br\/sop\/distritos-operacionais\/#breadcrumb"},"inLanguage":"pt-BR","potentialAction":[{"@type":"ReadAction","target":["https:\/\/www.ce.gov.br\/sop\/distritos-operacionais\/"]}]},{"@type":"ImageObject","inLanguage":"pt-BR","@id":"https:\/\/www.ce.gov.br\/sop\/distritos-operacionais\/#primaryimage","url":"https:\/\/www.ce.gov.br\/sop\/wp-content\/uploads\/sites\/76\/2019\/07\/DOs_red.jpg","contentUrl":"https:\/\/www.ce.gov.br\/sop\/wp-content\/uploads\/sites\/76\/2019\/07\/DOs_red.jpg","width":773,"height":956},{"@type":"BreadcrumbList","@id":"https:\/\/www.ce.gov.br\/sop\/distritos-operacionais\/#breadcrumb","itemListElement":[{"@type":"ListItem","position":1,"name":"In\u00edcio","item":"https:\/\/www.ce.gov.br\/sop\/"},{"@type":"ListItem","position":2,"name":"Distritos Operacionais"}]},{"@type":"WebSite","@id":"https:\/\/www.ce.gov.br\/sop\/#website","url":"https:\/\/www.ce.gov.br\/sop\/","name":"Departamento Estadual de Rodovias","description":"Portal SOP","potentialAction":[{"@type":"SearchAction","target":{"@type":"EntryPoint","urlTemplate":"https:\/\/www.ce.gov.br\/sop\/?s={search_term_string}"},"query-input":{"@type":"PropertyValueSpecification","valueRequired":true,"valueName":"search_term_string"}}],"inLanguage":"pt-BR"}]}},"_links":{"self":[{"href":"https:\/\/www.ce.gov.br\/sop\/wp-json\/wp\/v2\/pages\/69713","targetHints":{"allow":["GET"]}}],"collection":[{"href":"https:\/\/www.ce.gov.br\/sop\/wp-json\/wp\/v2\/pages"}],"about":[{"href":"https:\/\/www.ce.gov.br\/sop\/wp-json\/wp\/v2\/types\/page"}],"author":[{"embeddable":true,"href":"https:\/\/www.ce.gov.br\/sop\/wp-json\/wp\/v2\/users\/12"}],"replies":[{"embeddable":true,"href":"https:\/\/www.ce.gov.br\/sop\/wp-json\/wp\/v2\/comments?post=69713"}],"version-history":[{"count":48,"href":"https:\/\/www.ce.gov.br\/sop\/wp-json\/wp\/v2\/pages\/69713\/revisions"}],"predecessor-version":[{"id":79150,"href":"https:\/\/www.ce.gov.br\/sop\/wp-json\/wp\/v2\/pages\/69713\/revisions\/79150"}],"wp:attachment":[{"href":"https:\/\/www.ce.gov.br\/sop\/wp-json\/wp\/v2\/media?parent=69713"}],"curies":[{"name":"wp","href":"https:\/\/api.w.org\/{rel}","templated":true}]}}