{"id":70889,"date":"2019-12-06T10:20:25","date_gmt":"2019-12-06T13:20:25","guid":{"rendered":"http:\/\/www.ce.gov.br\/sop\/?page_id=70889"},"modified":"2022-09-06T09:47:45","modified_gmt":"2022-09-06T12:47:45","slug":"formulario-para-solicitacao-de-evento-aeronautico","status":"publish","type":"page","link":"https:\/\/www.ce.gov.br\/sop\/aeroportos-2\/formulario-para-solicitacao-de-evento-aeronautico\/","title":{"rendered":"Formul\u00e1rio para solicita\u00e7\u00e3o de evento aeron\u00e1utico"},"content":{"rendered":"<p>&nbsp;<\/p>\n<p>Evento aeron\u00e1utico \u00e9 uma atividade bastante difundida no mundo. Composto por v\u00e1rias modalidades, como aeromodelismo, demonstra\u00e7\u00e3o de acrobacia a\u00e9rea, lan\u00e7amento de paraquedistas e exposi\u00e7\u00e3o de aeronaves, desperta interesses que v\u00e3o al\u00e9m da comunidade aeron\u00e1utica. Apesar do car\u00e1ter recreativo, a realiza\u00e7\u00e3o de evento aeron\u00e1utico \u00e9 considerada de alto risco, por sua natureza e caracter\u00edstica operacional.<\/p>\n<p>&nbsp;<\/p>\n<p>Para proteger a sociedade e n\u00e3o expor o tr\u00e1fego a\u00e9reo a riscos, nos aeroportos administrados pela Superintend\u00eancia de Obras P\u00fablicas (SOP) \u00e9 exigido dos realizadores de eventos aeron\u00e1uticos o cumprimento de condi\u00e7\u00f5es de seguran\u00e7a operacional.<\/p>\n<p>&nbsp;<\/p>\n<p>Aos interessados em realizar um evento aeron\u00e1utico em qualquer dos 10 aeroportos administrados pela Superintend\u00eancia, \u00e9 obrigat\u00f3rio o preenchimento do formul\u00e1rio de solicita\u00e7\u00e3o de autoriza\u00e7\u00e3o. O documento deve ser entregue impresso ao setor de protocolo da SOP.<\/p>\n<p>&nbsp;<\/p>\n<p>&nbsp;<\/p>\n<p><a href=\"https:\/\/www.ce.gov.br\/sop\/wp-content\/uploads\/sites\/76\/2019\/12\/Formul\u00e1rio-para-solicita\u00e7\u00e3o-de-evento-aeron\u00e1utico.docx\"><span style=\"color: #fc6836\"><strong>Clique aqui para fazer download do formul\u00e1rio de solicita\u00e7\u00e3o.<\/strong> <\/span><\/a><\/p>\n<p>&nbsp;<\/p>\n<p>&nbsp;<\/p>\n","protected":false},"excerpt":{"rendered":"<p>&nbsp; Evento aeron\u00e1utico \u00e9 uma atividade bastante difundida no mundo. Composto por v\u00e1rias modalidades, como aeromodelismo, demonstra\u00e7\u00e3o de acrobacia a\u00e9rea, lan\u00e7amento de paraquedistas e exposi\u00e7\u00e3o de aeronaves, desperta interesses que v\u00e3o al\u00e9m da comunidade aeron\u00e1utica. Apesar do car\u00e1ter recreativo, a realiza\u00e7\u00e3o de evento aeron\u00e1utico \u00e9 considerada de alto risco, por sua natureza e caracter\u00edstica operacional. [&hellip;]<\/p>\n","protected":false},"author":12,"featured_media":0,"parent":1732,"menu_order":0,"comment_status":"closed","ping_status":"closed","template":"","meta":{"_acf_changed":false,"inline_featured_image":false,"footnotes":""},"class_list":["post-70889","page","type-page","status-publish","hentry"],"acf":[],"yoast_head":"<!-- This site is optimized with the Yoast SEO plugin v27.3 - https:\/\/yoast.com\/product\/yoast-seo-wordpress\/ -->\n<title>Formul\u00e1rio para solicita\u00e7\u00e3o de evento aeron\u00e1utico - SOP<\/title>\n<meta name=\"robots\" content=\"index, follow, max-snippet:-1, max-image-preview:large, max-video-preview:-1\" \/>\n<link rel=\"canonical\" href=\"https:\/\/www.ce.gov.br\/sop\/aeroportos-2\/formulario-para-solicitacao-de-evento-aeronautico\/\" \/>\n<meta property=\"og:locale\" content=\"pt_BR\" \/>\n<meta property=\"og:type\" content=\"article\" \/>\n<meta property=\"og:title\" content=\"Formul\u00e1rio para solicita\u00e7\u00e3o de evento aeron\u00e1utico - SOP\" \/>\n<meta property=\"og:description\" content=\"&nbsp; Evento aeron\u00e1utico \u00e9 uma atividade bastante difundida no mundo. Composto por v\u00e1rias modalidades, como aeromodelismo, demonstra\u00e7\u00e3o de acrobacia a\u00e9rea, lan\u00e7amento de paraquedistas e exposi\u00e7\u00e3o de aeronaves, desperta interesses que v\u00e3o al\u00e9m da comunidade aeron\u00e1utica. Apesar do car\u00e1ter recreativo, a realiza\u00e7\u00e3o de evento aeron\u00e1utico \u00e9 considerada de alto risco, por sua natureza e caracter\u00edstica operacional. [&hellip;]\" \/>\n<meta property=\"og:url\" content=\"https:\/\/www.ce.gov.br\/sop\/aeroportos-2\/formulario-para-solicitacao-de-evento-aeronautico\/\" \/>\n<meta property=\"og:site_name\" content=\"SOP\" \/>\n<meta property=\"article:modified_time\" content=\"2022-09-06T12:47:45+00:00\" \/>\n<meta name=\"twitter:card\" content=\"summary_large_image\" \/>\n<meta name=\"twitter:label1\" content=\"Est. reading time\" \/>\n\t<meta name=\"twitter:data1\" content=\"1 minuto\" \/>\n<script type=\"application\/ld+json\" class=\"yoast-schema-graph\">{\"@context\":\"https:\\\/\\\/schema.org\",\"@graph\":[{\"@type\":\"WebPage\",\"@id\":\"https:\\\/\\\/www.ce.gov.br\\\/sop\\\/aeroportos-2\\\/formulario-para-solicitacao-de-evento-aeronautico\\\/\",\"url\":\"https:\\\/\\\/www.ce.gov.br\\\/sop\\\/aeroportos-2\\\/formulario-para-solicitacao-de-evento-aeronautico\\\/\",\"name\":\"Formul\u00e1rio para solicita\u00e7\u00e3o de evento aeron\u00e1utico - SOP\",\"isPartOf\":{\"@id\":\"https:\\\/\\\/www.ce.gov.br\\\/sop\\\/#website\"},\"datePublished\":\"2019-12-06T13:20:25+00:00\",\"dateModified\":\"2022-09-06T12:47:45+00:00\",\"breadcrumb\":{\"@id\":\"https:\\\/\\\/www.ce.gov.br\\\/sop\\\/aeroportos-2\\\/formulario-para-solicitacao-de-evento-aeronautico\\\/#breadcrumb\"},\"inLanguage\":\"pt-BR\",\"potentialAction\":[{\"@type\":\"ReadAction\",\"target\":[\"https:\\\/\\\/www.ce.gov.br\\\/sop\\\/aeroportos-2\\\/formulario-para-solicitacao-de-evento-aeronautico\\\/\"]}]},{\"@type\":\"BreadcrumbList\",\"@id\":\"https:\\\/\\\/www.ce.gov.br\\\/sop\\\/aeroportos-2\\\/formulario-para-solicitacao-de-evento-aeronautico\\\/#breadcrumb\",\"itemListElement\":[{\"@type\":\"ListItem\",\"position\":1,\"name\":\"In\u00edcio\",\"item\":\"https:\\\/\\\/www.ce.gov.br\\\/sop\\\/\"},{\"@type\":\"ListItem\",\"position\":2,\"name\":\"Aeroportos\",\"item\":\"https:\\\/\\\/www.ce.gov.br\\\/sop\\\/aeroportos-2\\\/\"},{\"@type\":\"ListItem\",\"position\":3,\"name\":\"Formul\u00e1rio para solicita\u00e7\u00e3o de evento aeron\u00e1utico\"}]},{\"@type\":\"WebSite\",\"@id\":\"https:\\\/\\\/www.ce.gov.br\\\/sop\\\/#website\",\"url\":\"https:\\\/\\\/www.ce.gov.br\\\/sop\\\/\",\"name\":\"Departamento Estadual de Rodovias\",\"description\":\"Portal SOP\",\"potentialAction\":[{\"@type\":\"SearchAction\",\"target\":{\"@type\":\"EntryPoint\",\"urlTemplate\":\"https:\\\/\\\/www.ce.gov.br\\\/sop\\\/?s={search_term_string}\"},\"query-input\":{\"@type\":\"PropertyValueSpecification\",\"valueRequired\":true,\"valueName\":\"search_term_string\"}}],\"inLanguage\":\"pt-BR\"}]}<\/script>\n<!-- \/ Yoast SEO plugin. -->","yoast_head_json":{"title":"Formul\u00e1rio para solicita\u00e7\u00e3o de evento aeron\u00e1utico - SOP","robots":{"index":"index","follow":"follow","max-snippet":"max-snippet:-1","max-image-preview":"max-image-preview:large","max-video-preview":"max-video-preview:-1"},"canonical":"https:\/\/www.ce.gov.br\/sop\/aeroportos-2\/formulario-para-solicitacao-de-evento-aeronautico\/","og_locale":"pt_BR","og_type":"article","og_title":"Formul\u00e1rio para solicita\u00e7\u00e3o de evento aeron\u00e1utico - SOP","og_description":"&nbsp; Evento aeron\u00e1utico \u00e9 uma atividade bastante difundida no mundo. Composto por v\u00e1rias modalidades, como aeromodelismo, demonstra\u00e7\u00e3o de acrobacia a\u00e9rea, lan\u00e7amento de paraquedistas e exposi\u00e7\u00e3o de aeronaves, desperta interesses que v\u00e3o al\u00e9m da comunidade aeron\u00e1utica. Apesar do car\u00e1ter recreativo, a realiza\u00e7\u00e3o de evento aeron\u00e1utico \u00e9 considerada de alto risco, por sua natureza e caracter\u00edstica operacional. [&hellip;]","og_url":"https:\/\/www.ce.gov.br\/sop\/aeroportos-2\/formulario-para-solicitacao-de-evento-aeronautico\/","og_site_name":"SOP","article_modified_time":"2022-09-06T12:47:45+00:00","twitter_card":"summary_large_image","twitter_misc":{"Est. reading time":"1 minuto"},"schema":{"@context":"https:\/\/schema.org","@graph":[{"@type":"WebPage","@id":"https:\/\/www.ce.gov.br\/sop\/aeroportos-2\/formulario-para-solicitacao-de-evento-aeronautico\/","url":"https:\/\/www.ce.gov.br\/sop\/aeroportos-2\/formulario-para-solicitacao-de-evento-aeronautico\/","name":"Formul\u00e1rio para solicita\u00e7\u00e3o de evento aeron\u00e1utico - SOP","isPartOf":{"@id":"https:\/\/www.ce.gov.br\/sop\/#website"},"datePublished":"2019-12-06T13:20:25+00:00","dateModified":"2022-09-06T12:47:45+00:00","breadcrumb":{"@id":"https:\/\/www.ce.gov.br\/sop\/aeroportos-2\/formulario-para-solicitacao-de-evento-aeronautico\/#breadcrumb"},"inLanguage":"pt-BR","potentialAction":[{"@type":"ReadAction","target":["https:\/\/www.ce.gov.br\/sop\/aeroportos-2\/formulario-para-solicitacao-de-evento-aeronautico\/"]}]},{"@type":"BreadcrumbList","@id":"https:\/\/www.ce.gov.br\/sop\/aeroportos-2\/formulario-para-solicitacao-de-evento-aeronautico\/#breadcrumb","itemListElement":[{"@type":"ListItem","position":1,"name":"In\u00edcio","item":"https:\/\/www.ce.gov.br\/sop\/"},{"@type":"ListItem","position":2,"name":"Aeroportos","item":"https:\/\/www.ce.gov.br\/sop\/aeroportos-2\/"},{"@type":"ListItem","position":3,"name":"Formul\u00e1rio para solicita\u00e7\u00e3o de evento aeron\u00e1utico"}]},{"@type":"WebSite","@id":"https:\/\/www.ce.gov.br\/sop\/#website","url":"https:\/\/www.ce.gov.br\/sop\/","name":"Departamento Estadual de Rodovias","description":"Portal SOP","potentialAction":[{"@type":"SearchAction","target":{"@type":"EntryPoint","urlTemplate":"https:\/\/www.ce.gov.br\/sop\/?s={search_term_string}"},"query-input":{"@type":"PropertyValueSpecification","valueRequired":true,"valueName":"search_term_string"}}],"inLanguage":"pt-BR"}]}},"_links":{"self":[{"href":"https:\/\/www.ce.gov.br\/sop\/wp-json\/wp\/v2\/pages\/70889","targetHints":{"allow":["GET"]}}],"collection":[{"href":"https:\/\/www.ce.gov.br\/sop\/wp-json\/wp\/v2\/pages"}],"about":[{"href":"https:\/\/www.ce.gov.br\/sop\/wp-json\/wp\/v2\/types\/page"}],"author":[{"embeddable":true,"href":"https:\/\/www.ce.gov.br\/sop\/wp-json\/wp\/v2\/users\/12"}],"replies":[{"embeddable":true,"href":"https:\/\/www.ce.gov.br\/sop\/wp-json\/wp\/v2\/comments?post=70889"}],"version-history":[{"count":7,"href":"https:\/\/www.ce.gov.br\/sop\/wp-json\/wp\/v2\/pages\/70889\/revisions"}],"predecessor-version":[{"id":74021,"href":"https:\/\/www.ce.gov.br\/sop\/wp-json\/wp\/v2\/pages\/70889\/revisions\/74021"}],"up":[{"embeddable":true,"href":"https:\/\/www.ce.gov.br\/sop\/wp-json\/wp\/v2\/pages\/1732"}],"wp:attachment":[{"href":"https:\/\/www.ce.gov.br\/sop\/wp-json\/wp\/v2\/media?parent=70889"}],"curies":[{"name":"wp","href":"https:\/\/api.w.org\/{rel}","templated":true}]}}