{"id":71,"date":"2017-11-21T10:11:14","date_gmt":"2017-11-21T13:11:14","guid":{"rendered":"http:\/\/www.ceara.gov.br\/der\/?page_id=71"},"modified":"2026-04-15T10:32:06","modified_gmt":"2026-04-15T13:32:06","slug":"quem-e-quem","status":"publish","type":"page","link":"https:\/\/www.ce.gov.br\/sop\/quem-e-quem\/","title":{"rendered":"Quem \u00e9 quem"},"content":{"rendered":"<\/p>\n\n<div class=\"secretarios-container\"><div class=\"destaque-governo\" style=\"margin-bottom: 1.25rem;\"><div class=\"perfil-redes-sociais\"><img decoding=\"async\" src=\"https:\/\/www.ce.gov.br\/sop\/wp-content\/uploads\/sites\/76\/2018\/01\/valdeci.jpg\" alt=\"Valdeci Rebou\u00e7as\" class=\"governo-foto\"><div class=\"governo-redes-sociais\"><\/div><\/div><div class=\"governo-bio\"><div class=\"governo-orgao\">Superintendente da SOP<\/div><h3 class=\"governo-nome\">Valdeci Rebou\u00e7as<\/h3><div class=\"governo-bio-texto\"><p>Jos\u00e9 Valdeci Rebou\u00e7as \u00e9 graduado em Administra\u00e7\u00e3o pela Faculdade Louren\u00e7o Filho. Foi Diretor de Projetos da Federa\u00e7\u00e3o dos Trabalhadores, Empregados e Empregadas no Com\u00e9rcio e Servi\u00e7os do Estado do Cear\u00e1 (Fetrace). Na Prefeitura de Fortaleza, ocupou a chefia de gabinete da Presid\u00eancia da Empresa\u00a0 de Transporte Urbano de Fortaleza (Etufor) e foi Coordenador da Comiss\u00e3o de Malha Vi\u00e1ria na Prefeitura de Fortaleza. Tamb\u00e9m foi chefe de gabinete na C\u00e2mara dos Deputados e na Assembleia Legislativa do Estado do Cear\u00e1. Em 2023, foi nomeado Presidente da Empresa de Tecnologia da Informa\u00e7\u00e3o do Cear\u00e1 (Etice). Atualmente \u00e9 o Superintendente da Superintend\u00eancia de Obras P\u00fablicas (SOP).<\/p>\n<\/div><\/div><\/div><div class=\"destaque-governo layout-alternating\" style=\"margin-bottom: 1.25rem;\"><div class=\"perfil-redes-sociais\"><img decoding=\"async\" src=\"https:\/\/www.ce.gov.br\/sop\/wp-content\/uploads\/sites\/76\/2018\/01\/Ilo-Santiago2.jpg\" alt=\"Ilo Santiago\" class=\"governo-foto\"><div class=\"governo-redes-sociais\"><\/div><\/div><div class=\"governo-bio\"><div class=\"governo-orgao\">Superintendente Adjunto de Rodovias<\/div><h3 class=\"governo-nome\">Ilo Santiago<\/h3><div class=\"governo-bio-texto\"><p>Jos\u00e9 Ilo de Oliveira Santiago \u00e9 graduado em Engenharia Civil pela Universidade Federal do Cear\u00e1 (UFC) em 1980. Possui 39 anos de experi\u00eancia no servi\u00e7o p\u00fablico estadual e municipal. Tem MBA em Infraestrutura de Transportes e Rodovias \u2013 Engenheiro Rodovi\u00e1rio, pelo INBEC.<\/p>\n<p>De 2000 a 2003 esteve como gerente regional do 8\u00ba Distrito Operacional (D.O) do ent\u00e3o DER em Crate\u00fas. Ap\u00f3s este per\u00edodo, assumiu o D.O de Sobral, onde atuou por quase 10 anos. Em 2013, aceitou o convite para ser secret\u00e1rio municipal de Obras de Sobral, cargo que exerceu por tr\u00eas anos. Em 2019, com a cria\u00e7\u00e3o da Superintend\u00eancia de Obras P\u00fablicas (SOP), foi nomeado diretor de Fiscaliza\u00e7\u00e3o de Obras e Gest\u00e3o Regional. Em maio de 2020, passa a responder pela Superintend\u00eancia Adjunta de Rodovias da SOP.<\/p>\n<\/div><\/div><\/div><div class=\"secretarios-title-wrapper\"><h2 class=\"secretarios-title\">Assessores e Diretores<\/h2><\/div><div class=\"pesquisa-secretarios\"><div class=\"caixa-de-pesquisa-secretarios\"><div class=\"input-pesquisa-secretarios\"><span class=\"material-symbols-outlined\">search<\/span><input type=\"text\" id=\"secretarios-search-input\" class=\"placeholder-texto-pesquisa\" placeholder=\"Busque por nome ou secretaria\"><\/div><div class=\"container-botao-buscar\"><button class=\"botao-buscar\"><span class=\"texto-buscar\">Buscar<\/span><span class=\"material-symbols-outlined icone-buscar\">search<\/span><\/button><\/div><\/div><div class=\"div-listagem-cards-secretarios\"><div class=\"div-lista-cards secretarios-grid\"><div class=\"secretario-card\"><div class=\"secretario-perfil\"><img decoding=\"async\" src=\"https:\/\/www.ce.gov.br\/sop\/wp-content\/uploads\/sites\/76\/2019\/07\/Mayana-Freitas-600x600.jpg\" alt=\"Mayana Freitas\" class=\"secretario-foto\"><\/div><div class=\"secretario-informacoes\"><div class=\"secretario-orgao\">Assessora Jur\u00eddica<\/div><h3 class=\"secretario-nome\">Mayana Freitas<\/h3><div class=\"secretario-redes-sociais\"><\/div><\/div><div class=\"secretario-top-informacoes-mobile\"><div class=\"secretario-perfil\"><img decoding=\"async\" src=\"https:\/\/www.ce.gov.br\/sop\/wp-content\/uploads\/sites\/76\/2019\/07\/Mayana-Freitas-600x600.jpg\" alt=\"Mayana Freitas\" class=\"secretario-foto\"><\/div><div class=\"secretario-nome-orgao-mobile\"><div class=\"secretario-orgao\">Assessora Jur\u00eddica<\/div><h3 class=\"secretario-nome\">Mayana Freitas<\/h3><\/div><\/div><div class=\"secretario-contato-redes-mobile\"><div class=\"secretario-redes-sociais\"><\/div><\/div><\/div><div class=\"secretario-card\"><div class=\"secretario-perfil\"><img decoding=\"async\" src=\"https:\/\/www.ce.gov.br\/sop\/wp-content\/uploads\/sites\/76\/2019\/07\/DSC07127-600x600.jpg\" alt=\"Salete Lucena\" class=\"secretario-foto\"><\/div><div class=\"secretario-informacoes\"><div class=\"secretario-orgao\">Assessora de Controle Interno e Ouvidori&#8230;<\/div><h3 class=\"secretario-nome\">Salete Lucena<\/h3><div class=\"secretario-redes-sociais\"><\/div><\/div><div class=\"secretario-top-informacoes-mobile\"><div class=\"secretario-perfil\"><img decoding=\"async\" src=\"https:\/\/www.ce.gov.br\/sop\/wp-content\/uploads\/sites\/76\/2019\/07\/DSC07127-600x600.jpg\" alt=\"Salete Lucena\" class=\"secretario-foto\"><\/div><div class=\"secretario-nome-orgao-mobile\"><div class=\"secretario-orgao\">Assessora de Controle Interno &#8230;<\/div><h3 class=\"secretario-nome\">Salete Lucena<\/h3><\/div><\/div><div class=\"secretario-contato-redes-mobile\"><div class=\"secretario-redes-sociais\"><\/div><\/div><\/div><div class=\"secretario-card\"><div class=\"secretario-perfil\"><img decoding=\"async\" src=\"https:\/\/www.ce.gov.br\/sop\/wp-content\/uploads\/sites\/76\/2019\/07\/SENA-600x600.jpg\" alt=\"Wellington Sena\" class=\"secretario-foto\"><\/div><div class=\"secretario-informacoes\"><div class=\"secretario-orgao\">Assessor de Comunica\u00e7\u00e3o<\/div><h3 class=\"secretario-nome\">Wellington Sena<\/h3><div class=\"secretario-redes-sociais\"><\/div><\/div><div class=\"secretario-top-informacoes-mobile\"><div class=\"secretario-perfil\"><img decoding=\"async\" src=\"https:\/\/www.ce.gov.br\/sop\/wp-content\/uploads\/sites\/76\/2019\/07\/SENA-600x600.jpg\" alt=\"Wellington Sena\" class=\"secretario-foto\"><\/div><div class=\"secretario-nome-orgao-mobile\"><div class=\"secretario-orgao\">Assessor de Comunica\u00e7\u00e3o<\/div><h3 class=\"secretario-nome\">Wellington Sena<\/h3><\/div><\/div><div class=\"secretario-contato-redes-mobile\"><div class=\"secretario-redes-sociais\"><\/div><\/div><\/div><div class=\"secretario-card\"><div class=\"secretario-perfil\"><img decoding=\"async\" src=\"https:\/\/www.ce.gov.br\/sop\/wp-content\/uploads\/sites\/76\/2019\/07\/Larissa-Augusto-600x675.jpg\" alt=\"Larissa Augusto\" class=\"secretario-foto\"><\/div><div class=\"secretario-informacoes\"><div class=\"secretario-orgao\">Diretora de Engenharia Rodovi\u00e1ria<\/div><h3 class=\"secretario-nome\">Larissa Augusto<\/h3><div class=\"secretario-redes-sociais\"><\/div><\/div><div class=\"secretario-top-informacoes-mobile\"><div class=\"secretario-perfil\"><img decoding=\"async\" src=\"https:\/\/www.ce.gov.br\/sop\/wp-content\/uploads\/sites\/76\/2019\/07\/Larissa-Augusto-600x675.jpg\" alt=\"Larissa Augusto\" class=\"secretario-foto\"><\/div><div class=\"secretario-nome-orgao-mobile\"><div class=\"secretario-orgao\"><\/div><h3 class=\"secretario-nome\">Larissa Augusto<\/h3><\/div><\/div><div class=\"secretario-contato-redes-mobile\"><div class=\"secretario-redes-sociais\"><\/div><\/div><\/div><div class=\"secretario-card\"><div class=\"secretario-perfil\"><img decoding=\"async\" src=\"https:\/\/www.ce.gov.br\/sop\/wp-content\/uploads\/sites\/76\/2023\/04\/Aline-Cordeiro-2-1200x1200-1-600x600.jpg\" alt=\"Aline Cordeiro\" class=\"secretario-foto\"><\/div><div class=\"secretario-informacoes\"><div class=\"secretario-orgao\">Diretora de Projetos de Edifica\u00e7\u00f5es<\/div><h3 class=\"secretario-nome\">Aline Cordeiro<\/h3><div class=\"secretario-redes-sociais\"><\/div><\/div><div class=\"secretario-top-informacoes-mobile\"><div class=\"secretario-perfil\"><img decoding=\"async\" src=\"https:\/\/www.ce.gov.br\/sop\/wp-content\/uploads\/sites\/76\/2023\/04\/Aline-Cordeiro-2-1200x1200-1-600x600.jpg\" alt=\"Aline Cordeiro\" class=\"secretario-foto\"><\/div><div class=\"secretario-nome-orgao-mobile\"><div class=\"secretario-orgao\">Diretora de Projetos de Edific&#8230;<\/div><h3 class=\"secretario-nome\">Aline Cordeiro<\/h3><\/div><\/div><div class=\"secretario-contato-redes-mobile\"><div class=\"secretario-redes-sociais\"><\/div><\/div><\/div><div class=\"secretario-card\"><div class=\"secretario-perfil\"><img decoding=\"async\" src=\"https:\/\/www.ce.gov.br\/sop\/wp-content\/uploads\/sites\/76\/2023\/04\/Claudio-Brito.jpg\" alt=\"Cl\u00e1udio Brito\" class=\"secretario-foto\"><\/div><div class=\"secretario-informacoes\"><div class=\"secretario-orgao\">Diretor de Engenharia de Edifica\u00e7\u00f5es<\/div><h3 class=\"secretario-nome\">Cl\u00e1udio Brito<\/h3><div class=\"secretario-redes-sociais\"><\/div><\/div><div class=\"secretario-top-informacoes-mobile\"><div class=\"secretario-perfil\"><img decoding=\"async\" src=\"https:\/\/www.ce.gov.br\/sop\/wp-content\/uploads\/sites\/76\/2023\/04\/Claudio-Brito.jpg\" alt=\"Cl\u00e1udio Brito\" class=\"secretario-foto\"><\/div><div class=\"secretario-nome-orgao-mobile\"><div class=\"secretario-orgao\">Diretor de Engenharia de Edifi&#8230;<\/div><h3 class=\"secretario-nome\">Cl\u00e1udio Brito<\/h3><\/div><\/div><div class=\"secretario-contato-redes-mobile\"><div class=\"secretario-redes-sociais\"><\/div><\/div><\/div><div class=\"secretario-card\"><div class=\"secretario-perfil\"><img decoding=\"async\" src=\"https:\/\/www.ce.gov.br\/sop\/wp-content\/uploads\/sites\/76\/2023\/04\/Sergio-Azevedo-1200x1200-1-600x600.jpg\" alt=\"S\u00e9rgio Azevedo\" class=\"secretario-foto\"><\/div><div class=\"secretario-informacoes\"><div class=\"secretario-orgao\">Diretor de Infraestrutura Rodovi\u00e1ria e &#8230;<\/div><h3 class=\"secretario-nome\">S\u00e9rgio Azevedo<\/h3><div class=\"secretario-redes-sociais\"><\/div><\/div><div class=\"secretario-top-informacoes-mobile\"><div class=\"secretario-perfil\"><img decoding=\"async\" src=\"https:\/\/www.ce.gov.br\/sop\/wp-content\/uploads\/sites\/76\/2023\/04\/Sergio-Azevedo-1200x1200-1-600x600.jpg\" alt=\"S\u00e9rgio Azevedo\" class=\"secretario-foto\"><\/div><div class=\"secretario-nome-orgao-mobile\"><div class=\"secretario-orgao\">Diretor de Infraestrutura Rodo&#8230;<\/div><h3 class=\"secretario-nome\">S\u00e9rgio Azevedo<\/h3><\/div><\/div><div class=\"secretario-contato-redes-mobile\"><div class=\"secretario-redes-sociais\"><\/div><\/div><\/div><div class=\"secretario-card\"><div class=\"secretario-perfil\"><img decoding=\"async\" src=\"https:\/\/www.ce.gov.br\/sop\/wp-content\/uploads\/sites\/76\/2019\/07\/site.jpg\" alt=\"Caio Timb\u00f3\" class=\"secretario-foto\"><\/div><div class=\"secretario-informacoes\"><div class=\"secretario-orgao\">Diretor de Fiscaliza\u00e7\u00e3o de Obras e Ges&#8230;<\/div><h3 class=\"secretario-nome\">Caio Timb\u00f3<\/h3><div class=\"secretario-redes-sociais\"><\/div><\/div><div class=\"secretario-top-informacoes-mobile\"><div class=\"secretario-perfil\"><img decoding=\"async\" src=\"https:\/\/www.ce.gov.br\/sop\/wp-content\/uploads\/sites\/76\/2019\/07\/site.jpg\" alt=\"Caio Timb\u00f3\" class=\"secretario-foto\"><\/div><div class=\"secretario-nome-orgao-mobile\"><div class=\"secretario-orgao\">Diretor de Fiscaliza\u00e7\u00e3o de O&#8230;<\/div><h3 class=\"secretario-nome\">Caio Timb\u00f3<\/h3><\/div><\/div><div class=\"secretario-contato-redes-mobile\"><div class=\"secretario-redes-sociais\"><\/div><\/div><\/div><div class=\"secretario-card\"><div class=\"secretario-perfil\"><img decoding=\"async\" src=\"https:\/\/www.ce.gov.br\/sop\/wp-content\/uploads\/sites\/76\/2023\/04\/Silvio-Campos-1200x1200-1-600x600.jpg\" alt=\"Silvio Campos\" class=\"secretario-foto\"><\/div><div class=\"secretario-informacoes\"><div class=\"secretario-orgao\">Diretor de Articula\u00e7\u00e3o T\u00e9cnica e Obra&#8230;<\/div><h3 class=\"secretario-nome\">Silvio Campos<\/h3><div class=\"secretario-redes-sociais\"><\/div><\/div><div class=\"secretario-top-informacoes-mobile\"><div class=\"secretario-perfil\"><img decoding=\"async\" src=\"https:\/\/www.ce.gov.br\/sop\/wp-content\/uploads\/sites\/76\/2023\/04\/Silvio-Campos-1200x1200-1-600x600.jpg\" alt=\"Silvio Campos\" class=\"secretario-foto\"><\/div><div class=\"secretario-nome-orgao-mobile\"><div class=\"secretario-orgao\">Diretor de Articula\u00e7\u00e3o T\u00e9cn&#8230;<\/div><h3 class=\"secretario-nome\">Silvio Campos<\/h3><\/div><\/div><div class=\"secretario-contato-redes-mobile\"><div class=\"secretario-redes-sociais\"><\/div><\/div><\/div><div class=\"secretario-card\"><div class=\"secretario-perfil\"><img decoding=\"async\" src=\"https:\/\/www.ce.gov.br\/sop\/wp-content\/uploads\/sites\/76\/2019\/10\/Giovanni-Pacheco.jpg\" alt=\"Giovanni Pacheco\" class=\"secretario-foto\"><\/div><div class=\"secretario-informacoes\"><div class=\"secretario-orgao\">Diretor Administrativo<\/div><h3 class=\"secretario-nome\">Giovanni Pacheco<\/h3><div class=\"secretario-redes-sociais\"><\/div><\/div><div class=\"secretario-top-informacoes-mobile\"><div class=\"secretario-perfil\"><img decoding=\"async\" src=\"https:\/\/www.ce.gov.br\/sop\/wp-content\/uploads\/sites\/76\/2019\/10\/Giovanni-Pacheco.jpg\" alt=\"Giovanni Pacheco\" class=\"secretario-foto\"><\/div><div class=\"secretario-nome-orgao-mobile\"><div class=\"secretario-orgao\">Diretor Administrativo<\/div><h3 class=\"secretario-nome\">Giovanni Pacheco<\/h3><\/div><\/div><div class=\"secretario-contato-redes-mobile\"><div class=\"secretario-redes-sociais\"><\/div><\/div><\/div><div class=\"secretario-card\"><div class=\"secretario-perfil\"><img decoding=\"async\" src=\"https:\/\/www.ce.gov.br\/sop\/wp-content\/uploads\/sites\/76\/2019\/07\/DSC07119-600x600.jpg\" alt=\"Diana Sanford\" class=\"secretario-foto\"><\/div><div class=\"secretario-informacoes\"><div class=\"secretario-orgao\">Diretora de Planejamento e Finan\u00e7as<\/div><h3 class=\"secretario-nome\">Diana Sanford<\/h3><div class=\"secretario-redes-sociais\"><\/div><\/div><div class=\"secretario-top-informacoes-mobile\"><div class=\"secretario-perfil\"><img decoding=\"async\" src=\"https:\/\/www.ce.gov.br\/sop\/wp-content\/uploads\/sites\/76\/2019\/07\/DSC07119-600x600.jpg\" alt=\"Diana Sanford\" class=\"secretario-foto\"><\/div><div class=\"secretario-nome-orgao-mobile\"><div class=\"secretario-orgao\">Diretora de Planejamento e Fin&#8230;<\/div><h3 class=\"secretario-nome\">Diana Sanford<\/h3><\/div><\/div><div class=\"secretario-contato-redes-mobile\"><div class=\"secretario-redes-sociais\"><\/div><\/div><\/div><\/div><\/div><\/div><\/div>","protected":false},"excerpt":{"rendered":"","protected":false},"author":38,"featured_media":0,"parent":0,"menu_order":10,"comment_status":"closed","ping_status":"closed","template":"page-secretarios.php","meta":{"_acf_changed":false,"inline_featured_image":false,"footnotes":""},"class_list":["post-71","page","type-page","status-publish","hentry"],"acf":[],"yoast_head":"<!-- This site is optimized with the Yoast SEO plugin v27.3 - https:\/\/yoast.com\/product\/yoast-seo-wordpress\/ -->\n<title>Quem \u00e9 quem - SOP<\/title>\n<meta name=\"robots\" content=\"index, follow, max-snippet:-1, max-image-preview:large, max-video-preview:-1\" \/>\n<link rel=\"canonical\" href=\"https:\/\/www.ce.gov.br\/sop\/quem-e-quem\/\" \/>\n<meta property=\"og:locale\" content=\"pt_BR\" \/>\n<meta property=\"og:type\" content=\"article\" \/>\n<meta property=\"og:title\" content=\"Quem \u00e9 quem - SOP\" \/>\n<meta property=\"og:url\" content=\"https:\/\/www.ce.gov.br\/sop\/quem-e-quem\/\" \/>\n<meta property=\"og:site_name\" content=\"SOP\" \/>\n<meta property=\"article:modified_time\" content=\"2026-04-15T13:32:06+00:00\" \/>\n<meta name=\"twitter:card\" content=\"summary_large_image\" \/>\n<script type=\"application\/ld+json\" class=\"yoast-schema-graph\">{\"@context\":\"https:\\\/\\\/schema.org\",\"@graph\":[{\"@type\":\"WebPage\",\"@id\":\"https:\\\/\\\/www.ce.gov.br\\\/sop\\\/quem-e-quem\\\/\",\"url\":\"https:\\\/\\\/www.ce.gov.br\\\/sop\\\/quem-e-quem\\\/\",\"name\":\"Quem \u00e9 quem - SOP\",\"isPartOf\":{\"@id\":\"https:\\\/\\\/www.ce.gov.br\\\/sop\\\/#website\"},\"datePublished\":\"2017-11-21T13:11:14+00:00\",\"dateModified\":\"2026-04-15T13:32:06+00:00\",\"breadcrumb\":{\"@id\":\"https:\\\/\\\/www.ce.gov.br\\\/sop\\\/quem-e-quem\\\/#breadcrumb\"},\"inLanguage\":\"pt-BR\",\"potentialAction\":[{\"@type\":\"ReadAction\",\"target\":[\"https:\\\/\\\/www.ce.gov.br\\\/sop\\\/quem-e-quem\\\/\"]}]},{\"@type\":\"BreadcrumbList\",\"@id\":\"https:\\\/\\\/www.ce.gov.br\\\/sop\\\/quem-e-quem\\\/#breadcrumb\",\"itemListElement\":[{\"@type\":\"ListItem\",\"position\":1,\"name\":\"In\u00edcio\",\"item\":\"https:\\\/\\\/www.ce.gov.br\\\/sop\\\/\"},{\"@type\":\"ListItem\",\"position\":2,\"name\":\"Quem \u00e9 quem\"}]},{\"@type\":\"WebSite\",\"@id\":\"https:\\\/\\\/www.ce.gov.br\\\/sop\\\/#website\",\"url\":\"https:\\\/\\\/www.ce.gov.br\\\/sop\\\/\",\"name\":\"Departamento Estadual de Rodovias\",\"description\":\"Portal SOP\",\"potentialAction\":[{\"@type\":\"SearchAction\",\"target\":{\"@type\":\"EntryPoint\",\"urlTemplate\":\"https:\\\/\\\/www.ce.gov.br\\\/sop\\\/?s={search_term_string}\"},\"query-input\":{\"@type\":\"PropertyValueSpecification\",\"valueRequired\":true,\"valueName\":\"search_term_string\"}}],\"inLanguage\":\"pt-BR\"}]}<\/script>\n<!-- \/ Yoast SEO plugin. -->","yoast_head_json":{"title":"Quem \u00e9 quem - SOP","robots":{"index":"index","follow":"follow","max-snippet":"max-snippet:-1","max-image-preview":"max-image-preview:large","max-video-preview":"max-video-preview:-1"},"canonical":"https:\/\/www.ce.gov.br\/sop\/quem-e-quem\/","og_locale":"pt_BR","og_type":"article","og_title":"Quem \u00e9 quem - SOP","og_url":"https:\/\/www.ce.gov.br\/sop\/quem-e-quem\/","og_site_name":"SOP","article_modified_time":"2026-04-15T13:32:06+00:00","twitter_card":"summary_large_image","schema":{"@context":"https:\/\/schema.org","@graph":[{"@type":"WebPage","@id":"https:\/\/www.ce.gov.br\/sop\/quem-e-quem\/","url":"https:\/\/www.ce.gov.br\/sop\/quem-e-quem\/","name":"Quem \u00e9 quem - SOP","isPartOf":{"@id":"https:\/\/www.ce.gov.br\/sop\/#website"},"datePublished":"2017-11-21T13:11:14+00:00","dateModified":"2026-04-15T13:32:06+00:00","breadcrumb":{"@id":"https:\/\/www.ce.gov.br\/sop\/quem-e-quem\/#breadcrumb"},"inLanguage":"pt-BR","potentialAction":[{"@type":"ReadAction","target":["https:\/\/www.ce.gov.br\/sop\/quem-e-quem\/"]}]},{"@type":"BreadcrumbList","@id":"https:\/\/www.ce.gov.br\/sop\/quem-e-quem\/#breadcrumb","itemListElement":[{"@type":"ListItem","position":1,"name":"In\u00edcio","item":"https:\/\/www.ce.gov.br\/sop\/"},{"@type":"ListItem","position":2,"name":"Quem \u00e9 quem"}]},{"@type":"WebSite","@id":"https:\/\/www.ce.gov.br\/sop\/#website","url":"https:\/\/www.ce.gov.br\/sop\/","name":"Departamento Estadual de Rodovias","description":"Portal SOP","potentialAction":[{"@type":"SearchAction","target":{"@type":"EntryPoint","urlTemplate":"https:\/\/www.ce.gov.br\/sop\/?s={search_term_string}"},"query-input":{"@type":"PropertyValueSpecification","valueRequired":true,"valueName":"search_term_string"}}],"inLanguage":"pt-BR"}]}},"_links":{"self":[{"href":"https:\/\/www.ce.gov.br\/sop\/wp-json\/wp\/v2\/pages\/71","targetHints":{"allow":["GET"]}}],"collection":[{"href":"https:\/\/www.ce.gov.br\/sop\/wp-json\/wp\/v2\/pages"}],"about":[{"href":"https:\/\/www.ce.gov.br\/sop\/wp-json\/wp\/v2\/types\/page"}],"author":[{"embeddable":true,"href":"https:\/\/www.ce.gov.br\/sop\/wp-json\/wp\/v2\/users\/38"}],"replies":[{"embeddable":true,"href":"https:\/\/www.ce.gov.br\/sop\/wp-json\/wp\/v2\/comments?post=71"}],"version-history":[{"count":35,"href":"https:\/\/www.ce.gov.br\/sop\/wp-json\/wp\/v2\/pages\/71\/revisions"}],"predecessor-version":[{"id":79037,"href":"https:\/\/www.ce.gov.br\/sop\/wp-json\/wp\/v2\/pages\/71\/revisions\/79037"}],"wp:attachment":[{"href":"https:\/\/www.ce.gov.br\/sop\/wp-json\/wp\/v2\/media?parent=71"}],"curies":[{"name":"wp","href":"https:\/\/api.w.org\/{rel}","templated":true}]}}