{"id":72622,"date":"2021-05-25T14:49:21","date_gmt":"2021-05-25T17:49:21","guid":{"rendered":"http:\/\/www.ce.gov.br\/sop\/?page_id=72622"},"modified":"2026-01-19T13:15:57","modified_gmt":"2026-01-19T16:15:57","slug":"d-o-02-distrito-operacional-de-aracoiaba","status":"publish","type":"page","link":"https:\/\/www.ce.gov.br\/sop\/distritos-operacionais\/d-o-02-distrito-operacional-de-aracoiaba\/","title":{"rendered":"D.O. 02 &#8211; Distrito Operacional de Aracoiaba"},"content":{"rendered":"<div style=\"width: 720px;\" class=\"wp-video\"><video class=\"wp-video-shortcode\" id=\"video-72622-1\" width=\"720\" height=\"480\" preload=\"metadata\" controls=\"controls\"><source type=\"video\/mp4\" src=\"https:\/\/www.ce.gov.br\/sop\/wp-content\/uploads\/sites\/76\/2019\/07\/Do-2-Aracoiaba-Ce-253-Pacoti-Reden\u00e7\u00e3o-4.m4v?_=1\" \/><a href=\"https:\/\/www.ce.gov.br\/sop\/wp-content\/uploads\/sites\/76\/2019\/07\/Do-2-Aracoiaba-Ce-253-Pacoti-Reden\u00e7\u00e3o-4.m4v\">https:\/\/www.ce.gov.br\/sop\/wp-content\/uploads\/sites\/76\/2019\/07\/Do-2-Aracoiaba-Ce-253-Pacoti-Reden\u00e7\u00e3o-4.m4v<\/a><\/video><\/div>\n<h4 class=\"-SmallTitle\">Rodovia CE-253 | Trecho Pacoti &#8211; Reden\u00e7\u00e3o | 23\/10\/2018<\/h4>\n<p>&nbsp;<\/p>\n<p><span style=\"color: #008442\">Gerente: Alessandra Hon\u00f3rio<\/span><br \/>\n<span style=\"color: #008442\">Email:<\/span> aracoiab@sop.ce.gov.br<br \/>\n<span style=\"color: #008442\">Fone:<\/span> (085) 3337-5693 | (085) 3337-5695<br \/>\n<span style=\"color: #008442\">Endere\u00e7o:<\/span> CE-060 km 76, S\/N \u2013 ZONA RURAL, ARACOIABA<br \/>\n<span style=\"color: #008442\">Munic\u00edpios atendidos:<\/span> ACARAPE, ARACOIABA, ARATUBA, BARREIRA, BATURIT\u00c9, CAPISTRANO, CARIDADE, CHOR\u00d3, CHOROZINHO, GUARAMIRANGA, HORIZONTE, IBARETAMA, IBICUITINGA, ITAPI\u00daNA, MULUNGU, OCARA, PACAJUS, PACOTI,PALM\u00c1CIA, QUIXAD\u00c1, REDEN\u00c7\u00c3O<\/p>\n","protected":false},"excerpt":{"rendered":"<p>Rodovia CE-253 | Trecho Pacoti &#8211; Reden\u00e7\u00e3o | 23\/10\/2018 &nbsp; Gerente: Alessandra Hon\u00f3rio Email: aracoiab@sop.ce.gov.br Fone: (085) 3337-5693 | (085) 3337-5695 Endere\u00e7o: CE-060 km 76, S\/N \u2013 ZONA RURAL, ARACOIABA Munic\u00edpios atendidos: ACARAPE, ARACOIABA, ARATUBA, BARREIRA, BATURIT\u00c9, CAPISTRANO, CARIDADE, CHOR\u00d3, CHOROZINHO, GUARAMIRANGA, HORIZONTE, IBARETAMA, IBICUITINGA, ITAPI\u00daNA, MULUNGU, OCARA, PACAJUS, PACOTI,PALM\u00c1CIA, QUIXAD\u00c1, REDEN\u00c7\u00c3O<\/p>\n","protected":false},"author":12,"featured_media":0,"parent":69713,"menu_order":0,"comment_status":"closed","ping_status":"closed","template":"","meta":{"_acf_changed":false,"inline_featured_image":false,"footnotes":""},"class_list":["post-72622","page","type-page","status-publish","hentry"],"acf":[],"yoast_head":"<!-- This site is optimized with the Yoast SEO plugin v27.3 - https:\/\/yoast.com\/product\/yoast-seo-wordpress\/ -->\n<title>D.O. 02 - Distrito Operacional de Aracoiaba - SOP<\/title>\n<meta name=\"robots\" content=\"index, follow, max-snippet:-1, max-image-preview:large, max-video-preview:-1\" \/>\n<link rel=\"canonical\" href=\"https:\/\/www.ce.gov.br\/sop\/distritos-operacionais\/d-o-02-distrito-operacional-de-aracoiaba\/\" \/>\n<meta property=\"og:locale\" content=\"pt_BR\" \/>\n<meta property=\"og:type\" content=\"article\" \/>\n<meta property=\"og:title\" content=\"D.O. 02 - Distrito Operacional de Aracoiaba - SOP\" \/>\n<meta property=\"og:description\" content=\"Rodovia CE-253 | Trecho Pacoti &#8211; Reden\u00e7\u00e3o | 23\/10\/2018 &nbsp; Gerente: Alessandra Hon\u00f3rio Email: aracoiab@sop.ce.gov.br Fone: (085) 3337-5693 | (085) 3337-5695 Endere\u00e7o: CE-060 km 76, S\/N \u2013 ZONA RURAL, ARACOIABA Munic\u00edpios atendidos: ACARAPE, ARACOIABA, ARATUBA, BARREIRA, BATURIT\u00c9, CAPISTRANO, CARIDADE, CHOR\u00d3, CHOROZINHO, GUARAMIRANGA, HORIZONTE, IBARETAMA, IBICUITINGA, ITAPI\u00daNA, MULUNGU, OCARA, PACAJUS, PACOTI,PALM\u00c1CIA, QUIXAD\u00c1, REDEN\u00c7\u00c3O\" \/>\n<meta property=\"og:url\" content=\"https:\/\/www.ce.gov.br\/sop\/distritos-operacionais\/d-o-02-distrito-operacional-de-aracoiaba\/\" \/>\n<meta property=\"og:site_name\" content=\"SOP\" \/>\n<meta property=\"article:modified_time\" content=\"2026-01-19T16:15:57+00:00\" \/>\n<meta name=\"twitter:card\" content=\"summary_large_image\" \/>\n<meta name=\"twitter:label1\" content=\"Est. reading time\" \/>\n\t<meta name=\"twitter:data1\" content=\"1 minuto\" \/>\n<script type=\"application\/ld+json\" class=\"yoast-schema-graph\">{\"@context\":\"https:\\\/\\\/schema.org\",\"@graph\":[{\"@type\":\"WebPage\",\"@id\":\"https:\\\/\\\/www.ce.gov.br\\\/sop\\\/distritos-operacionais\\\/d-o-02-distrito-operacional-de-aracoiaba\\\/\",\"url\":\"https:\\\/\\\/www.ce.gov.br\\\/sop\\\/distritos-operacionais\\\/d-o-02-distrito-operacional-de-aracoiaba\\\/\",\"name\":\"D.O. 02 - Distrito Operacional de Aracoiaba - SOP\",\"isPartOf\":{\"@id\":\"https:\\\/\\\/www.ce.gov.br\\\/sop\\\/#website\"},\"datePublished\":\"2021-05-25T17:49:21+00:00\",\"dateModified\":\"2026-01-19T16:15:57+00:00\",\"breadcrumb\":{\"@id\":\"https:\\\/\\\/www.ce.gov.br\\\/sop\\\/distritos-operacionais\\\/d-o-02-distrito-operacional-de-aracoiaba\\\/#breadcrumb\"},\"inLanguage\":\"pt-BR\",\"potentialAction\":[{\"@type\":\"ReadAction\",\"target\":[\"https:\\\/\\\/www.ce.gov.br\\\/sop\\\/distritos-operacionais\\\/d-o-02-distrito-operacional-de-aracoiaba\\\/\"]}]},{\"@type\":\"BreadcrumbList\",\"@id\":\"https:\\\/\\\/www.ce.gov.br\\\/sop\\\/distritos-operacionais\\\/d-o-02-distrito-operacional-de-aracoiaba\\\/#breadcrumb\",\"itemListElement\":[{\"@type\":\"ListItem\",\"position\":1,\"name\":\"In\u00edcio\",\"item\":\"https:\\\/\\\/www.ce.gov.br\\\/sop\\\/\"},{\"@type\":\"ListItem\",\"position\":2,\"name\":\"Distritos Operacionais\",\"item\":\"https:\\\/\\\/www.ce.gov.br\\\/sop\\\/distritos-operacionais\\\/\"},{\"@type\":\"ListItem\",\"position\":3,\"name\":\"D.O. 02 &#8211; Distrito Operacional de Aracoiaba\"}]},{\"@type\":\"WebSite\",\"@id\":\"https:\\\/\\\/www.ce.gov.br\\\/sop\\\/#website\",\"url\":\"https:\\\/\\\/www.ce.gov.br\\\/sop\\\/\",\"name\":\"Departamento Estadual de Rodovias\",\"description\":\"Portal SOP\",\"potentialAction\":[{\"@type\":\"SearchAction\",\"target\":{\"@type\":\"EntryPoint\",\"urlTemplate\":\"https:\\\/\\\/www.ce.gov.br\\\/sop\\\/?s={search_term_string}\"},\"query-input\":{\"@type\":\"PropertyValueSpecification\",\"valueRequired\":true,\"valueName\":\"search_term_string\"}}],\"inLanguage\":\"pt-BR\"}]}<\/script>\n<!-- \/ Yoast SEO plugin. -->","yoast_head_json":{"title":"D.O. 02 - Distrito Operacional de Aracoiaba - SOP","robots":{"index":"index","follow":"follow","max-snippet":"max-snippet:-1","max-image-preview":"max-image-preview:large","max-video-preview":"max-video-preview:-1"},"canonical":"https:\/\/www.ce.gov.br\/sop\/distritos-operacionais\/d-o-02-distrito-operacional-de-aracoiaba\/","og_locale":"pt_BR","og_type":"article","og_title":"D.O. 02 - Distrito Operacional de Aracoiaba - SOP","og_description":"Rodovia CE-253 | Trecho Pacoti &#8211; Reden\u00e7\u00e3o | 23\/10\/2018 &nbsp; Gerente: Alessandra Hon\u00f3rio Email: aracoiab@sop.ce.gov.br Fone: (085) 3337-5693 | (085) 3337-5695 Endere\u00e7o: CE-060 km 76, S\/N \u2013 ZONA RURAL, ARACOIABA Munic\u00edpios atendidos: ACARAPE, ARACOIABA, ARATUBA, BARREIRA, BATURIT\u00c9, CAPISTRANO, CARIDADE, CHOR\u00d3, CHOROZINHO, GUARAMIRANGA, HORIZONTE, IBARETAMA, IBICUITINGA, ITAPI\u00daNA, MULUNGU, OCARA, PACAJUS, PACOTI,PALM\u00c1CIA, QUIXAD\u00c1, REDEN\u00c7\u00c3O","og_url":"https:\/\/www.ce.gov.br\/sop\/distritos-operacionais\/d-o-02-distrito-operacional-de-aracoiaba\/","og_site_name":"SOP","article_modified_time":"2026-01-19T16:15:57+00:00","twitter_card":"summary_large_image","twitter_misc":{"Est. reading time":"1 minuto"},"schema":{"@context":"https:\/\/schema.org","@graph":[{"@type":"WebPage","@id":"https:\/\/www.ce.gov.br\/sop\/distritos-operacionais\/d-o-02-distrito-operacional-de-aracoiaba\/","url":"https:\/\/www.ce.gov.br\/sop\/distritos-operacionais\/d-o-02-distrito-operacional-de-aracoiaba\/","name":"D.O. 02 - Distrito Operacional de Aracoiaba - SOP","isPartOf":{"@id":"https:\/\/www.ce.gov.br\/sop\/#website"},"datePublished":"2021-05-25T17:49:21+00:00","dateModified":"2026-01-19T16:15:57+00:00","breadcrumb":{"@id":"https:\/\/www.ce.gov.br\/sop\/distritos-operacionais\/d-o-02-distrito-operacional-de-aracoiaba\/#breadcrumb"},"inLanguage":"pt-BR","potentialAction":[{"@type":"ReadAction","target":["https:\/\/www.ce.gov.br\/sop\/distritos-operacionais\/d-o-02-distrito-operacional-de-aracoiaba\/"]}]},{"@type":"BreadcrumbList","@id":"https:\/\/www.ce.gov.br\/sop\/distritos-operacionais\/d-o-02-distrito-operacional-de-aracoiaba\/#breadcrumb","itemListElement":[{"@type":"ListItem","position":1,"name":"In\u00edcio","item":"https:\/\/www.ce.gov.br\/sop\/"},{"@type":"ListItem","position":2,"name":"Distritos Operacionais","item":"https:\/\/www.ce.gov.br\/sop\/distritos-operacionais\/"},{"@type":"ListItem","position":3,"name":"D.O. 02 &#8211; Distrito Operacional de Aracoiaba"}]},{"@type":"WebSite","@id":"https:\/\/www.ce.gov.br\/sop\/#website","url":"https:\/\/www.ce.gov.br\/sop\/","name":"Departamento Estadual de Rodovias","description":"Portal SOP","potentialAction":[{"@type":"SearchAction","target":{"@type":"EntryPoint","urlTemplate":"https:\/\/www.ce.gov.br\/sop\/?s={search_term_string}"},"query-input":{"@type":"PropertyValueSpecification","valueRequired":true,"valueName":"search_term_string"}}],"inLanguage":"pt-BR"}]}},"_links":{"self":[{"href":"https:\/\/www.ce.gov.br\/sop\/wp-json\/wp\/v2\/pages\/72622","targetHints":{"allow":["GET"]}}],"collection":[{"href":"https:\/\/www.ce.gov.br\/sop\/wp-json\/wp\/v2\/pages"}],"about":[{"href":"https:\/\/www.ce.gov.br\/sop\/wp-json\/wp\/v2\/types\/page"}],"author":[{"embeddable":true,"href":"https:\/\/www.ce.gov.br\/sop\/wp-json\/wp\/v2\/users\/12"}],"replies":[{"embeddable":true,"href":"https:\/\/www.ce.gov.br\/sop\/wp-json\/wp\/v2\/comments?post=72622"}],"version-history":[{"count":6,"href":"https:\/\/www.ce.gov.br\/sop\/wp-json\/wp\/v2\/pages\/72622\/revisions"}],"predecessor-version":[{"id":78594,"href":"https:\/\/www.ce.gov.br\/sop\/wp-json\/wp\/v2\/pages\/72622\/revisions\/78594"}],"up":[{"embeddable":true,"href":"https:\/\/www.ce.gov.br\/sop\/wp-json\/wp\/v2\/pages\/69713"}],"wp:attachment":[{"href":"https:\/\/www.ce.gov.br\/sop\/wp-json\/wp\/v2\/media?parent=72622"}],"curies":[{"name":"wp","href":"https:\/\/api.w.org\/{rel}","templated":true}]}}