{"id":72624,"date":"2021-05-25T14:50:53","date_gmt":"2021-05-25T17:50:53","guid":{"rendered":"http:\/\/www.ce.gov.br\/sop\/?page_id=72624"},"modified":"2023-05-08T15:40:46","modified_gmt":"2023-05-08T18:40:46","slug":"d-o-03-distrito-operacional-de-itapipoca","status":"publish","type":"page","link":"https:\/\/www.ce.gov.br\/sop\/distritos-operacionais\/d-o-03-distrito-operacional-de-itapipoca\/","title":{"rendered":"D.O. 03 &#8211; Distrito Operacional de Itapipoca"},"content":{"rendered":"<div style=\"width: 720px;\" class=\"wp-video\"><video class=\"wp-video-shortcode\" id=\"video-72624-1\" width=\"720\" height=\"480\" preload=\"metadata\" controls=\"controls\"><source type=\"video\/mp4\" src=\"https:\/\/www.ce.gov.br\/sop\/wp-content\/uploads\/sites\/76\/2019\/07\/Do-3-Itapipoca-Ce-176-Icaraizinho-De-Amontada-Moitas-5.m4v?_=1\" \/><a href=\"https:\/\/www.ce.gov.br\/sop\/wp-content\/uploads\/sites\/76\/2019\/07\/Do-3-Itapipoca-Ce-176-Icaraizinho-De-Amontada-Moitas-5.m4v\">https:\/\/www.ce.gov.br\/sop\/wp-content\/uploads\/sites\/76\/2019\/07\/Do-3-Itapipoca-Ce-176-Icaraizinho-De-Amontada-Moitas-5.m4v<\/a><\/video><\/div>\n<h4 class=\"-SmallTitle\">Rodovia CE-176 | Trecho Icaraizinho de Amontada &#8211; Moitas | 23\/08\/2018<\/h4>\n<p>&nbsp;<\/p>\n<p><span style=\"color: #008442\">Gerente:<\/span> Roberto Colares de Holanda J\u00fanior<br \/>\n<span style=\"color: #008442\">Email:<\/span> itapipoca@sop.ce.gov.br<br \/>\n<span style=\"color: #008442\">Fone:<\/span> (088) 3673-7041 | (088) 3673-7053<br \/>\n<span style=\"color: #008442\">Endere\u00e7o:<\/span> CE-354 km 03, AV. ANAST\u00c1CIO BRAGA, 3598 \u2013 CACIMBAS, ITAPIPOCA<br \/>\n<span style=\"color: #008442\">Munic\u00edpios Atendidos:<\/span> ACARA\u00da, AMONTADA, APUIAR\u00c9S, BELA CRUZ, CRUZ, GENERAL SAMPAIO, IRAU\u00c7UBA, ITAPAG\u00c9, ITAPIPOCA, ITAREMA, MARCO, MIRA\u00cdMA, MORRINHOS, PARACURU, PARAIPABA, PENTECOSTE, S\u00c3O LU\u00cdS DO CURU, TEJU\u00c7UOCA, TRAIRI, TURURU, UMIRIM, URUBURETAMA.<\/p>\n","protected":false},"excerpt":{"rendered":"<p>Rodovia CE-176 | Trecho Icaraizinho de Amontada &#8211; Moitas | 23\/08\/2018 &nbsp; Gerente: Roberto Colares de Holanda J\u00fanior Email: itapipoca@sop.ce.gov.br Fone: (088) 3673-7041 | (088) 3673-7053 Endere\u00e7o: CE-354 km 03, AV. ANAST\u00c1CIO BRAGA, 3598 \u2013 CACIMBAS, ITAPIPOCA Munic\u00edpios Atendidos: ACARA\u00da, AMONTADA, APUIAR\u00c9S, BELA CRUZ, CRUZ, GENERAL SAMPAIO, IRAU\u00c7UBA, ITAPAG\u00c9, ITAPIPOCA, ITAREMA, MARCO, MIRA\u00cdMA, MORRINHOS, PARACURU, [&hellip;]<\/p>\n","protected":false},"author":12,"featured_media":0,"parent":69713,"menu_order":0,"comment_status":"closed","ping_status":"closed","template":"","meta":{"_acf_changed":false,"inline_featured_image":false,"footnotes":""},"class_list":["post-72624","page","type-page","status-publish","hentry"],"acf":[],"yoast_head":"<!-- This site is optimized with the Yoast SEO plugin v27.3 - https:\/\/yoast.com\/product\/yoast-seo-wordpress\/ -->\n<title>D.O. 03 - Distrito Operacional de Itapipoca - SOP<\/title>\n<meta name=\"robots\" content=\"index, follow, max-snippet:-1, max-image-preview:large, max-video-preview:-1\" \/>\n<link rel=\"canonical\" href=\"https:\/\/www.ce.gov.br\/sop\/distritos-operacionais\/d-o-03-distrito-operacional-de-itapipoca\/\" \/>\n<meta property=\"og:locale\" content=\"pt_BR\" \/>\n<meta property=\"og:type\" content=\"article\" \/>\n<meta property=\"og:title\" content=\"D.O. 03 - Distrito Operacional de Itapipoca - SOP\" \/>\n<meta property=\"og:description\" content=\"Rodovia CE-176 | Trecho Icaraizinho de Amontada &#8211; Moitas | 23\/08\/2018 &nbsp; Gerente: Roberto Colares de Holanda J\u00fanior Email: itapipoca@sop.ce.gov.br Fone: (088) 3673-7041 | (088) 3673-7053 Endere\u00e7o: CE-354 km 03, AV. ANAST\u00c1CIO BRAGA, 3598 \u2013 CACIMBAS, ITAPIPOCA Munic\u00edpios Atendidos: ACARA\u00da, AMONTADA, APUIAR\u00c9S, BELA CRUZ, CRUZ, GENERAL SAMPAIO, IRAU\u00c7UBA, ITAPAG\u00c9, ITAPIPOCA, ITAREMA, MARCO, MIRA\u00cdMA, MORRINHOS, PARACURU, [&hellip;]\" \/>\n<meta property=\"og:url\" content=\"https:\/\/www.ce.gov.br\/sop\/distritos-operacionais\/d-o-03-distrito-operacional-de-itapipoca\/\" \/>\n<meta property=\"og:site_name\" content=\"SOP\" \/>\n<meta property=\"article:modified_time\" content=\"2023-05-08T18:40:46+00:00\" \/>\n<meta name=\"twitter:card\" content=\"summary_large_image\" \/>\n<script type=\"application\/ld+json\" class=\"yoast-schema-graph\">{\"@context\":\"https:\\\/\\\/schema.org\",\"@graph\":[{\"@type\":\"WebPage\",\"@id\":\"https:\\\/\\\/www.ce.gov.br\\\/sop\\\/distritos-operacionais\\\/d-o-03-distrito-operacional-de-itapipoca\\\/\",\"url\":\"https:\\\/\\\/www.ce.gov.br\\\/sop\\\/distritos-operacionais\\\/d-o-03-distrito-operacional-de-itapipoca\\\/\",\"name\":\"D.O. 03 - Distrito Operacional de Itapipoca - SOP\",\"isPartOf\":{\"@id\":\"https:\\\/\\\/www.ce.gov.br\\\/sop\\\/#website\"},\"datePublished\":\"2021-05-25T17:50:53+00:00\",\"dateModified\":\"2023-05-08T18:40:46+00:00\",\"breadcrumb\":{\"@id\":\"https:\\\/\\\/www.ce.gov.br\\\/sop\\\/distritos-operacionais\\\/d-o-03-distrito-operacional-de-itapipoca\\\/#breadcrumb\"},\"inLanguage\":\"pt-BR\",\"potentialAction\":[{\"@type\":\"ReadAction\",\"target\":[\"https:\\\/\\\/www.ce.gov.br\\\/sop\\\/distritos-operacionais\\\/d-o-03-distrito-operacional-de-itapipoca\\\/\"]}]},{\"@type\":\"BreadcrumbList\",\"@id\":\"https:\\\/\\\/www.ce.gov.br\\\/sop\\\/distritos-operacionais\\\/d-o-03-distrito-operacional-de-itapipoca\\\/#breadcrumb\",\"itemListElement\":[{\"@type\":\"ListItem\",\"position\":1,\"name\":\"In\u00edcio\",\"item\":\"https:\\\/\\\/www.ce.gov.br\\\/sop\\\/\"},{\"@type\":\"ListItem\",\"position\":2,\"name\":\"Distritos Operacionais\",\"item\":\"https:\\\/\\\/www.ce.gov.br\\\/sop\\\/distritos-operacionais\\\/\"},{\"@type\":\"ListItem\",\"position\":3,\"name\":\"D.O. 03 &#8211; Distrito Operacional de Itapipoca\"}]},{\"@type\":\"WebSite\",\"@id\":\"https:\\\/\\\/www.ce.gov.br\\\/sop\\\/#website\",\"url\":\"https:\\\/\\\/www.ce.gov.br\\\/sop\\\/\",\"name\":\"Departamento Estadual de Rodovias\",\"description\":\"Portal SOP\",\"potentialAction\":[{\"@type\":\"SearchAction\",\"target\":{\"@type\":\"EntryPoint\",\"urlTemplate\":\"https:\\\/\\\/www.ce.gov.br\\\/sop\\\/?s={search_term_string}\"},\"query-input\":{\"@type\":\"PropertyValueSpecification\",\"valueRequired\":true,\"valueName\":\"search_term_string\"}}],\"inLanguage\":\"pt-BR\"}]}<\/script>\n<!-- \/ Yoast SEO plugin. -->","yoast_head_json":{"title":"D.O. 03 - Distrito Operacional de Itapipoca - SOP","robots":{"index":"index","follow":"follow","max-snippet":"max-snippet:-1","max-image-preview":"max-image-preview:large","max-video-preview":"max-video-preview:-1"},"canonical":"https:\/\/www.ce.gov.br\/sop\/distritos-operacionais\/d-o-03-distrito-operacional-de-itapipoca\/","og_locale":"pt_BR","og_type":"article","og_title":"D.O. 03 - Distrito Operacional de Itapipoca - SOP","og_description":"Rodovia CE-176 | Trecho Icaraizinho de Amontada &#8211; Moitas | 23\/08\/2018 &nbsp; Gerente: Roberto Colares de Holanda J\u00fanior Email: itapipoca@sop.ce.gov.br Fone: (088) 3673-7041 | (088) 3673-7053 Endere\u00e7o: CE-354 km 03, AV. ANAST\u00c1CIO BRAGA, 3598 \u2013 CACIMBAS, ITAPIPOCA Munic\u00edpios Atendidos: ACARA\u00da, AMONTADA, APUIAR\u00c9S, BELA CRUZ, CRUZ, GENERAL SAMPAIO, IRAU\u00c7UBA, ITAPAG\u00c9, ITAPIPOCA, ITAREMA, MARCO, MIRA\u00cdMA, MORRINHOS, PARACURU, [&hellip;]","og_url":"https:\/\/www.ce.gov.br\/sop\/distritos-operacionais\/d-o-03-distrito-operacional-de-itapipoca\/","og_site_name":"SOP","article_modified_time":"2023-05-08T18:40:46+00:00","twitter_card":"summary_large_image","schema":{"@context":"https:\/\/schema.org","@graph":[{"@type":"WebPage","@id":"https:\/\/www.ce.gov.br\/sop\/distritos-operacionais\/d-o-03-distrito-operacional-de-itapipoca\/","url":"https:\/\/www.ce.gov.br\/sop\/distritos-operacionais\/d-o-03-distrito-operacional-de-itapipoca\/","name":"D.O. 03 - Distrito Operacional de Itapipoca - SOP","isPartOf":{"@id":"https:\/\/www.ce.gov.br\/sop\/#website"},"datePublished":"2021-05-25T17:50:53+00:00","dateModified":"2023-05-08T18:40:46+00:00","breadcrumb":{"@id":"https:\/\/www.ce.gov.br\/sop\/distritos-operacionais\/d-o-03-distrito-operacional-de-itapipoca\/#breadcrumb"},"inLanguage":"pt-BR","potentialAction":[{"@type":"ReadAction","target":["https:\/\/www.ce.gov.br\/sop\/distritos-operacionais\/d-o-03-distrito-operacional-de-itapipoca\/"]}]},{"@type":"BreadcrumbList","@id":"https:\/\/www.ce.gov.br\/sop\/distritos-operacionais\/d-o-03-distrito-operacional-de-itapipoca\/#breadcrumb","itemListElement":[{"@type":"ListItem","position":1,"name":"In\u00edcio","item":"https:\/\/www.ce.gov.br\/sop\/"},{"@type":"ListItem","position":2,"name":"Distritos Operacionais","item":"https:\/\/www.ce.gov.br\/sop\/distritos-operacionais\/"},{"@type":"ListItem","position":3,"name":"D.O. 03 &#8211; Distrito Operacional de Itapipoca"}]},{"@type":"WebSite","@id":"https:\/\/www.ce.gov.br\/sop\/#website","url":"https:\/\/www.ce.gov.br\/sop\/","name":"Departamento Estadual de Rodovias","description":"Portal SOP","potentialAction":[{"@type":"SearchAction","target":{"@type":"EntryPoint","urlTemplate":"https:\/\/www.ce.gov.br\/sop\/?s={search_term_string}"},"query-input":{"@type":"PropertyValueSpecification","valueRequired":true,"valueName":"search_term_string"}}],"inLanguage":"pt-BR"}]}},"_links":{"self":[{"href":"https:\/\/www.ce.gov.br\/sop\/wp-json\/wp\/v2\/pages\/72624","targetHints":{"allow":["GET"]}}],"collection":[{"href":"https:\/\/www.ce.gov.br\/sop\/wp-json\/wp\/v2\/pages"}],"about":[{"href":"https:\/\/www.ce.gov.br\/sop\/wp-json\/wp\/v2\/types\/page"}],"author":[{"embeddable":true,"href":"https:\/\/www.ce.gov.br\/sop\/wp-json\/wp\/v2\/users\/12"}],"replies":[{"embeddable":true,"href":"https:\/\/www.ce.gov.br\/sop\/wp-json\/wp\/v2\/comments?post=72624"}],"version-history":[{"count":2,"href":"https:\/\/www.ce.gov.br\/sop\/wp-json\/wp\/v2\/pages\/72624\/revisions"}],"predecessor-version":[{"id":75175,"href":"https:\/\/www.ce.gov.br\/sop\/wp-json\/wp\/v2\/pages\/72624\/revisions\/75175"}],"up":[{"embeddable":true,"href":"https:\/\/www.ce.gov.br\/sop\/wp-json\/wp\/v2\/pages\/69713"}],"wp:attachment":[{"href":"https:\/\/www.ce.gov.br\/sop\/wp-json\/wp\/v2\/media?parent=72624"}],"curies":[{"name":"wp","href":"https:\/\/api.w.org\/{rel}","templated":true}]}}