{"id":72634,"date":"2021-05-25T14:56:22","date_gmt":"2021-05-25T17:56:22","guid":{"rendered":"http:\/\/www.ce.gov.br\/sop\/?page_id=72634"},"modified":"2023-05-08T15:42:59","modified_gmt":"2023-05-08T18:42:59","slug":"d-o-08-distrito-operacional-de-crateus","status":"publish","type":"page","link":"https:\/\/www.ce.gov.br\/sop\/distritos-operacionais\/d-o-08-distrito-operacional-de-crateus\/","title":{"rendered":"D.O. 08 &#8211; Distrito Operacional de Crate\u00fas"},"content":{"rendered":"<div style=\"width: 720px;\" class=\"wp-video\"><video class=\"wp-video-shortcode\" id=\"video-72634-1\" width=\"720\" height=\"480\" preload=\"metadata\" controls=\"controls\"><source type=\"video\/mp4\" src=\"https:\/\/www.ce.gov.br\/sop\/wp-content\/uploads\/sites\/76\/2019\/07\/Do-8-Crate\u00fas-Ce-192-Novo-Oriente-Palestina-10.mp4?_=1\" \/><a href=\"https:\/\/www.ce.gov.br\/sop\/wp-content\/uploads\/sites\/76\/2019\/07\/Do-8-Crate\u00fas-Ce-192-Novo-Oriente-Palestina-10.mp4\">https:\/\/www.ce.gov.br\/sop\/wp-content\/uploads\/sites\/76\/2019\/07\/Do-8-Crate\u00fas-Ce-192-Novo-Oriente-Palestina-10.mp4<\/a><\/video><\/div>\n<h4 class=\"-SmallTitle\">Rodovia CE-192 | Trecho Novo Oriente &#8211; Palestina | 04\/10\/2018<\/h4>\n<p>&nbsp;<\/p>\n<p><span style=\"color: #008442\">Gerente:<\/span> Diego Dem\u00e9trio<br \/>\n<span style=\"color: #008442\">Email:<\/span> crateus@sop.ce.gov.br<br \/>\n<span style=\"color: #008442\">Fone:<\/span> (085) 3108-2899<br \/>\n<span style=\"color: #008442\">Endere\u00e7o:<\/span> BR-226 km 03, S\/N \u2013 BAIRRO VEN\u00c2NCIOS, CRATE\u00daS<br \/>\n<span style=\"color: #008442\">Munic\u00edpios Atendidos:<\/span> ARAREND\u00c1, CRATE\u00daS, INDEPEND\u00caNCIA, IPAPORANGA, IPUEIRAS, NOVA RUSSAS, NOVO ORIENTE, PORANGA, TAMBORIL<\/p>\n","protected":false},"excerpt":{"rendered":"<p>Rodovia CE-192 | Trecho Novo Oriente &#8211; Palestina | 04\/10\/2018 &nbsp; Gerente: Diego Dem\u00e9trio Email: crateus@sop.ce.gov.br Fone: (085) 3108-2899 Endere\u00e7o: BR-226 km 03, S\/N \u2013 BAIRRO VEN\u00c2NCIOS, CRATE\u00daS Munic\u00edpios Atendidos: ARAREND\u00c1, CRATE\u00daS, INDEPEND\u00caNCIA, IPAPORANGA, IPUEIRAS, NOVA RUSSAS, NOVO ORIENTE, PORANGA, TAMBORIL<\/p>\n","protected":false},"author":12,"featured_media":0,"parent":69713,"menu_order":0,"comment_status":"closed","ping_status":"closed","template":"","meta":{"_acf_changed":false,"inline_featured_image":false,"footnotes":""},"class_list":["post-72634","page","type-page","status-publish","hentry"],"acf":[],"yoast_head":"<!-- This site is optimized with the Yoast SEO plugin v27.3 - https:\/\/yoast.com\/product\/yoast-seo-wordpress\/ -->\n<title>D.O. 08 - Distrito Operacional de Crate\u00fas - SOP<\/title>\n<meta name=\"robots\" content=\"index, follow, max-snippet:-1, max-image-preview:large, max-video-preview:-1\" \/>\n<link rel=\"canonical\" href=\"https:\/\/www.ce.gov.br\/sop\/distritos-operacionais\/d-o-08-distrito-operacional-de-crateus\/\" \/>\n<meta property=\"og:locale\" content=\"pt_BR\" \/>\n<meta property=\"og:type\" content=\"article\" \/>\n<meta property=\"og:title\" content=\"D.O. 08 - Distrito Operacional de Crate\u00fas - SOP\" \/>\n<meta property=\"og:description\" content=\"Rodovia CE-192 | Trecho Novo Oriente &#8211; Palestina | 04\/10\/2018 &nbsp; Gerente: Diego Dem\u00e9trio Email: crateus@sop.ce.gov.br Fone: (085) 3108-2899 Endere\u00e7o: BR-226 km 03, S\/N \u2013 BAIRRO VEN\u00c2NCIOS, CRATE\u00daS Munic\u00edpios Atendidos: ARAREND\u00c1, CRATE\u00daS, INDEPEND\u00caNCIA, IPAPORANGA, IPUEIRAS, NOVA RUSSAS, NOVO ORIENTE, PORANGA, TAMBORIL\" \/>\n<meta property=\"og:url\" content=\"https:\/\/www.ce.gov.br\/sop\/distritos-operacionais\/d-o-08-distrito-operacional-de-crateus\/\" \/>\n<meta property=\"og:site_name\" content=\"SOP\" \/>\n<meta property=\"article:modified_time\" content=\"2023-05-08T18:42:59+00:00\" \/>\n<meta name=\"twitter:card\" content=\"summary_large_image\" \/>\n<script type=\"application\/ld+json\" class=\"yoast-schema-graph\">{\"@context\":\"https:\\\/\\\/schema.org\",\"@graph\":[{\"@type\":\"WebPage\",\"@id\":\"https:\\\/\\\/www.ce.gov.br\\\/sop\\\/distritos-operacionais\\\/d-o-08-distrito-operacional-de-crateus\\\/\",\"url\":\"https:\\\/\\\/www.ce.gov.br\\\/sop\\\/distritos-operacionais\\\/d-o-08-distrito-operacional-de-crateus\\\/\",\"name\":\"D.O. 08 - Distrito Operacional de Crate\u00fas - SOP\",\"isPartOf\":{\"@id\":\"https:\\\/\\\/www.ce.gov.br\\\/sop\\\/#website\"},\"datePublished\":\"2021-05-25T17:56:22+00:00\",\"dateModified\":\"2023-05-08T18:42:59+00:00\",\"breadcrumb\":{\"@id\":\"https:\\\/\\\/www.ce.gov.br\\\/sop\\\/distritos-operacionais\\\/d-o-08-distrito-operacional-de-crateus\\\/#breadcrumb\"},\"inLanguage\":\"pt-BR\",\"potentialAction\":[{\"@type\":\"ReadAction\",\"target\":[\"https:\\\/\\\/www.ce.gov.br\\\/sop\\\/distritos-operacionais\\\/d-o-08-distrito-operacional-de-crateus\\\/\"]}]},{\"@type\":\"BreadcrumbList\",\"@id\":\"https:\\\/\\\/www.ce.gov.br\\\/sop\\\/distritos-operacionais\\\/d-o-08-distrito-operacional-de-crateus\\\/#breadcrumb\",\"itemListElement\":[{\"@type\":\"ListItem\",\"position\":1,\"name\":\"In\u00edcio\",\"item\":\"https:\\\/\\\/www.ce.gov.br\\\/sop\\\/\"},{\"@type\":\"ListItem\",\"position\":2,\"name\":\"Distritos Operacionais\",\"item\":\"https:\\\/\\\/www.ce.gov.br\\\/sop\\\/distritos-operacionais\\\/\"},{\"@type\":\"ListItem\",\"position\":3,\"name\":\"D.O. 08 &#8211; Distrito Operacional de Crate\u00fas\"}]},{\"@type\":\"WebSite\",\"@id\":\"https:\\\/\\\/www.ce.gov.br\\\/sop\\\/#website\",\"url\":\"https:\\\/\\\/www.ce.gov.br\\\/sop\\\/\",\"name\":\"Departamento Estadual de Rodovias\",\"description\":\"Portal SOP\",\"potentialAction\":[{\"@type\":\"SearchAction\",\"target\":{\"@type\":\"EntryPoint\",\"urlTemplate\":\"https:\\\/\\\/www.ce.gov.br\\\/sop\\\/?s={search_term_string}\"},\"query-input\":{\"@type\":\"PropertyValueSpecification\",\"valueRequired\":true,\"valueName\":\"search_term_string\"}}],\"inLanguage\":\"pt-BR\"}]}<\/script>\n<!-- \/ Yoast SEO plugin. -->","yoast_head_json":{"title":"D.O. 08 - Distrito Operacional de Crate\u00fas - SOP","robots":{"index":"index","follow":"follow","max-snippet":"max-snippet:-1","max-image-preview":"max-image-preview:large","max-video-preview":"max-video-preview:-1"},"canonical":"https:\/\/www.ce.gov.br\/sop\/distritos-operacionais\/d-o-08-distrito-operacional-de-crateus\/","og_locale":"pt_BR","og_type":"article","og_title":"D.O. 08 - Distrito Operacional de Crate\u00fas - SOP","og_description":"Rodovia CE-192 | Trecho Novo Oriente &#8211; Palestina | 04\/10\/2018 &nbsp; Gerente: Diego Dem\u00e9trio Email: crateus@sop.ce.gov.br Fone: (085) 3108-2899 Endere\u00e7o: BR-226 km 03, S\/N \u2013 BAIRRO VEN\u00c2NCIOS, CRATE\u00daS Munic\u00edpios Atendidos: ARAREND\u00c1, CRATE\u00daS, INDEPEND\u00caNCIA, IPAPORANGA, IPUEIRAS, NOVA RUSSAS, NOVO ORIENTE, PORANGA, TAMBORIL","og_url":"https:\/\/www.ce.gov.br\/sop\/distritos-operacionais\/d-o-08-distrito-operacional-de-crateus\/","og_site_name":"SOP","article_modified_time":"2023-05-08T18:42:59+00:00","twitter_card":"summary_large_image","schema":{"@context":"https:\/\/schema.org","@graph":[{"@type":"WebPage","@id":"https:\/\/www.ce.gov.br\/sop\/distritos-operacionais\/d-o-08-distrito-operacional-de-crateus\/","url":"https:\/\/www.ce.gov.br\/sop\/distritos-operacionais\/d-o-08-distrito-operacional-de-crateus\/","name":"D.O. 08 - Distrito Operacional de Crate\u00fas - SOP","isPartOf":{"@id":"https:\/\/www.ce.gov.br\/sop\/#website"},"datePublished":"2021-05-25T17:56:22+00:00","dateModified":"2023-05-08T18:42:59+00:00","breadcrumb":{"@id":"https:\/\/www.ce.gov.br\/sop\/distritos-operacionais\/d-o-08-distrito-operacional-de-crateus\/#breadcrumb"},"inLanguage":"pt-BR","potentialAction":[{"@type":"ReadAction","target":["https:\/\/www.ce.gov.br\/sop\/distritos-operacionais\/d-o-08-distrito-operacional-de-crateus\/"]}]},{"@type":"BreadcrumbList","@id":"https:\/\/www.ce.gov.br\/sop\/distritos-operacionais\/d-o-08-distrito-operacional-de-crateus\/#breadcrumb","itemListElement":[{"@type":"ListItem","position":1,"name":"In\u00edcio","item":"https:\/\/www.ce.gov.br\/sop\/"},{"@type":"ListItem","position":2,"name":"Distritos Operacionais","item":"https:\/\/www.ce.gov.br\/sop\/distritos-operacionais\/"},{"@type":"ListItem","position":3,"name":"D.O. 08 &#8211; Distrito Operacional de Crate\u00fas"}]},{"@type":"WebSite","@id":"https:\/\/www.ce.gov.br\/sop\/#website","url":"https:\/\/www.ce.gov.br\/sop\/","name":"Departamento Estadual de Rodovias","description":"Portal SOP","potentialAction":[{"@type":"SearchAction","target":{"@type":"EntryPoint","urlTemplate":"https:\/\/www.ce.gov.br\/sop\/?s={search_term_string}"},"query-input":{"@type":"PropertyValueSpecification","valueRequired":true,"valueName":"search_term_string"}}],"inLanguage":"pt-BR"}]}},"_links":{"self":[{"href":"https:\/\/www.ce.gov.br\/sop\/wp-json\/wp\/v2\/pages\/72634","targetHints":{"allow":["GET"]}}],"collection":[{"href":"https:\/\/www.ce.gov.br\/sop\/wp-json\/wp\/v2\/pages"}],"about":[{"href":"https:\/\/www.ce.gov.br\/sop\/wp-json\/wp\/v2\/types\/page"}],"author":[{"embeddable":true,"href":"https:\/\/www.ce.gov.br\/sop\/wp-json\/wp\/v2\/users\/12"}],"replies":[{"embeddable":true,"href":"https:\/\/www.ce.gov.br\/sop\/wp-json\/wp\/v2\/comments?post=72634"}],"version-history":[{"count":2,"href":"https:\/\/www.ce.gov.br\/sop\/wp-json\/wp\/v2\/pages\/72634\/revisions"}],"predecessor-version":[{"id":75181,"href":"https:\/\/www.ce.gov.br\/sop\/wp-json\/wp\/v2\/pages\/72634\/revisions\/75181"}],"up":[{"embeddable":true,"href":"https:\/\/www.ce.gov.br\/sop\/wp-json\/wp\/v2\/pages\/69713"}],"wp:attachment":[{"href":"https:\/\/www.ce.gov.br\/sop\/wp-json\/wp\/v2\/media?parent=72634"}],"curies":[{"name":"wp","href":"https:\/\/api.w.org\/{rel}","templated":true}]}}