{"id":72640,"date":"2021-05-25T14:59:54","date_gmt":"2021-05-25T17:59:54","guid":{"rendered":"http:\/\/www.ce.gov.br\/sop\/?page_id=72640"},"modified":"2023-05-08T15:43:21","modified_gmt":"2023-05-08T18:43:21","slug":"d-o-10-distrito-operacional-de-crato","status":"publish","type":"page","link":"https:\/\/www.ce.gov.br\/sop\/distritos-operacionais\/d-o-10-distrito-operacional-de-crato\/","title":{"rendered":"D.O. 10 &#8211; Distrito Operacional de Crato"},"content":{"rendered":"<div style=\"width: 720px;\" class=\"wp-video\"><video class=\"wp-video-shortcode\" id=\"video-72640-1\" width=\"720\" height=\"480\" preload=\"metadata\" controls=\"controls\"><source type=\"video\/mp4\" src=\"https:\/\/www.ce.gov.br\/sop\/wp-content\/uploads\/sites\/76\/2019\/07\/Do-10-Crato-Ce-292-Crato-Nova-Olinda-2.m4v?_=1\" \/><a href=\"https:\/\/www.ce.gov.br\/sop\/wp-content\/uploads\/sites\/76\/2019\/07\/Do-10-Crato-Ce-292-Crato-Nova-Olinda-2.m4v\">https:\/\/www.ce.gov.br\/sop\/wp-content\/uploads\/sites\/76\/2019\/07\/Do-10-Crato-Ce-292-Crato-Nova-Olinda-2.m4v<\/a><\/video><\/div>\n<h4 class=\"-SmallTitle\">Rodovia CE-292 | Trecho Crato &#8211; Nova Olinda | 13\/11\/2018<\/h4>\n<p>&nbsp;<\/p>\n<p><span style=\"color: #008442\">Gerente:<\/span> Jos\u00e9 Muniz<br \/>\n<span style=\"color: #008442\">Email:<\/span> crato@sop.ce.gov.br<br \/>\n<span style=\"color: #008442\">Fone:<\/span> (085) 3108-2894<br \/>\n<span style=\"color: #008442\">Endere\u00e7o:<\/span> RUA RODOLFO TE\u00d3FILO 10 \u2013 CENTRO, CRATO<br \/>\n<span style=\"color: #008442\">Munic\u00edpios Atendidos:<\/span> ABAIARA, ALTANEIRA, ARARIPE, ASSAR\u00c9, AURORA, BARBALHA, BARRO, BREJO SANTO,CARIRIA\u00c7U, CRATO, FARIAS BRITO, GRANJEIRO, JARDIM, JATI, JUAZEIRO DO NORTE, MAURITI, MILAGRES, MISS\u00c3O VELHA, NOVA OLINDA, PENAFORTE, PORTEIRAS, POTENGI, SALITRE, SANTANA DO CARIRI, TARRAFAS<\/p>\n","protected":false},"excerpt":{"rendered":"<p>Rodovia CE-292 | Trecho Crato &#8211; Nova Olinda | 13\/11\/2018 &nbsp; Gerente: Jos\u00e9 Muniz Email: crato@sop.ce.gov.br Fone: (085) 3108-2894 Endere\u00e7o: RUA RODOLFO TE\u00d3FILO 10 \u2013 CENTRO, CRATO Munic\u00edpios Atendidos: ABAIARA, ALTANEIRA, ARARIPE, ASSAR\u00c9, AURORA, BARBALHA, BARRO, BREJO SANTO,CARIRIA\u00c7U, CRATO, FARIAS BRITO, GRANJEIRO, JARDIM, JATI, JUAZEIRO DO NORTE, MAURITI, MILAGRES, MISS\u00c3O VELHA, NOVA OLINDA, PENAFORTE, PORTEIRAS, [&hellip;]<\/p>\n","protected":false},"author":12,"featured_media":0,"parent":69713,"menu_order":0,"comment_status":"closed","ping_status":"closed","template":"","meta":{"_acf_changed":false,"inline_featured_image":false,"footnotes":""},"class_list":["post-72640","page","type-page","status-publish","hentry"],"acf":[],"yoast_head":"<!-- This site is optimized with the Yoast SEO plugin v27.3 - https:\/\/yoast.com\/product\/yoast-seo-wordpress\/ -->\n<title>D.O. 10 - Distrito Operacional de Crato - SOP<\/title>\n<meta name=\"robots\" content=\"index, follow, max-snippet:-1, max-image-preview:large, max-video-preview:-1\" \/>\n<link rel=\"canonical\" href=\"https:\/\/www.ce.gov.br\/sop\/distritos-operacionais\/d-o-10-distrito-operacional-de-crato\/\" \/>\n<meta property=\"og:locale\" content=\"pt_BR\" \/>\n<meta property=\"og:type\" content=\"article\" \/>\n<meta property=\"og:title\" content=\"D.O. 10 - Distrito Operacional de Crato - SOP\" \/>\n<meta property=\"og:description\" content=\"Rodovia CE-292 | Trecho Crato &#8211; Nova Olinda | 13\/11\/2018 &nbsp; Gerente: Jos\u00e9 Muniz Email: crato@sop.ce.gov.br Fone: (085) 3108-2894 Endere\u00e7o: RUA RODOLFO TE\u00d3FILO 10 \u2013 CENTRO, CRATO Munic\u00edpios Atendidos: ABAIARA, ALTANEIRA, ARARIPE, ASSAR\u00c9, AURORA, BARBALHA, BARRO, BREJO SANTO,CARIRIA\u00c7U, CRATO, FARIAS BRITO, GRANJEIRO, JARDIM, JATI, JUAZEIRO DO NORTE, MAURITI, MILAGRES, MISS\u00c3O VELHA, NOVA OLINDA, PENAFORTE, PORTEIRAS, [&hellip;]\" \/>\n<meta property=\"og:url\" content=\"https:\/\/www.ce.gov.br\/sop\/distritos-operacionais\/d-o-10-distrito-operacional-de-crato\/\" \/>\n<meta property=\"og:site_name\" content=\"SOP\" \/>\n<meta property=\"article:modified_time\" content=\"2023-05-08T18:43:21+00:00\" \/>\n<meta name=\"twitter:card\" content=\"summary_large_image\" \/>\n<script type=\"application\/ld+json\" class=\"yoast-schema-graph\">{\"@context\":\"https:\\\/\\\/schema.org\",\"@graph\":[{\"@type\":\"WebPage\",\"@id\":\"https:\\\/\\\/www.ce.gov.br\\\/sop\\\/distritos-operacionais\\\/d-o-10-distrito-operacional-de-crato\\\/\",\"url\":\"https:\\\/\\\/www.ce.gov.br\\\/sop\\\/distritos-operacionais\\\/d-o-10-distrito-operacional-de-crato\\\/\",\"name\":\"D.O. 10 - Distrito Operacional de Crato - SOP\",\"isPartOf\":{\"@id\":\"https:\\\/\\\/www.ce.gov.br\\\/sop\\\/#website\"},\"datePublished\":\"2021-05-25T17:59:54+00:00\",\"dateModified\":\"2023-05-08T18:43:21+00:00\",\"breadcrumb\":{\"@id\":\"https:\\\/\\\/www.ce.gov.br\\\/sop\\\/distritos-operacionais\\\/d-o-10-distrito-operacional-de-crato\\\/#breadcrumb\"},\"inLanguage\":\"pt-BR\",\"potentialAction\":[{\"@type\":\"ReadAction\",\"target\":[\"https:\\\/\\\/www.ce.gov.br\\\/sop\\\/distritos-operacionais\\\/d-o-10-distrito-operacional-de-crato\\\/\"]}]},{\"@type\":\"BreadcrumbList\",\"@id\":\"https:\\\/\\\/www.ce.gov.br\\\/sop\\\/distritos-operacionais\\\/d-o-10-distrito-operacional-de-crato\\\/#breadcrumb\",\"itemListElement\":[{\"@type\":\"ListItem\",\"position\":1,\"name\":\"In\u00edcio\",\"item\":\"https:\\\/\\\/www.ce.gov.br\\\/sop\\\/\"},{\"@type\":\"ListItem\",\"position\":2,\"name\":\"Distritos Operacionais\",\"item\":\"https:\\\/\\\/www.ce.gov.br\\\/sop\\\/distritos-operacionais\\\/\"},{\"@type\":\"ListItem\",\"position\":3,\"name\":\"D.O. 10 &#8211; Distrito Operacional de Crato\"}]},{\"@type\":\"WebSite\",\"@id\":\"https:\\\/\\\/www.ce.gov.br\\\/sop\\\/#website\",\"url\":\"https:\\\/\\\/www.ce.gov.br\\\/sop\\\/\",\"name\":\"Departamento Estadual de Rodovias\",\"description\":\"Portal SOP\",\"potentialAction\":[{\"@type\":\"SearchAction\",\"target\":{\"@type\":\"EntryPoint\",\"urlTemplate\":\"https:\\\/\\\/www.ce.gov.br\\\/sop\\\/?s={search_term_string}\"},\"query-input\":{\"@type\":\"PropertyValueSpecification\",\"valueRequired\":true,\"valueName\":\"search_term_string\"}}],\"inLanguage\":\"pt-BR\"}]}<\/script>\n<!-- \/ Yoast SEO plugin. -->","yoast_head_json":{"title":"D.O. 10 - Distrito Operacional de Crato - SOP","robots":{"index":"index","follow":"follow","max-snippet":"max-snippet:-1","max-image-preview":"max-image-preview:large","max-video-preview":"max-video-preview:-1"},"canonical":"https:\/\/www.ce.gov.br\/sop\/distritos-operacionais\/d-o-10-distrito-operacional-de-crato\/","og_locale":"pt_BR","og_type":"article","og_title":"D.O. 10 - Distrito Operacional de Crato - SOP","og_description":"Rodovia CE-292 | Trecho Crato &#8211; Nova Olinda | 13\/11\/2018 &nbsp; Gerente: Jos\u00e9 Muniz Email: crato@sop.ce.gov.br Fone: (085) 3108-2894 Endere\u00e7o: RUA RODOLFO TE\u00d3FILO 10 \u2013 CENTRO, CRATO Munic\u00edpios Atendidos: ABAIARA, ALTANEIRA, ARARIPE, ASSAR\u00c9, AURORA, BARBALHA, BARRO, BREJO SANTO,CARIRIA\u00c7U, CRATO, FARIAS BRITO, GRANJEIRO, JARDIM, JATI, JUAZEIRO DO NORTE, MAURITI, MILAGRES, MISS\u00c3O VELHA, NOVA OLINDA, PENAFORTE, PORTEIRAS, [&hellip;]","og_url":"https:\/\/www.ce.gov.br\/sop\/distritos-operacionais\/d-o-10-distrito-operacional-de-crato\/","og_site_name":"SOP","article_modified_time":"2023-05-08T18:43:21+00:00","twitter_card":"summary_large_image","schema":{"@context":"https:\/\/schema.org","@graph":[{"@type":"WebPage","@id":"https:\/\/www.ce.gov.br\/sop\/distritos-operacionais\/d-o-10-distrito-operacional-de-crato\/","url":"https:\/\/www.ce.gov.br\/sop\/distritos-operacionais\/d-o-10-distrito-operacional-de-crato\/","name":"D.O. 10 - Distrito Operacional de Crato - SOP","isPartOf":{"@id":"https:\/\/www.ce.gov.br\/sop\/#website"},"datePublished":"2021-05-25T17:59:54+00:00","dateModified":"2023-05-08T18:43:21+00:00","breadcrumb":{"@id":"https:\/\/www.ce.gov.br\/sop\/distritos-operacionais\/d-o-10-distrito-operacional-de-crato\/#breadcrumb"},"inLanguage":"pt-BR","potentialAction":[{"@type":"ReadAction","target":["https:\/\/www.ce.gov.br\/sop\/distritos-operacionais\/d-o-10-distrito-operacional-de-crato\/"]}]},{"@type":"BreadcrumbList","@id":"https:\/\/www.ce.gov.br\/sop\/distritos-operacionais\/d-o-10-distrito-operacional-de-crato\/#breadcrumb","itemListElement":[{"@type":"ListItem","position":1,"name":"In\u00edcio","item":"https:\/\/www.ce.gov.br\/sop\/"},{"@type":"ListItem","position":2,"name":"Distritos Operacionais","item":"https:\/\/www.ce.gov.br\/sop\/distritos-operacionais\/"},{"@type":"ListItem","position":3,"name":"D.O. 10 &#8211; Distrito Operacional de Crato"}]},{"@type":"WebSite","@id":"https:\/\/www.ce.gov.br\/sop\/#website","url":"https:\/\/www.ce.gov.br\/sop\/","name":"Departamento Estadual de Rodovias","description":"Portal SOP","potentialAction":[{"@type":"SearchAction","target":{"@type":"EntryPoint","urlTemplate":"https:\/\/www.ce.gov.br\/sop\/?s={search_term_string}"},"query-input":{"@type":"PropertyValueSpecification","valueRequired":true,"valueName":"search_term_string"}}],"inLanguage":"pt-BR"}]}},"_links":{"self":[{"href":"https:\/\/www.ce.gov.br\/sop\/wp-json\/wp\/v2\/pages\/72640","targetHints":{"allow":["GET"]}}],"collection":[{"href":"https:\/\/www.ce.gov.br\/sop\/wp-json\/wp\/v2\/pages"}],"about":[{"href":"https:\/\/www.ce.gov.br\/sop\/wp-json\/wp\/v2\/types\/page"}],"author":[{"embeddable":true,"href":"https:\/\/www.ce.gov.br\/sop\/wp-json\/wp\/v2\/users\/12"}],"replies":[{"embeddable":true,"href":"https:\/\/www.ce.gov.br\/sop\/wp-json\/wp\/v2\/comments?post=72640"}],"version-history":[{"count":2,"href":"https:\/\/www.ce.gov.br\/sop\/wp-json\/wp\/v2\/pages\/72640\/revisions"}],"predecessor-version":[{"id":75183,"href":"https:\/\/www.ce.gov.br\/sop\/wp-json\/wp\/v2\/pages\/72640\/revisions\/75183"}],"up":[{"embeddable":true,"href":"https:\/\/www.ce.gov.br\/sop\/wp-json\/wp\/v2\/pages\/69713"}],"wp:attachment":[{"href":"https:\/\/www.ce.gov.br\/sop\/wp-json\/wp\/v2\/media?parent=72640"}],"curies":[{"name":"wp","href":"https:\/\/api.w.org\/{rel}","templated":true}]}}