{"id":74107,"date":"2022-09-06T11:26:35","date_gmt":"2022-09-06T14:26:35","guid":{"rendered":"http:\/\/www.ce.gov.br\/sop\/?page_id=74107"},"modified":"2024-01-30T10:08:44","modified_gmt":"2024-01-30T13:08:44","slug":"movimentos-de-aeronaves-e-passageiros-de-crateus-snws","status":"publish","type":"page","link":"https:\/\/www.ce.gov.br\/sop\/aeroportos-2\/movimentos-de-aeronaves-e-passageiros\/movimentos-de-aeronaves-e-passageiros-de-crateus-snws\/","title":{"rendered":"Movimentos de Aeronaves e Passageiros de Crate\u00fas \u2013 SNWS"},"content":{"rendered":"<p>&nbsp;<\/p>\n<p align=\"justify\"><span style=\"color: #000000\"><span style=\"font-family: Helvetica, serif\"><span style=\"font-size: small\"><span style=\"font-family: Arial, sans-serif\"><span style=\"font-size: medium\">O movimento de aeronaves e passageiros est\u00e1 diretamente relacionado quando se fala de aeroportos. Passageiros necessitam de aeronaves para seu deslocamento, enquanto as aeronaves para voarem de forma sustent\u00e1vel, precisam que passageiros ocupem seus assentos para manterem as empresas com o caixa saud\u00e1vel. A rede estadual de aeroportos \u00e9 estruturada para atender \u00e0s demandas de avia\u00e7\u00e3o civil, promover o desenvolvimento socioecon\u00f4mico do Cear\u00e1 e contribuir para a melhoria da qualidade de vida da popula\u00e7\u00e3o.<\/span><\/span><\/span><\/span><\/span><\/p>\n<p>&nbsp;<\/p>\n<p align=\"justify\"><span style=\"color: #000000\"><span style=\"font-family: Helvetica, serif\"><span style=\"font-size: small\"><span style=\"font-family: Arial, sans-serif\"><span style=\"font-size: medium\">A partir de setembro de 2023, com o conv\u00eanio estabelecido entre a Superintend\u00eancia de Obras P\u00fablicas (SOP) e a Empresa Brasileira de Infraestrutura Aeroportu\u00e1ria (Infraero) para administra\u00e7\u00e3o e opera\u00e7\u00e3o dos dez aeroportos regionais, informa\u00e7\u00f5es relacionadas \u00e0 movimenta\u00e7\u00e3o de passageiros e programa\u00e7\u00e3o de voos ficam sob a compet\u00eancia do \u00f3rg\u00e3o.<\/span><\/span><\/span><\/span><\/span><\/p>\n<p>&nbsp;<\/p>\n<p>&nbsp;<\/p>\n<ul class=\"ListaEst col\">\n<li><a href=\"https:\/\/www.ce.gov.br\/sop\/wp-content\/uploads\/sites\/76\/2024\/01\/CRATEUS-AGOSTO-2023.pdf\" rel=\"noopener\">Movimentos de Aeronaves e Passageiros at\u00e9 Agosto de 2023<\/a><\/li>\n<li><a href=\"https:\/\/www.ce.gov.br\/sop\/wp-content\/uploads\/sites\/76\/2023\/01\/Movimentacao-Aeroportos-2022-Crateus.pdf\" rel=\"noopener\">Movimentos de Aeronaves e Passageiros em 2022<\/a><\/li>\n<li><a href=\"https:\/\/www.ce.gov.br\/sop\/wp-content\/uploads\/sites\/76\/2022\/09\/Movimentacao-SNWS-2021.pdf\">Movimentos de Aeronaves e Passageiros em 2021<\/a><\/li>\n<li><a href=\"https:\/\/www.ce.gov.br\/sop\/wp-content\/uploads\/sites\/76\/2022\/09\/Movimentacao-SNWS-2020.pdf\">Movimentos de Aeronaves e Passageiros em 2020<\/a><\/li>\n<li><a href=\"https:\/\/www.ce.gov.br\/sop\/wp-content\/uploads\/sites\/76\/2022\/09\/Movimentacao-SNWS-2019.pdf\">Movimentos de Aeronaves e Passageiros em 2019<\/a><\/li>\n<li><a href=\"https:\/\/www.ce.gov.br\/sop\/wp-content\/uploads\/sites\/76\/2022\/09\/Movimentacao-SNWS-2018.pdf\">Movimentos de Aeronaves e Passageiros em 2018<\/a><\/li>\n<\/ul>\n","protected":false},"excerpt":{"rendered":"<p>&nbsp; O movimento de aeronaves e passageiros est\u00e1 diretamente relacionado quando se fala de aeroportos. Passageiros necessitam de aeronaves para seu deslocamento, enquanto as aeronaves para voarem de forma sustent\u00e1vel, precisam que passageiros ocupem seus assentos para manterem as empresas com o caixa saud\u00e1vel. A rede estadual de aeroportos \u00e9 estruturada para atender \u00e0s demandas [&hellip;]<\/p>\n","protected":false},"author":12,"featured_media":0,"parent":74023,"menu_order":0,"comment_status":"closed","ping_status":"closed","template":"","meta":{"_acf_changed":false,"inline_featured_image":false,"footnotes":""},"class_list":["post-74107","page","type-page","status-publish","hentry"],"acf":[],"yoast_head":"<!-- This site is optimized with the Yoast SEO plugin v27.3 - https:\/\/yoast.com\/product\/yoast-seo-wordpress\/ -->\n<title>Movimentos de Aeronaves e Passageiros de Crate\u00fas \u2013 SNWS - SOP<\/title>\n<meta name=\"robots\" content=\"index, follow, max-snippet:-1, max-image-preview:large, max-video-preview:-1\" \/>\n<link rel=\"canonical\" href=\"https:\/\/www.ce.gov.br\/sop\/aeroportos-2\/movimentos-de-aeronaves-e-passageiros\/movimentos-de-aeronaves-e-passageiros-de-crateus-snws\/\" \/>\n<meta property=\"og:locale\" content=\"pt_BR\" \/>\n<meta property=\"og:type\" content=\"article\" \/>\n<meta property=\"og:title\" content=\"Movimentos de Aeronaves e Passageiros de Crate\u00fas \u2013 SNWS - SOP\" \/>\n<meta property=\"og:description\" content=\"&nbsp; O movimento de aeronaves e passageiros est\u00e1 diretamente relacionado quando se fala de aeroportos. Passageiros necessitam de aeronaves para seu deslocamento, enquanto as aeronaves para voarem de forma sustent\u00e1vel, precisam que passageiros ocupem seus assentos para manterem as empresas com o caixa saud\u00e1vel. A rede estadual de aeroportos \u00e9 estruturada para atender \u00e0s demandas [&hellip;]\" \/>\n<meta property=\"og:url\" content=\"https:\/\/www.ce.gov.br\/sop\/aeroportos-2\/movimentos-de-aeronaves-e-passageiros\/movimentos-de-aeronaves-e-passageiros-de-crateus-snws\/\" \/>\n<meta property=\"og:site_name\" content=\"SOP\" \/>\n<meta property=\"article:modified_time\" content=\"2024-01-30T13:08:44+00:00\" \/>\n<meta name=\"twitter:card\" content=\"summary_large_image\" \/>\n<meta name=\"twitter:label1\" content=\"Est. reading time\" \/>\n\t<meta name=\"twitter:data1\" content=\"1 minuto\" \/>\n<script type=\"application\/ld+json\" class=\"yoast-schema-graph\">{\"@context\":\"https:\\\/\\\/schema.org\",\"@graph\":[{\"@type\":\"WebPage\",\"@id\":\"https:\\\/\\\/www.ce.gov.br\\\/sop\\\/aeroportos-2\\\/movimentos-de-aeronaves-e-passageiros\\\/movimentos-de-aeronaves-e-passageiros-de-crateus-snws\\\/\",\"url\":\"https:\\\/\\\/www.ce.gov.br\\\/sop\\\/aeroportos-2\\\/movimentos-de-aeronaves-e-passageiros\\\/movimentos-de-aeronaves-e-passageiros-de-crateus-snws\\\/\",\"name\":\"Movimentos de Aeronaves e Passageiros de Crate\u00fas \u2013 SNWS - SOP\",\"isPartOf\":{\"@id\":\"https:\\\/\\\/www.ce.gov.br\\\/sop\\\/#website\"},\"datePublished\":\"2022-09-06T14:26:35+00:00\",\"dateModified\":\"2024-01-30T13:08:44+00:00\",\"breadcrumb\":{\"@id\":\"https:\\\/\\\/www.ce.gov.br\\\/sop\\\/aeroportos-2\\\/movimentos-de-aeronaves-e-passageiros\\\/movimentos-de-aeronaves-e-passageiros-de-crateus-snws\\\/#breadcrumb\"},\"inLanguage\":\"pt-BR\",\"potentialAction\":[{\"@type\":\"ReadAction\",\"target\":[\"https:\\\/\\\/www.ce.gov.br\\\/sop\\\/aeroportos-2\\\/movimentos-de-aeronaves-e-passageiros\\\/movimentos-de-aeronaves-e-passageiros-de-crateus-snws\\\/\"]}]},{\"@type\":\"BreadcrumbList\",\"@id\":\"https:\\\/\\\/www.ce.gov.br\\\/sop\\\/aeroportos-2\\\/movimentos-de-aeronaves-e-passageiros\\\/movimentos-de-aeronaves-e-passageiros-de-crateus-snws\\\/#breadcrumb\",\"itemListElement\":[{\"@type\":\"ListItem\",\"position\":1,\"name\":\"In\u00edcio\",\"item\":\"https:\\\/\\\/www.ce.gov.br\\\/sop\\\/\"},{\"@type\":\"ListItem\",\"position\":2,\"name\":\"Aeroportos\",\"item\":\"https:\\\/\\\/www.ce.gov.br\\\/sop\\\/aeroportos-2\\\/\"},{\"@type\":\"ListItem\",\"position\":3,\"name\":\"Movimentos de Aeronaves e Passageiros\",\"item\":\"https:\\\/\\\/www.ce.gov.br\\\/sop\\\/aeroportos-2\\\/movimentos-de-aeronaves-e-passageiros\\\/\"},{\"@type\":\"ListItem\",\"position\":4,\"name\":\"Movimentos de Aeronaves e Passageiros de Crate\u00fas \u2013 SNWS\"}]},{\"@type\":\"WebSite\",\"@id\":\"https:\\\/\\\/www.ce.gov.br\\\/sop\\\/#website\",\"url\":\"https:\\\/\\\/www.ce.gov.br\\\/sop\\\/\",\"name\":\"Departamento Estadual de Rodovias\",\"description\":\"Portal SOP\",\"potentialAction\":[{\"@type\":\"SearchAction\",\"target\":{\"@type\":\"EntryPoint\",\"urlTemplate\":\"https:\\\/\\\/www.ce.gov.br\\\/sop\\\/?s={search_term_string}\"},\"query-input\":{\"@type\":\"PropertyValueSpecification\",\"valueRequired\":true,\"valueName\":\"search_term_string\"}}],\"inLanguage\":\"pt-BR\"}]}<\/script>\n<!-- \/ Yoast SEO plugin. -->","yoast_head_json":{"title":"Movimentos de Aeronaves e Passageiros de Crate\u00fas \u2013 SNWS - SOP","robots":{"index":"index","follow":"follow","max-snippet":"max-snippet:-1","max-image-preview":"max-image-preview:large","max-video-preview":"max-video-preview:-1"},"canonical":"https:\/\/www.ce.gov.br\/sop\/aeroportos-2\/movimentos-de-aeronaves-e-passageiros\/movimentos-de-aeronaves-e-passageiros-de-crateus-snws\/","og_locale":"pt_BR","og_type":"article","og_title":"Movimentos de Aeronaves e Passageiros de Crate\u00fas \u2013 SNWS - SOP","og_description":"&nbsp; O movimento de aeronaves e passageiros est\u00e1 diretamente relacionado quando se fala de aeroportos. Passageiros necessitam de aeronaves para seu deslocamento, enquanto as aeronaves para voarem de forma sustent\u00e1vel, precisam que passageiros ocupem seus assentos para manterem as empresas com o caixa saud\u00e1vel. A rede estadual de aeroportos \u00e9 estruturada para atender \u00e0s demandas [&hellip;]","og_url":"https:\/\/www.ce.gov.br\/sop\/aeroportos-2\/movimentos-de-aeronaves-e-passageiros\/movimentos-de-aeronaves-e-passageiros-de-crateus-snws\/","og_site_name":"SOP","article_modified_time":"2024-01-30T13:08:44+00:00","twitter_card":"summary_large_image","twitter_misc":{"Est. reading time":"1 minuto"},"schema":{"@context":"https:\/\/schema.org","@graph":[{"@type":"WebPage","@id":"https:\/\/www.ce.gov.br\/sop\/aeroportos-2\/movimentos-de-aeronaves-e-passageiros\/movimentos-de-aeronaves-e-passageiros-de-crateus-snws\/","url":"https:\/\/www.ce.gov.br\/sop\/aeroportos-2\/movimentos-de-aeronaves-e-passageiros\/movimentos-de-aeronaves-e-passageiros-de-crateus-snws\/","name":"Movimentos de Aeronaves e Passageiros de Crate\u00fas \u2013 SNWS - SOP","isPartOf":{"@id":"https:\/\/www.ce.gov.br\/sop\/#website"},"datePublished":"2022-09-06T14:26:35+00:00","dateModified":"2024-01-30T13:08:44+00:00","breadcrumb":{"@id":"https:\/\/www.ce.gov.br\/sop\/aeroportos-2\/movimentos-de-aeronaves-e-passageiros\/movimentos-de-aeronaves-e-passageiros-de-crateus-snws\/#breadcrumb"},"inLanguage":"pt-BR","potentialAction":[{"@type":"ReadAction","target":["https:\/\/www.ce.gov.br\/sop\/aeroportos-2\/movimentos-de-aeronaves-e-passageiros\/movimentos-de-aeronaves-e-passageiros-de-crateus-snws\/"]}]},{"@type":"BreadcrumbList","@id":"https:\/\/www.ce.gov.br\/sop\/aeroportos-2\/movimentos-de-aeronaves-e-passageiros\/movimentos-de-aeronaves-e-passageiros-de-crateus-snws\/#breadcrumb","itemListElement":[{"@type":"ListItem","position":1,"name":"In\u00edcio","item":"https:\/\/www.ce.gov.br\/sop\/"},{"@type":"ListItem","position":2,"name":"Aeroportos","item":"https:\/\/www.ce.gov.br\/sop\/aeroportos-2\/"},{"@type":"ListItem","position":3,"name":"Movimentos de Aeronaves e Passageiros","item":"https:\/\/www.ce.gov.br\/sop\/aeroportos-2\/movimentos-de-aeronaves-e-passageiros\/"},{"@type":"ListItem","position":4,"name":"Movimentos de Aeronaves e Passageiros de Crate\u00fas \u2013 SNWS"}]},{"@type":"WebSite","@id":"https:\/\/www.ce.gov.br\/sop\/#website","url":"https:\/\/www.ce.gov.br\/sop\/","name":"Departamento Estadual de Rodovias","description":"Portal SOP","potentialAction":[{"@type":"SearchAction","target":{"@type":"EntryPoint","urlTemplate":"https:\/\/www.ce.gov.br\/sop\/?s={search_term_string}"},"query-input":{"@type":"PropertyValueSpecification","valueRequired":true,"valueName":"search_term_string"}}],"inLanguage":"pt-BR"}]}},"_links":{"self":[{"href":"https:\/\/www.ce.gov.br\/sop\/wp-json\/wp\/v2\/pages\/74107","targetHints":{"allow":["GET"]}}],"collection":[{"href":"https:\/\/www.ce.gov.br\/sop\/wp-json\/wp\/v2\/pages"}],"about":[{"href":"https:\/\/www.ce.gov.br\/sop\/wp-json\/wp\/v2\/types\/page"}],"author":[{"embeddable":true,"href":"https:\/\/www.ce.gov.br\/sop\/wp-json\/wp\/v2\/users\/12"}],"replies":[{"embeddable":true,"href":"https:\/\/www.ce.gov.br\/sop\/wp-json\/wp\/v2\/comments?post=74107"}],"version-history":[{"count":18,"href":"https:\/\/www.ce.gov.br\/sop\/wp-json\/wp\/v2\/pages\/74107\/revisions"}],"predecessor-version":[{"id":76394,"href":"https:\/\/www.ce.gov.br\/sop\/wp-json\/wp\/v2\/pages\/74107\/revisions\/76394"}],"up":[{"embeddable":true,"href":"https:\/\/www.ce.gov.br\/sop\/wp-json\/wp\/v2\/pages\/74023"}],"wp:attachment":[{"href":"https:\/\/www.ce.gov.br\/sop\/wp-json\/wp\/v2\/media?parent=74107"}],"curies":[{"name":"wp","href":"https:\/\/api.w.org\/{rel}","templated":true}]}}