{"id":74876,"date":"2023-03-27T08:42:47","date_gmt":"2023-03-27T11:42:47","guid":{"rendered":"http:\/\/www.ce.gov.br\/sop\/?page_id=74876"},"modified":"2024-05-15T14:11:24","modified_gmt":"2024-05-15T17:11:24","slug":"boletim-de-trafegabilidade-2","status":"publish","type":"page","link":"https:\/\/www.ce.gov.br\/sop\/boletim-de-trafegabilidade-2\/","title":{"rendered":"Boletim de Trafegabilidade das Rodovias Estaduais"},"content":{"rendered":"<p>&nbsp;<\/p>\n<p style=\"text-align: justify\"><em>Atualizado em 15\/05\/2024 \u00e0s 14h10<\/em><\/p>\n<p>&nbsp;<\/p>\n<p style=\"text-align: justify\">Neste per\u00edodo de chuvas, a SOP refor\u00e7a aos condutores que respeitem o limite de velocidade da via, assim como a sinaliza\u00e7\u00e3o e os bloqueios em \u00e1reas que registram ocorr\u00eancias.<\/p>\n<p>&nbsp;<\/p>\n<p style=\"text-align: justify\"><strong>VALE DO JAGUARIBE<\/strong><\/p>\n<p style=\"text-align: justify\">? CE-371: o trecho entre Itai\u00e7aba e o entroncamento da BR-304 tem interdi\u00e7\u00e3o total devido ao alto volume de \u00e1gua em passagem molhada que est\u00e1 sendo ocasionado pela cheia do Rio Jaguaribe desde o fim do m\u00eas passado. O tr\u00e1fego no local j\u00e1 est\u00e1 normalizado, mas demanda aten\u00e7\u00e3o dos condutores em caso de novas chuvas. A SOP monitora a rodovia.<\/p>\n<p>&nbsp;<\/p>\n<p style=\"text-align: justify\"><strong>MACI\u00c7O DE BATURIT\u00c9<\/strong><\/p>\n<p style=\"text-align: justify\">? CE-257: o trecho na altura da Serra de Aratuba apresentou deslizamento de encosta e eros\u00e3o de parte da pista, que desde o fim do m\u00eas passado tem bloqueio parcial. Equipes da SOP trabalham na recupera\u00e7\u00e3o da \u00e1rea. A via est\u00e1 devidamente sinalizada.<\/p>\n<p>&nbsp;<\/p>\n<p style=\"text-align: justify\"><strong>LITORAL OESTE \/ VALE DO CURU<\/strong><\/p>\n<p style=\"text-align: justify\">? CE-173: o trecho nas proximidades de Missi, em Irau\u00e7uba, registrou danos no sistema de drenagem, com rompimento de bueiro, no in\u00edcio de maio. Equipes da SOP trabalham na amplia\u00e7\u00e3o da drenagem e recupera\u00e7\u00e3o do pavimento em dois diferentes pontos. H\u00e1 um desvio sinalizado no local.<\/p>\n<p>&nbsp;<\/p>\n<p style=\"text-align: justify\"><strong>SERT\u00c3O DE SOBRAL<\/strong><\/p>\n<p style=\"text-align: justify\">? CE-240: o trecho do segmento que liga Mira\u00edma ao distrito de Caioca, em Sobral, apresentou eros\u00e3o na \u00e1rea do acostamento ocasionada por danos na drenagem da rodovia. H\u00e1 bloqueio de meia pista. A via est\u00e1 sinalizada. A SOP atua na recupera\u00e7\u00e3o.<\/p>\n<p>&nbsp;<\/p>\n<p style=\"text-align: justify\"><strong>TRECHOS ATENDIDOS E LIBERADOS NAS \u00daLTIMAS 48H:<\/strong><\/p>\n<p style=\"text-align: justify\">? CE-243: trecho entre os munic\u00edpios de Uruburetama e Itapaj\u00e9.<\/p>\n<p style=\"text-align: justify\">\n","protected":false},"excerpt":{"rendered":"<p>&nbsp; Atualizado em 15\/05\/2024 \u00e0s 14h10 &nbsp; Neste per\u00edodo de chuvas, a SOP refor\u00e7a aos condutores que respeitem o limite de velocidade da via, assim como a sinaliza\u00e7\u00e3o e os bloqueios em \u00e1reas que registram ocorr\u00eancias. &nbsp; VALE DO JAGUARIBE ? CE-371: o trecho entre Itai\u00e7aba e o entroncamento da BR-304 tem interdi\u00e7\u00e3o total devido [&hellip;]<\/p>\n","protected":false},"author":432,"featured_media":0,"parent":0,"menu_order":0,"comment_status":"closed","ping_status":"closed","template":"","meta":{"_acf_changed":false,"inline_featured_image":false,"footnotes":""},"class_list":["post-74876","page","type-page","status-publish","hentry"],"acf":[],"yoast_head":"<!-- This site is optimized with the Yoast SEO plugin v27.3 - https:\/\/yoast.com\/product\/yoast-seo-wordpress\/ -->\n<title>Boletim de Trafegabilidade das Rodovias Estaduais - SOP<\/title>\n<meta name=\"robots\" content=\"index, follow, max-snippet:-1, max-image-preview:large, max-video-preview:-1\" \/>\n<link rel=\"canonical\" href=\"https:\/\/www.ce.gov.br\/sop\/boletim-de-trafegabilidade-2\/\" \/>\n<meta property=\"og:locale\" content=\"pt_BR\" \/>\n<meta property=\"og:type\" content=\"article\" \/>\n<meta property=\"og:title\" content=\"Boletim de Trafegabilidade das Rodovias Estaduais - SOP\" \/>\n<meta property=\"og:description\" content=\"&nbsp; Atualizado em 15\/05\/2024 \u00e0s 14h10 &nbsp; Neste per\u00edodo de chuvas, a SOP refor\u00e7a aos condutores que respeitem o limite de velocidade da via, assim como a sinaliza\u00e7\u00e3o e os bloqueios em \u00e1reas que registram ocorr\u00eancias. &nbsp; VALE DO JAGUARIBE ? CE-371: o trecho entre Itai\u00e7aba e o entroncamento da BR-304 tem interdi\u00e7\u00e3o total devido [&hellip;]\" \/>\n<meta property=\"og:url\" content=\"https:\/\/www.ce.gov.br\/sop\/boletim-de-trafegabilidade-2\/\" \/>\n<meta property=\"og:site_name\" content=\"SOP\" \/>\n<meta property=\"article:modified_time\" content=\"2024-05-15T17:11:24+00:00\" \/>\n<meta name=\"twitter:card\" content=\"summary_large_image\" \/>\n<meta name=\"twitter:label1\" content=\"Est. reading time\" \/>\n\t<meta name=\"twitter:data1\" content=\"2 minutos\" \/>\n<script type=\"application\/ld+json\" class=\"yoast-schema-graph\">{\"@context\":\"https:\\\/\\\/schema.org\",\"@graph\":[{\"@type\":\"WebPage\",\"@id\":\"https:\\\/\\\/www.ce.gov.br\\\/sop\\\/boletim-de-trafegabilidade-2\\\/\",\"url\":\"https:\\\/\\\/www.ce.gov.br\\\/sop\\\/boletim-de-trafegabilidade-2\\\/\",\"name\":\"Boletim de Trafegabilidade das Rodovias Estaduais - SOP\",\"isPartOf\":{\"@id\":\"https:\\\/\\\/www.ce.gov.br\\\/sop\\\/#website\"},\"datePublished\":\"2023-03-27T11:42:47+00:00\",\"dateModified\":\"2024-05-15T17:11:24+00:00\",\"breadcrumb\":{\"@id\":\"https:\\\/\\\/www.ce.gov.br\\\/sop\\\/boletim-de-trafegabilidade-2\\\/#breadcrumb\"},\"inLanguage\":\"pt-BR\",\"potentialAction\":[{\"@type\":\"ReadAction\",\"target\":[\"https:\\\/\\\/www.ce.gov.br\\\/sop\\\/boletim-de-trafegabilidade-2\\\/\"]}]},{\"@type\":\"BreadcrumbList\",\"@id\":\"https:\\\/\\\/www.ce.gov.br\\\/sop\\\/boletim-de-trafegabilidade-2\\\/#breadcrumb\",\"itemListElement\":[{\"@type\":\"ListItem\",\"position\":1,\"name\":\"In\u00edcio\",\"item\":\"https:\\\/\\\/www.ce.gov.br\\\/sop\\\/\"},{\"@type\":\"ListItem\",\"position\":2,\"name\":\"Boletim de Trafegabilidade das Rodovias Estaduais\"}]},{\"@type\":\"WebSite\",\"@id\":\"https:\\\/\\\/www.ce.gov.br\\\/sop\\\/#website\",\"url\":\"https:\\\/\\\/www.ce.gov.br\\\/sop\\\/\",\"name\":\"Departamento Estadual de Rodovias\",\"description\":\"Portal SOP\",\"potentialAction\":[{\"@type\":\"SearchAction\",\"target\":{\"@type\":\"EntryPoint\",\"urlTemplate\":\"https:\\\/\\\/www.ce.gov.br\\\/sop\\\/?s={search_term_string}\"},\"query-input\":{\"@type\":\"PropertyValueSpecification\",\"valueRequired\":true,\"valueName\":\"search_term_string\"}}],\"inLanguage\":\"pt-BR\"}]}<\/script>\n<!-- \/ Yoast SEO plugin. -->","yoast_head_json":{"title":"Boletim de Trafegabilidade das Rodovias Estaduais - SOP","robots":{"index":"index","follow":"follow","max-snippet":"max-snippet:-1","max-image-preview":"max-image-preview:large","max-video-preview":"max-video-preview:-1"},"canonical":"https:\/\/www.ce.gov.br\/sop\/boletim-de-trafegabilidade-2\/","og_locale":"pt_BR","og_type":"article","og_title":"Boletim de Trafegabilidade das Rodovias Estaduais - SOP","og_description":"&nbsp; Atualizado em 15\/05\/2024 \u00e0s 14h10 &nbsp; Neste per\u00edodo de chuvas, a SOP refor\u00e7a aos condutores que respeitem o limite de velocidade da via, assim como a sinaliza\u00e7\u00e3o e os bloqueios em \u00e1reas que registram ocorr\u00eancias. &nbsp; VALE DO JAGUARIBE ? CE-371: o trecho entre Itai\u00e7aba e o entroncamento da BR-304 tem interdi\u00e7\u00e3o total devido [&hellip;]","og_url":"https:\/\/www.ce.gov.br\/sop\/boletim-de-trafegabilidade-2\/","og_site_name":"SOP","article_modified_time":"2024-05-15T17:11:24+00:00","twitter_card":"summary_large_image","twitter_misc":{"Est. reading time":"2 minutos"},"schema":{"@context":"https:\/\/schema.org","@graph":[{"@type":"WebPage","@id":"https:\/\/www.ce.gov.br\/sop\/boletim-de-trafegabilidade-2\/","url":"https:\/\/www.ce.gov.br\/sop\/boletim-de-trafegabilidade-2\/","name":"Boletim de Trafegabilidade das Rodovias Estaduais - SOP","isPartOf":{"@id":"https:\/\/www.ce.gov.br\/sop\/#website"},"datePublished":"2023-03-27T11:42:47+00:00","dateModified":"2024-05-15T17:11:24+00:00","breadcrumb":{"@id":"https:\/\/www.ce.gov.br\/sop\/boletim-de-trafegabilidade-2\/#breadcrumb"},"inLanguage":"pt-BR","potentialAction":[{"@type":"ReadAction","target":["https:\/\/www.ce.gov.br\/sop\/boletim-de-trafegabilidade-2\/"]}]},{"@type":"BreadcrumbList","@id":"https:\/\/www.ce.gov.br\/sop\/boletim-de-trafegabilidade-2\/#breadcrumb","itemListElement":[{"@type":"ListItem","position":1,"name":"In\u00edcio","item":"https:\/\/www.ce.gov.br\/sop\/"},{"@type":"ListItem","position":2,"name":"Boletim de Trafegabilidade das Rodovias Estaduais"}]},{"@type":"WebSite","@id":"https:\/\/www.ce.gov.br\/sop\/#website","url":"https:\/\/www.ce.gov.br\/sop\/","name":"Departamento Estadual de Rodovias","description":"Portal SOP","potentialAction":[{"@type":"SearchAction","target":{"@type":"EntryPoint","urlTemplate":"https:\/\/www.ce.gov.br\/sop\/?s={search_term_string}"},"query-input":{"@type":"PropertyValueSpecification","valueRequired":true,"valueName":"search_term_string"}}],"inLanguage":"pt-BR"}]}},"_links":{"self":[{"href":"https:\/\/www.ce.gov.br\/sop\/wp-json\/wp\/v2\/pages\/74876","targetHints":{"allow":["GET"]}}],"collection":[{"href":"https:\/\/www.ce.gov.br\/sop\/wp-json\/wp\/v2\/pages"}],"about":[{"href":"https:\/\/www.ce.gov.br\/sop\/wp-json\/wp\/v2\/types\/page"}],"author":[{"embeddable":true,"href":"https:\/\/www.ce.gov.br\/sop\/wp-json\/wp\/v2\/users\/432"}],"replies":[{"embeddable":true,"href":"https:\/\/www.ce.gov.br\/sop\/wp-json\/wp\/v2\/comments?post=74876"}],"version-history":[{"count":241,"href":"https:\/\/www.ce.gov.br\/sop\/wp-json\/wp\/v2\/pages\/74876\/revisions"}],"predecessor-version":[{"id":76753,"href":"https:\/\/www.ce.gov.br\/sop\/wp-json\/wp\/v2\/pages\/74876\/revisions\/76753"}],"wp:attachment":[{"href":"https:\/\/www.ce.gov.br\/sop\/wp-json\/wp\/v2\/media?parent=74876"}],"curies":[{"name":"wp","href":"https:\/\/api.w.org\/{rel}","templated":true}]}}