{"id":75255,"date":"2023-05-16T15:21:09","date_gmt":"2023-05-16T18:21:09","guid":{"rendered":"http:\/\/www.ce.gov.br\/sop\/?page_id=75255"},"modified":"2023-05-16T15:23:08","modified_gmt":"2023-05-16T18:23:08","slug":"whatsapp-das-estradas","status":"publish","type":"page","link":"https:\/\/www.ce.gov.br\/sop\/whatsapp-das-estradas\/","title":{"rendered":""},"content":{"rendered":"<p>&nbsp;<\/p>\n<p>&nbsp;<\/p>\n<h3><img loading=\"lazy\" decoding=\"async\" class=\"alignnone wp-image-75257\" src=\"https:\/\/www.ce.gov.br\/sop\/wp-content\/uploads\/sites\/76\/2023\/05\/Whatsapp-1-600x158.jpg\" alt=\"\" width=\"342\" height=\"90\" srcset=\"https:\/\/www.ce.gov.br\/sop\/wp-content\/uploads\/sites\/76\/2023\/05\/Whatsapp-1-600x158.jpg 600w, https:\/\/www.ce.gov.br\/sop\/wp-content\/uploads\/sites\/76\/2023\/05\/Whatsapp-1-768x202.jpg 768w, https:\/\/www.ce.gov.br\/sop\/wp-content\/uploads\/sites\/76\/2023\/05\/Whatsapp-1.jpg 1124w\" sizes=\"auto, (max-width: 342px) 100vw, 342px\" \/><\/h3>\n<p>&nbsp;<\/p>\n<h3 class=\"_04xlpA direction-ltr align-start para-style-body\"><span class=\"WdYUQQ\">A Superintend\u00eancia <\/span><span class=\"WdYUQQ\">de Obras P\u00fablicas do <\/span><span class=\"WdYUQQ\">Cear\u00e1 (SOP) disponibiliza um canal direto para registro de ocorr\u00eancias <\/span><span class=\"WdYUQQ\">que comprometam a trafegabilidade das rodovias cearenses. Os usu\u00e1rios podem acionar a Superintend\u00eancia pelo Whatsapp das Estadas: <\/span><span class=\"WdYUQQ\"><strong><span style=\"color: #108441\">(85) 98404.9800.<\/span><\/strong><br \/>\n<\/span><\/h3>\n","protected":false},"excerpt":{"rendered":"<p>&nbsp; &nbsp; &nbsp; A Superintend\u00eancia de Obras P\u00fablicas do Cear\u00e1 (SOP) disponibiliza um canal direto para registro de ocorr\u00eancias que comprometam a trafegabilidade das rodovias cearenses. Os usu\u00e1rios podem acionar a Superintend\u00eancia pelo Whatsapp das Estadas: (85) 98404.9800.<\/p>\n","protected":false},"author":432,"featured_media":0,"parent":0,"menu_order":0,"comment_status":"closed","ping_status":"closed","template":"","meta":{"_acf_changed":false,"inline_featured_image":false,"footnotes":""},"class_list":["post-75255","page","type-page","status-publish","hentry"],"acf":[],"yoast_head":"<!-- This site is optimized with the Yoast SEO plugin v27.3 - https:\/\/yoast.com\/product\/yoast-seo-wordpress\/ -->\n<title>- SOP<\/title>\n<meta name=\"robots\" content=\"index, follow, max-snippet:-1, max-image-preview:large, max-video-preview:-1\" \/>\n<link rel=\"canonical\" href=\"https:\/\/www.ce.gov.br\/sop\/whatsapp-das-estradas\/\" \/>\n<meta property=\"og:locale\" content=\"pt_BR\" \/>\n<meta property=\"og:type\" content=\"article\" \/>\n<meta property=\"og:title\" content=\"- SOP\" \/>\n<meta property=\"og:description\" content=\"&nbsp; &nbsp; &nbsp; A Superintend\u00eancia de Obras P\u00fablicas do Cear\u00e1 (SOP) disponibiliza um canal direto para registro de ocorr\u00eancias que comprometam a trafegabilidade das rodovias cearenses. Os usu\u00e1rios podem acionar a Superintend\u00eancia pelo Whatsapp das Estadas: (85) 98404.9800.\" \/>\n<meta property=\"og:url\" content=\"https:\/\/www.ce.gov.br\/sop\/whatsapp-das-estradas\/\" \/>\n<meta property=\"og:site_name\" content=\"SOP\" \/>\n<meta property=\"article:modified_time\" content=\"2023-05-16T18:23:08+00:00\" \/>\n<meta property=\"og:image\" content=\"http:\/\/www.ce.gov.br\/sop\/wp-content\/uploads\/sites\/76\/2023\/05\/Whatsapp-1-600x158.jpg\" \/>\n<meta name=\"twitter:card\" content=\"summary_large_image\" \/>\n<meta name=\"twitter:label1\" content=\"Est. reading time\" \/>\n\t<meta name=\"twitter:data1\" content=\"1 minuto\" \/>\n<script type=\"application\/ld+json\" class=\"yoast-schema-graph\">{\"@context\":\"https:\\\/\\\/schema.org\",\"@graph\":[{\"@type\":\"WebPage\",\"@id\":\"https:\\\/\\\/www.ce.gov.br\\\/sop\\\/whatsapp-das-estradas\\\/\",\"url\":\"https:\\\/\\\/www.ce.gov.br\\\/sop\\\/whatsapp-das-estradas\\\/\",\"name\":\"- SOP\",\"isPartOf\":{\"@id\":\"https:\\\/\\\/www.ce.gov.br\\\/sop\\\/#website\"},\"primaryImageOfPage\":{\"@id\":\"https:\\\/\\\/www.ce.gov.br\\\/sop\\\/whatsapp-das-estradas\\\/#primaryimage\"},\"image\":{\"@id\":\"https:\\\/\\\/www.ce.gov.br\\\/sop\\\/whatsapp-das-estradas\\\/#primaryimage\"},\"thumbnailUrl\":\"http:\\\/\\\/www.ce.gov.br\\\/sop\\\/wp-content\\\/uploads\\\/sites\\\/76\\\/2023\\\/05\\\/Whatsapp-1-600x158.jpg\",\"datePublished\":\"2023-05-16T18:21:09+00:00\",\"dateModified\":\"2023-05-16T18:23:08+00:00\",\"inLanguage\":\"pt-BR\",\"potentialAction\":[{\"@type\":\"ReadAction\",\"target\":[\"https:\\\/\\\/www.ce.gov.br\\\/sop\\\/whatsapp-das-estradas\\\/\"]}]},{\"@type\":\"ImageObject\",\"inLanguage\":\"pt-BR\",\"@id\":\"https:\\\/\\\/www.ce.gov.br\\\/sop\\\/whatsapp-das-estradas\\\/#primaryimage\",\"url\":\"http:\\\/\\\/www.ce.gov.br\\\/sop\\\/wp-content\\\/uploads\\\/sites\\\/76\\\/2023\\\/05\\\/Whatsapp-1-600x158.jpg\",\"contentUrl\":\"http:\\\/\\\/www.ce.gov.br\\\/sop\\\/wp-content\\\/uploads\\\/sites\\\/76\\\/2023\\\/05\\\/Whatsapp-1-600x158.jpg\"},{\"@type\":\"WebSite\",\"@id\":\"https:\\\/\\\/www.ce.gov.br\\\/sop\\\/#website\",\"url\":\"https:\\\/\\\/www.ce.gov.br\\\/sop\\\/\",\"name\":\"Departamento Estadual de Rodovias\",\"description\":\"Portal SOP\",\"potentialAction\":[{\"@type\":\"SearchAction\",\"target\":{\"@type\":\"EntryPoint\",\"urlTemplate\":\"https:\\\/\\\/www.ce.gov.br\\\/sop\\\/?s={search_term_string}\"},\"query-input\":{\"@type\":\"PropertyValueSpecification\",\"valueRequired\":true,\"valueName\":\"search_term_string\"}}],\"inLanguage\":\"pt-BR\"}]}<\/script>\n<!-- \/ Yoast SEO plugin. -->","yoast_head_json":{"title":"- SOP","robots":{"index":"index","follow":"follow","max-snippet":"max-snippet:-1","max-image-preview":"max-image-preview:large","max-video-preview":"max-video-preview:-1"},"canonical":"https:\/\/www.ce.gov.br\/sop\/whatsapp-das-estradas\/","og_locale":"pt_BR","og_type":"article","og_title":"- SOP","og_description":"&nbsp; &nbsp; &nbsp; A Superintend\u00eancia de Obras P\u00fablicas do Cear\u00e1 (SOP) disponibiliza um canal direto para registro de ocorr\u00eancias que comprometam a trafegabilidade das rodovias cearenses. Os usu\u00e1rios podem acionar a Superintend\u00eancia pelo Whatsapp das Estadas: (85) 98404.9800.","og_url":"https:\/\/www.ce.gov.br\/sop\/whatsapp-das-estradas\/","og_site_name":"SOP","article_modified_time":"2023-05-16T18:23:08+00:00","og_image":[{"url":"http:\/\/www.ce.gov.br\/sop\/wp-content\/uploads\/sites\/76\/2023\/05\/Whatsapp-1-600x158.jpg","type":"","width":"","height":""}],"twitter_card":"summary_large_image","twitter_misc":{"Est. reading time":"1 minuto"},"schema":{"@context":"https:\/\/schema.org","@graph":[{"@type":"WebPage","@id":"https:\/\/www.ce.gov.br\/sop\/whatsapp-das-estradas\/","url":"https:\/\/www.ce.gov.br\/sop\/whatsapp-das-estradas\/","name":"- SOP","isPartOf":{"@id":"https:\/\/www.ce.gov.br\/sop\/#website"},"primaryImageOfPage":{"@id":"https:\/\/www.ce.gov.br\/sop\/whatsapp-das-estradas\/#primaryimage"},"image":{"@id":"https:\/\/www.ce.gov.br\/sop\/whatsapp-das-estradas\/#primaryimage"},"thumbnailUrl":"http:\/\/www.ce.gov.br\/sop\/wp-content\/uploads\/sites\/76\/2023\/05\/Whatsapp-1-600x158.jpg","datePublished":"2023-05-16T18:21:09+00:00","dateModified":"2023-05-16T18:23:08+00:00","inLanguage":"pt-BR","potentialAction":[{"@type":"ReadAction","target":["https:\/\/www.ce.gov.br\/sop\/whatsapp-das-estradas\/"]}]},{"@type":"ImageObject","inLanguage":"pt-BR","@id":"https:\/\/www.ce.gov.br\/sop\/whatsapp-das-estradas\/#primaryimage","url":"http:\/\/www.ce.gov.br\/sop\/wp-content\/uploads\/sites\/76\/2023\/05\/Whatsapp-1-600x158.jpg","contentUrl":"http:\/\/www.ce.gov.br\/sop\/wp-content\/uploads\/sites\/76\/2023\/05\/Whatsapp-1-600x158.jpg"},{"@type":"WebSite","@id":"https:\/\/www.ce.gov.br\/sop\/#website","url":"https:\/\/www.ce.gov.br\/sop\/","name":"Departamento Estadual de Rodovias","description":"Portal SOP","potentialAction":[{"@type":"SearchAction","target":{"@type":"EntryPoint","urlTemplate":"https:\/\/www.ce.gov.br\/sop\/?s={search_term_string}"},"query-input":{"@type":"PropertyValueSpecification","valueRequired":true,"valueName":"search_term_string"}}],"inLanguage":"pt-BR"}]}},"_links":{"self":[{"href":"https:\/\/www.ce.gov.br\/sop\/wp-json\/wp\/v2\/pages\/75255","targetHints":{"allow":["GET"]}}],"collection":[{"href":"https:\/\/www.ce.gov.br\/sop\/wp-json\/wp\/v2\/pages"}],"about":[{"href":"https:\/\/www.ce.gov.br\/sop\/wp-json\/wp\/v2\/types\/page"}],"author":[{"embeddable":true,"href":"https:\/\/www.ce.gov.br\/sop\/wp-json\/wp\/v2\/users\/432"}],"replies":[{"embeddable":true,"href":"https:\/\/www.ce.gov.br\/sop\/wp-json\/wp\/v2\/comments?post=75255"}],"version-history":[{"count":5,"href":"https:\/\/www.ce.gov.br\/sop\/wp-json\/wp\/v2\/pages\/75255\/revisions"}],"predecessor-version":[{"id":75262,"href":"https:\/\/www.ce.gov.br\/sop\/wp-json\/wp\/v2\/pages\/75255\/revisions\/75262"}],"wp:attachment":[{"href":"https:\/\/www.ce.gov.br\/sop\/wp-json\/wp\/v2\/media?parent=75255"}],"curies":[{"name":"wp","href":"https:\/\/api.w.org\/{rel}","templated":true}]}}