{"id":77329,"date":"2025-03-24T16:21:02","date_gmt":"2025-03-24T19:21:02","guid":{"rendered":"http:\/\/www.ce.gov.br\/sop\/?page_id=77329"},"modified":"2026-04-15T13:56:13","modified_gmt":"2026-04-15T16:56:13","slug":"chamamento","status":"publish","type":"page","link":"https:\/\/www.ce.gov.br\/sop\/servicos\/chamamento\/","title":{"rendered":"Chamamento"},"content":{"rendered":"\n<p><\/p>\n\n\n\n<p class=\"is-style-justified\">O ESTADO DO CEAR\u00c1, atrav\u00e9s da SUPERINTEND\u00caNCIA DE OBRAS P\u00daBLICAS (SOP\/CE), inscrita no CNPJ sob o n.\u00ba 33.866.288\/0001-30, com sede na Av. Alberto Craveiro, n\u00ba 2775, Castel\u00e3o, Fortaleza-CE, CEP: 60.860-901, torna p\u00fablico para conhecimento dos interessados a realiza\u00e7\u00e3o DISPENSA DE LICITA\u00c7\u00c3O N\u00ba. 002 \/ 2025, cujo objeto \u00e9 a contrata\u00e7\u00e3o de \u201cSERVI\u00c7OS AUXILIARES \u00c0 OPERA\u00c7\u00c3O, ADMINISTRA\u00c7\u00c3O, MANUTEN\u00c7\u00c3O E CONSERVA\u00c7\u00c3O DOS SEGUINTES AEROPORTOS: AEROPORTO DE JERICOACOARA (SBJE), AEROPORTO DE CANOA QUEBRADA (SBAC), AEROPORTO REGIONAL DE SOBRAL (SN6L), AEROPORTO DE CAMOCIM (SNWC), AEROPORTO DE S\u00c3O BENEDITO (SWBE), AEROPORTO DE CRATE\u00daS (SNWS), AEROPORTO DE TAU\u00c1 (SDZG), AEROPORTO DE CAMPOS SALES (SNCS), AEROPORTO DE IGUATU (SNIG) E AEROPORTO DE QUIXAD\u00c1 (SNQX)\u201d, com crit\u00e9rio de julgamento MENOR PRE\u00c7O (POR GRUPO), na EMPREITADA POR PRE\u00c7O GLOBAL, nos termos do art. 75, VIII, c\/c \u00a76\u00ba, da Lei Federal n\u00ba. 14.133\/2021 e altera\u00e7\u00f5es, e de acordo com as condi\u00e7\u00f5es, crit\u00e9rios e procedimentos estabelecidos neste Aviso e seus anexos, objetivando obter a melhor proposta, observadas as datas e hor\u00e1rios discriminados.<\/p>\n\n\n\n<p class=\"is-style-justified\"><strong>DADOS DO AVISO<\/strong><br>DOCUMENTA\u00c7\u00c3O A SER PREENCHIDA PELOS INTERESSADOS<br><a href=\"https:\/\/www.sop.ce.gov.br\/servicos\/chamamento\/\">https:\/\/www.sop.ce.gov.br\/servicos\/chamamento\/<\/a><br>DATA E HORA LIMITE PARA ENTREGA DA PROPOSTA DE PRE\u00c7O E DOCUMENTOS DE HABILITA\u00c7\u00c3O at\u00e9 as 23:59 (hor\u00e1rio oficial de Bras\u00edlia) do 3\u00ba dia \u00fatil ap\u00f3s a publica\u00e7\u00e3o do Edital<br>ENDERE\u00c7O ELETR\u00d4NICO PARA ENVIO DA PROPOSTA E DOCUMENTOS DE HABILITA\u00c7\u00c3O gepra.ope@sop.ce.gov.br, com o t\u00edtulo do assunto: \u201cAviso de Dispensa de Licita\u00e7\u00e3o n\u00ba. 002\/2025, Grupo I e\/ou Grupo II\u201d. Poder\u00e3o participar desta Dispensa de Licita\u00e7\u00e3o, empresa, isoladamente ou em cons\u00f3rcio, regularmente estabelecida no pa\u00eds, que atenda \u00e0s condi\u00e7\u00f5es exigidas neste Aviso e seus anexos, devendo pertencer ao setor de gest\u00e3o, administra\u00e7\u00e3o e opera\u00e7\u00e3o de aer\u00f3dromos, que estejam enquadradas no \u201cCNAE \u2013 5240-1\/01-Opera\u00e7\u00e3o dos aeroportos e campos de aterrissagem\u201d.<\/p>\n\n\n\n<p><strong>Para mais informa\u00e7\u00f5es, solicitamos que os participantes acessem os anexos.<\/strong><\/p>\n\n\n\n<p>01. Aviso Dispensa de Licita\u00e7\u00e3o N\u00ba 002\/2025<\/p>\n\n\n\n<p>02. ANEXO I \u2013 GRUPO I: TERMO DE REFER\u00caNCIA<\/p>\n\n\n\n<p>10. ANEXO II \u2013 GRUPO II: TERMO DE REFER\u00caNCIA<\/p>\n\n\n\n<div class=\"wp-block-cegovbr-mural-materiais-card-arquivos-multiplos\"><div class=\"ckc-card-arquivos-multiplos\"><h3 class=\"ckc-card-arquivos-multiplos-title\">Anexos<\/h3><div class=\"ckc-card-arquivos-multiplos-files\"><ul class=\"ckc-file-list list-group\"><li><a href=\"https:\/\/www.ce.gov.br\/sop\/wp-content\/uploads\/sites\/76\/2025\/04\/CERTIDAO-DE-PUBLICACAO.pdf\" target=\"_blank\" rel=\"noopener noreferrer\"><span class=\"material-symbols-outlined\">download<\/span><span class=\"ckc-file-name\">Certid\u00e3o de Publica\u00e7\u00e3o na Internet n\u00ba: 2025\/06082<\/span><\/a><\/li><li><a href=\"https:\/\/www.ce.gov.br\/sop\/wp-content\/uploads\/sites\/76\/2025\/04\/AUDITORIA-DA-PUBLICACAO.pdf\" target=\"_blank\" rel=\"noopener noreferrer\"><span class=\"material-symbols-outlined\">download<\/span><span class=\"ckc-file-name\">Auditoria da Publica\u00e7\u00e3o n\u00ba: 2025\/06082<\/span><\/a><\/li><li><a href=\"https:\/\/www.ce.gov.br\/sop\/wp-content\/uploads\/sites\/76\/2025\/03\/NotaEsclarecimento01_ass-1.pdf\" target=\"_blank\" rel=\"noopener noreferrer\"><span class=\"material-symbols-outlined\">download<\/span><span class=\"ckc-file-name\">00. Nota de Esclarecimento N\u00ba 01<\/span><\/a><\/li><li><a href=\"https:\/\/www.ce.gov.br\/sop\/wp-content\/uploads\/sites\/76\/2025\/03\/01.-AvisoDispensa_Aeroportos.pdf\" target=\"_blank\" rel=\"noopener noreferrer\"><span class=\"material-symbols-outlined\">download<\/span><span class=\"ckc-file-name\">01. Aviso Dispensa de Licita\u00e7\u00e3o N\u00ba 002\/2025<\/span><\/a><\/li><li><a href=\"https:\/\/www.ce.gov.br\/sop\/wp-content\/uploads\/sites\/76\/2025\/03\/02.-TR_GrupoI.pdf\" target=\"_blank\" rel=\"noopener noreferrer\"><span class=\"material-symbols-outlined\">download<\/span><span class=\"ckc-file-name\">02. ANEXO I &#8211; GRUPO I: TERMO DE REFER\u00caNCIA<\/span><\/a><\/li><li><a href=\"https:\/\/www.ce.gov.br\/sop\/wp-content\/uploads\/sites\/76\/2025\/03\/03.-ANEXOI.1_GRUPOI_ABREVIATURAS.pdf\" target=\"_blank\" rel=\"noopener noreferrer\"><span class=\"material-symbols-outlined\">download<\/span><span class=\"ckc-file-name\">03. ANEXO I.1 &#8211; GRUPO I: ABREVIATURAS<\/span><\/a><\/li><li><a href=\"https:\/\/www.ce.gov.br\/sop\/wp-content\/uploads\/sites\/76\/2025\/03\/04.-ANEXOI.2_TERMOS_DEFINICOES.pdf\" target=\"_blank\" rel=\"noopener noreferrer\"><span class=\"material-symbols-outlined\">download<\/span><span class=\"ckc-file-name\">04. ANEXO I.2 &#8211; GRUPO I: TERMOS E DEFINI\u00c7\u00d5ES<\/span><\/a><\/li><li><a href=\"https:\/\/www.ce.gov.br\/sop\/wp-content\/uploads\/sites\/76\/2025\/03\/05.-AnexoI.3_Normas_Regulamentos.pdf\" target=\"_blank\" rel=\"noopener noreferrer\"><span class=\"material-symbols-outlined\">download<\/span><span class=\"ckc-file-name\">05. ANEXO I.3 &#8211; GRUPO I: NORMAS E REGULAMENTOS DE ORIENTA\u00c7\u00c3O PARA CUMPRIMENTO DO OBJETO CONTRATUAL<\/span><\/a><\/li><li><a href=\"https:\/\/www.ce.gov.br\/sop\/wp-content\/uploads\/sites\/76\/2025\/03\/06.-AnexoI.4_GrupoI_Minuta_Contrato.pdf\" target=\"_blank\" rel=\"noopener noreferrer\"><span class=\"material-symbols-outlined\">download<\/span><span class=\"ckc-file-name\">06. ANEXO I.4 &#8211; GRUPO I: MINUTA DO TERMO DE CONTRATO<\/span><\/a><\/li><li><a href=\"https:\/\/www.ce.gov.br\/sop\/wp-content\/uploads\/sites\/76\/2025\/03\/07.-GrupoI_Orcamento_SBJE_SBAC.pdf\" target=\"_blank\" rel=\"noopener noreferrer\"><span class=\"material-symbols-outlined\">download<\/span><span class=\"ckc-file-name\">07. GRUPO I: OR\u00c7AMENTO SBJE e SBAC<\/span><\/a><\/li><li><a href=\"https:\/\/www.ce.gov.br\/sop\/wp-content\/uploads\/sites\/76\/2026\/04\/08.-ANEXOIV_GRUPOI_ATESTADO_VISTORIA.odt\" target=\"_blank\" rel=\"noopener noreferrer\"><span class=\"material-symbols-outlined\">download<\/span><span class=\"ckc-file-name\">08.-ANEXOIV_GRUPOI_ATESTADO_VISTORIA<\/span><\/a><\/li><li><a href=\"https:\/\/www.ce.gov.br\/sop\/wp-content\/uploads\/sites\/76\/2026\/04\/08.-ANEXOIV_GRUPOI_ATESTADO_VISTORIA-1.odt\" target=\"_blank\" rel=\"noopener noreferrer\"><span class=\"material-symbols-outlined\">download<\/span><span class=\"ckc-file-name\">08. ANEXO IV \u2013 GRUPO I: MODELO DO TERMO DE ATESTADO DE VISTORIA \/ DECLARA\u00c7\u00c3O<\/span><\/a><\/li><li><a href=\"https:\/\/www.ce.gov.br\/sop\/wp-content\/uploads\/sites\/76\/2025\/03\/09.-AnexoVI_GrupoI_CartaProposta_SBJE_SBAC.pdf\" target=\"_blank\" rel=\"noopener noreferrer\"><span class=\"material-symbols-outlined\">download<\/span><span class=\"ckc-file-name\">09. ANEXO VI \u2013 GRUPO I: CARTA PROPOSTA DE PRECIFICA\u00c7\u00c3O DOS SERVI\u00c7OS<\/span><\/a><\/li><li><a href=\"https:\/\/www.ce.gov.br\/sop\/wp-content\/uploads\/sites\/76\/2025\/03\/09.1.-AnexoVI_GrupoI_CartaProposta_SBJE_SBAC.docx\" target=\"_blank\" rel=\"noopener noreferrer\"><span class=\"material-symbols-outlined\">download<\/span><span class=\"ckc-file-name\">09.1. ANEXO VI \u2013 GRUPO I: CARTA PROPOSTA DE PRECIFICA\u00c7\u00c3O DOS SERVI\u00c7OS<\/span><\/a><\/li><li><a href=\"https:\/\/www.ce.gov.br\/sop\/wp-content\/uploads\/sites\/76\/2025\/03\/09.2.-GRUPOI_Planilha-da-Carta-Proposta-SBJE-e-SBAC.xlsx\" target=\"_blank\" rel=\"noopener noreferrer\"><span class=\"material-symbols-outlined\">download<\/span><span class=\"ckc-file-name\">09.2. GRUPO I: Planilha da Carta Proposta SBJE e SBAC<\/span><\/a><\/li><li><a href=\"https:\/\/www.ce.gov.br\/sop\/wp-content\/uploads\/sites\/76\/2025\/03\/10.-TR_GrupoII.pdf\" target=\"_blank\" rel=\"noopener noreferrer\"><span class=\"material-symbols-outlined\">download<\/span><span class=\"ckc-file-name\">10. ANEXO II &#8211; GRUPO II: TERMO DE REFER\u00caNCIA<\/span><\/a><\/li><li><a href=\"https:\/\/www.ce.gov.br\/sop\/wp-content\/uploads\/sites\/76\/2025\/03\/11.-AnexoII.1_GRUPOII_Abreviaturas.pdf\" target=\"_blank\" rel=\"noopener noreferrer\"><span class=\"material-symbols-outlined\">download<\/span><span class=\"ckc-file-name\">11. ANEXO II.1 &#8211; GRUPO II: Abreviaturas<\/span><\/a><\/li><li><a href=\"https:\/\/www.ce.gov.br\/sop\/wp-content\/uploads\/sites\/76\/2025\/03\/12.-AnexoII.2_TermoDefinicoes.pdf\" target=\"_blank\" rel=\"noopener noreferrer\"><span class=\"material-symbols-outlined\">download<\/span><span class=\"ckc-file-name\">12. ANEXO II.2 &#8211; GRUPO II: TERMOS E DEFINI\u00c7\u00d5ES<\/span><\/a><\/li><li><a href=\"https:\/\/www.ce.gov.br\/sop\/wp-content\/uploads\/sites\/76\/2025\/03\/13.-AnexoII.3_Normas_Regulamentos.pdf\" target=\"_blank\" rel=\"noopener noreferrer\"><span class=\"material-symbols-outlined\">download<\/span><span class=\"ckc-file-name\">13. ANEXO II.3 &#8211; GRUPO II: NORMAS E REGULAMENTOS DE ORIENTA\u00c7\u00c3O PARA CUMPRIMENTO DO OBJETO CONTRATUAL<\/span><\/a><\/li><li><a href=\"https:\/\/www.ce.gov.br\/sop\/wp-content\/uploads\/sites\/76\/2025\/03\/14.-AnexoII.4_GRUPOII_MinutaContrato.pdf\" target=\"_blank\" rel=\"noopener noreferrer\"><span class=\"material-symbols-outlined\">download<\/span><span class=\"ckc-file-name\">14. ANEXO II.4 &#8211; GRUPO II: MINUTA DO TERMO DE CONTRATO<\/span><\/a><\/li><li><a href=\"https:\/\/www.ce.gov.br\/sop\/wp-content\/uploads\/sites\/76\/2025\/03\/15.-GrupoII_Orcamento_Aeroportos.pdf\" target=\"_blank\" rel=\"noopener noreferrer\"><span class=\"material-symbols-outlined\">download<\/span><span class=\"ckc-file-name\">15. GRUPO II: Or\u00e7amento Aeroportos SN6L, SNWC, SWBE, SNWS, SDZG, SNCS, SNIG e SNQX<\/span><\/a><\/li><li><a href=\"https:\/\/www.ce.gov.br\/sop\/wp-content\/uploads\/sites\/76\/2026\/04\/16.-ANEXOV_GRUPOII_ATESTADO_VISTORIA.odt\" target=\"_blank\" rel=\"noopener noreferrer\"><span class=\"material-symbols-outlined\">download<\/span><span class=\"ckc-file-name\">16. ANEXO V \u2013 GRUPO II: MODELO DO TERMO DE ATESTADO DE VISTORIA \/ DECLARA\u00c7\u00c3O<\/span><\/a><\/li><li><a href=\"https:\/\/www.ce.gov.br\/sop\/wp-content\/uploads\/sites\/76\/2025\/03\/17.-AnexoVII_GrupoII_CartaPropostaAeroportosSN6L_SNWC_SWBE_SNWS_SDZG_SNCS_SNIG_SNQX.pdf\" target=\"_blank\" rel=\"noopener noreferrer\"><span class=\"material-symbols-outlined\">download<\/span><span class=\"ckc-file-name\">17. ANEXO VII \u2013 GRUPO II:- CARTA PROPOSTA DE PRECIFICA\u00c7\u00c3O DOS SERVI\u00c7OS<\/span><\/a><\/li><li><a href=\"https:\/\/www.ce.gov.br\/sop\/wp-content\/uploads\/sites\/76\/2025\/03\/17.1.-AnexoVII_GrupoII_CartaPropostaAeroportosSN6L_SNWC_SWBE_SNWS_SDZG_SNCS_SNIG_SNQX.docx\" target=\"_blank\" rel=\"noopener noreferrer\"><span class=\"material-symbols-outlined\">download<\/span><span class=\"ckc-file-name\">17.1. ANEXO VII \u2013 GRUPO II:- CARTA PROPOSTA DE PRECIFICA\u00c7\u00c3O DOS SERVI\u00c7OS<\/span><\/a><\/li><li><a href=\"https:\/\/www.ce.gov.br\/sop\/wp-content\/uploads\/sites\/76\/2025\/03\/17.2.-GRUPOII_Planilha-Carta-Proposta-Aeroportos-SN6L-SNWC-SWBE-SNWS-SDZG-SNCS-SNIG-e-SNQX.xlsx\" target=\"_blank\" rel=\"noopener noreferrer\"><span class=\"material-symbols-outlined\">download<\/span><span class=\"ckc-file-name\">17.2. GRUPO II: Planilha da Carta Proposta Aeroportos SN6L, SNWC, SWBE, SNWS, SDZG, SNCS, SNIG e SNQX<\/span><\/a><\/li><\/ul><\/div><\/div><\/div>\n\n\n\n<p><\/p>\n","protected":false},"excerpt":{"rendered":"<p>O ESTADO DO CEAR\u00c1, atrav\u00e9s da SUPERINTEND\u00caNCIA DE OBRAS P\u00daBLICAS (SOP\/CE), inscrita no CNPJ sob o n.\u00ba 33.866.288\/0001-30, com sede na Av. Alberto Craveiro, n\u00ba 2775, Castel\u00e3o, Fortaleza-CE, CEP: 60.860-901, torna p\u00fablico para conhecimento dos interessados a realiza\u00e7\u00e3o DISPENSA DE LICITA\u00c7\u00c3O N\u00ba. 002 \/ 2025, cujo objeto \u00e9 a contrata\u00e7\u00e3o de \u201cSERVI\u00c7OS AUXILIARES \u00c0 OPERA\u00c7\u00c3O, [&hellip;]<\/p>\n","protected":false},"author":435,"featured_media":0,"parent":1291,"menu_order":0,"comment_status":"closed","ping_status":"closed","template":"","meta":{"_acf_changed":false,"inline_featured_image":false,"footnotes":""},"class_list":["post-77329","page","type-page","status-publish","hentry"],"acf":[],"yoast_head":"<!-- This site is optimized with the Yoast SEO plugin v27.3 - https:\/\/yoast.com\/product\/yoast-seo-wordpress\/ -->\n<title>Chamamento - SOP<\/title>\n<meta name=\"robots\" content=\"index, follow, max-snippet:-1, max-image-preview:large, max-video-preview:-1\" \/>\n<link rel=\"canonical\" href=\"https:\/\/www.ce.gov.br\/sop\/servicos\/chamamento\/\" \/>\n<meta property=\"og:locale\" content=\"pt_BR\" \/>\n<meta property=\"og:type\" content=\"article\" \/>\n<meta property=\"og:title\" content=\"Chamamento - SOP\" \/>\n<meta property=\"og:description\" content=\"O ESTADO DO CEAR\u00c1, atrav\u00e9s da SUPERINTEND\u00caNCIA DE OBRAS P\u00daBLICAS (SOP\/CE), inscrita no CNPJ sob o n.\u00ba 33.866.288\/0001-30, com sede na Av. Alberto Craveiro, n\u00ba 2775, Castel\u00e3o, Fortaleza-CE, CEP: 60.860-901, torna p\u00fablico para conhecimento dos interessados a realiza\u00e7\u00e3o DISPENSA DE LICITA\u00c7\u00c3O N\u00ba. 002 \/ 2025, cujo objeto \u00e9 a contrata\u00e7\u00e3o de \u201cSERVI\u00c7OS AUXILIARES \u00c0 OPERA\u00c7\u00c3O, [&hellip;]\" \/>\n<meta property=\"og:url\" content=\"https:\/\/www.ce.gov.br\/sop\/servicos\/chamamento\/\" \/>\n<meta property=\"og:site_name\" content=\"SOP\" \/>\n<meta property=\"article:modified_time\" content=\"2026-04-15T16:56:13+00:00\" \/>\n<meta name=\"twitter:card\" content=\"summary_large_image\" \/>\n<meta name=\"twitter:label1\" content=\"Est. reading time\" \/>\n\t<meta name=\"twitter:data1\" content=\"4 minutos\" \/>\n<script type=\"application\/ld+json\" class=\"yoast-schema-graph\">{\"@context\":\"https:\\\/\\\/schema.org\",\"@graph\":[{\"@type\":\"WebPage\",\"@id\":\"https:\\\/\\\/www.ce.gov.br\\\/sop\\\/servicos\\\/chamamento\\\/\",\"url\":\"https:\\\/\\\/www.ce.gov.br\\\/sop\\\/servicos\\\/chamamento\\\/\",\"name\":\"Chamamento - SOP\",\"isPartOf\":{\"@id\":\"https:\\\/\\\/www.ce.gov.br\\\/sop\\\/#website\"},\"datePublished\":\"2025-03-24T19:21:02+00:00\",\"dateModified\":\"2026-04-15T16:56:13+00:00\",\"breadcrumb\":{\"@id\":\"https:\\\/\\\/www.ce.gov.br\\\/sop\\\/servicos\\\/chamamento\\\/#breadcrumb\"},\"inLanguage\":\"pt-BR\",\"potentialAction\":[{\"@type\":\"ReadAction\",\"target\":[\"https:\\\/\\\/www.ce.gov.br\\\/sop\\\/servicos\\\/chamamento\\\/\"]}]},{\"@type\":\"BreadcrumbList\",\"@id\":\"https:\\\/\\\/www.ce.gov.br\\\/sop\\\/servicos\\\/chamamento\\\/#breadcrumb\",\"itemListElement\":[{\"@type\":\"ListItem\",\"position\":1,\"name\":\"In\u00edcio\",\"item\":\"https:\\\/\\\/www.ce.gov.br\\\/sop\\\/\"},{\"@type\":\"ListItem\",\"position\":2,\"name\":\"Servi\u00e7os\",\"item\":\"https:\\\/\\\/www.ce.gov.br\\\/sop\\\/servicos\\\/\"},{\"@type\":\"ListItem\",\"position\":3,\"name\":\"Chamamento\"}]},{\"@type\":\"WebSite\",\"@id\":\"https:\\\/\\\/www.ce.gov.br\\\/sop\\\/#website\",\"url\":\"https:\\\/\\\/www.ce.gov.br\\\/sop\\\/\",\"name\":\"Departamento Estadual de Rodovias\",\"description\":\"Portal SOP\",\"potentialAction\":[{\"@type\":\"SearchAction\",\"target\":{\"@type\":\"EntryPoint\",\"urlTemplate\":\"https:\\\/\\\/www.ce.gov.br\\\/sop\\\/?s={search_term_string}\"},\"query-input\":{\"@type\":\"PropertyValueSpecification\",\"valueRequired\":true,\"valueName\":\"search_term_string\"}}],\"inLanguage\":\"pt-BR\"}]}<\/script>\n<!-- \/ Yoast SEO plugin. -->","yoast_head_json":{"title":"Chamamento - SOP","robots":{"index":"index","follow":"follow","max-snippet":"max-snippet:-1","max-image-preview":"max-image-preview:large","max-video-preview":"max-video-preview:-1"},"canonical":"https:\/\/www.ce.gov.br\/sop\/servicos\/chamamento\/","og_locale":"pt_BR","og_type":"article","og_title":"Chamamento - SOP","og_description":"O ESTADO DO CEAR\u00c1, atrav\u00e9s da SUPERINTEND\u00caNCIA DE OBRAS P\u00daBLICAS (SOP\/CE), inscrita no CNPJ sob o n.\u00ba 33.866.288\/0001-30, com sede na Av. Alberto Craveiro, n\u00ba 2775, Castel\u00e3o, Fortaleza-CE, CEP: 60.860-901, torna p\u00fablico para conhecimento dos interessados a realiza\u00e7\u00e3o DISPENSA DE LICITA\u00c7\u00c3O N\u00ba. 002 \/ 2025, cujo objeto \u00e9 a contrata\u00e7\u00e3o de \u201cSERVI\u00c7OS AUXILIARES \u00c0 OPERA\u00c7\u00c3O, [&hellip;]","og_url":"https:\/\/www.ce.gov.br\/sop\/servicos\/chamamento\/","og_site_name":"SOP","article_modified_time":"2026-04-15T16:56:13+00:00","twitter_card":"summary_large_image","twitter_misc":{"Est. reading time":"4 minutos"},"schema":{"@context":"https:\/\/schema.org","@graph":[{"@type":"WebPage","@id":"https:\/\/www.ce.gov.br\/sop\/servicos\/chamamento\/","url":"https:\/\/www.ce.gov.br\/sop\/servicos\/chamamento\/","name":"Chamamento - SOP","isPartOf":{"@id":"https:\/\/www.ce.gov.br\/sop\/#website"},"datePublished":"2025-03-24T19:21:02+00:00","dateModified":"2026-04-15T16:56:13+00:00","breadcrumb":{"@id":"https:\/\/www.ce.gov.br\/sop\/servicos\/chamamento\/#breadcrumb"},"inLanguage":"pt-BR","potentialAction":[{"@type":"ReadAction","target":["https:\/\/www.ce.gov.br\/sop\/servicos\/chamamento\/"]}]},{"@type":"BreadcrumbList","@id":"https:\/\/www.ce.gov.br\/sop\/servicos\/chamamento\/#breadcrumb","itemListElement":[{"@type":"ListItem","position":1,"name":"In\u00edcio","item":"https:\/\/www.ce.gov.br\/sop\/"},{"@type":"ListItem","position":2,"name":"Servi\u00e7os","item":"https:\/\/www.ce.gov.br\/sop\/servicos\/"},{"@type":"ListItem","position":3,"name":"Chamamento"}]},{"@type":"WebSite","@id":"https:\/\/www.ce.gov.br\/sop\/#website","url":"https:\/\/www.ce.gov.br\/sop\/","name":"Departamento Estadual de Rodovias","description":"Portal SOP","potentialAction":[{"@type":"SearchAction","target":{"@type":"EntryPoint","urlTemplate":"https:\/\/www.ce.gov.br\/sop\/?s={search_term_string}"},"query-input":{"@type":"PropertyValueSpecification","valueRequired":true,"valueName":"search_term_string"}}],"inLanguage":"pt-BR"}]}},"_links":{"self":[{"href":"https:\/\/www.ce.gov.br\/sop\/wp-json\/wp\/v2\/pages\/77329","targetHints":{"allow":["GET"]}}],"collection":[{"href":"https:\/\/www.ce.gov.br\/sop\/wp-json\/wp\/v2\/pages"}],"about":[{"href":"https:\/\/www.ce.gov.br\/sop\/wp-json\/wp\/v2\/types\/page"}],"author":[{"embeddable":true,"href":"https:\/\/www.ce.gov.br\/sop\/wp-json\/wp\/v2\/users\/435"}],"replies":[{"embeddable":true,"href":"https:\/\/www.ce.gov.br\/sop\/wp-json\/wp\/v2\/comments?post=77329"}],"version-history":[{"count":26,"href":"https:\/\/www.ce.gov.br\/sop\/wp-json\/wp\/v2\/pages\/77329\/revisions"}],"predecessor-version":[{"id":79128,"href":"https:\/\/www.ce.gov.br\/sop\/wp-json\/wp\/v2\/pages\/77329\/revisions\/79128"}],"up":[{"embeddable":true,"href":"https:\/\/www.ce.gov.br\/sop\/wp-json\/wp\/v2\/pages\/1291"}],"wp:attachment":[{"href":"https:\/\/www.ce.gov.br\/sop\/wp-json\/wp\/v2\/media?parent=77329"}],"curies":[{"name":"wp","href":"https:\/\/api.w.org\/{rel}","templated":true}]}}