{"id":78790,"date":"2026-02-11T14:07:30","date_gmt":"2026-02-11T17:07:30","guid":{"rendered":"http:\/\/www.ce.gov.br\/sop\/?page_id=78790"},"modified":"2026-02-12T12:51:42","modified_gmt":"2026-02-12T15:51:42","slug":"ramais","status":"publish","type":"page","link":"https:\/\/www.ce.gov.br\/sop\/ramais\/","title":{"rendered":"Ramais"},"content":{"rendered":"    <div class=\"wp-block-cegovbr-ramais\">\n                <form class=\"form-pesquisa-ramal ramais-search mb-4\" id=\"form-pesquisa-ramal\" role=\"search\" aria-label=\"Pesquisar ramais\">\n            <div class=\"ramais-search-row\">\n                <div class=\"ramais-search-input\">\n                    <label for=\"funcionario\" class=\"form-label visually-hidden\">Buscar ramal<\/label>\n                    <div class=\"ramais-input-wrapper\">\n                        <span class=\"material-symbols-outlined ramais-input-icon\" aria-hidden=\"true\">search<\/span>\n                        <input type=\"search\" class=\"form-control ramais-input\" name=\"funcionario\" id=\"funcionario\" placeholder=\"Busque ramal\" autocomplete=\"off\">\n                    <\/div>\n                <\/div>\n                <div class=\"ramais-search-button\">\n                    <button type=\"submit\" class=\"btn btn-ramal-buscar d-flex align-items-center justify-content-center\" title=\"Pesquisar ramal\">\n                        <span class=\"material-symbols-outlined ramais-btn-icon\" aria-hidden=\"true\">search<\/span>\n                        <span class=\"btn-ramal-text\" style=\"font-family: 'Kanit', sans-serif; font-weight: 400; font-style: normal; font-size: 1.25rem; line-height: 100%; letter-spacing: 0;\">Buscar<\/span>\n                    <\/button>\n                <\/div>\n            <\/div>\n        <\/form>\n                <div class=\"pgramais-header\">\n            <span>Setor<\/span>\n            <span>Telefone<\/span>\n            <span>Sigla<\/span>\n            <span>Outros ramais<\/span>\n        <\/div>\n        <div class=\"ramais-cards-wrapper\">\n                            <div class=\"ramal-card\">\n                    <div class=\"ramal-card-row\">\n                        <div class=\"ramal-setor\">Recep\u00e7\u00e3o<\/div>\n                        <div class=\"ramal-numero\">(085) 3108.2800<\/div>\n                        <div class=\"ramal-coordenador\">Recep\u00e7\u00e3o<\/div>\n                        <div class=\"ramal-mais\" data-outros-ramais=\"\">\n                                                        <button type=\"button\" class=\"ramal-ver-mais\" data-ramal-id=\"manual-0\" data-outros-ramais=\"\">Mais informa\u00e7\u00f5es<\/button>\n                                                    <\/div>\n                    <\/div>\n                <\/div>\n                            <div class=\"ramal-card\">\n                    <div class=\"ramal-card-row\">\n                        <div class=\"ramal-setor\">Superintend\u00eancia<\/div>\n                        <div class=\"ramal-numero\">(085) 3108.2810<\/div>\n                        <div class=\"ramal-coordenador\">SUPER<\/div>\n                        <div class=\"ramal-mais\" data-outros-ramais=\"\">\n                                                        <button type=\"button\" class=\"ramal-ver-mais\" data-ramal-id=\"manual-1\" data-outros-ramais=\"\">Mais informa\u00e7\u00f5es<\/button>\n                                                    <\/div>\n                    <\/div>\n                <\/div>\n                            <div class=\"ramal-card\">\n                    <div class=\"ramal-card-row\">\n                        <div class=\"ramal-setor\">Assessoria de Comunica\u00e7\u00e3o<\/div>\n                        <div class=\"ramal-numero\">(85) 3108.2808<\/div>\n                        <div class=\"ramal-coordenador\">ASCOM<\/div>\n                        <div class=\"ramal-mais\" data-outros-ramais=\"\">\n                                                        <button type=\"button\" class=\"ramal-ver-mais\" data-ramal-id=\"manual-2\" data-outros-ramais=\"\">Mais informa\u00e7\u00f5es<\/button>\n                                                    <\/div>\n                    <\/div>\n                <\/div>\n                            <div class=\"ramal-card\">\n                    <div class=\"ramal-card-row\">\n                        <div class=\"ramal-setor\">Diretoria de Fiscaliza\u00e7\u00e3o de Obras e Gest\u00e3o Regional<\/div>\n                        <div class=\"ramal-numero\">(085) 3101.2812<\/div>\n                        <div class=\"ramal-coordenador\">Diretoria de Fiscaliza\u00e7\u00e3o de Obras e Gest\u00e3o Regional<\/div>\n                        <div class=\"ramal-mais\" data-outros-ramais=\"\">\n                                                        <button type=\"button\" class=\"ramal-ver-mais\" data-ramal-id=\"manual-3\" data-outros-ramais=\"\">Mais informa\u00e7\u00f5es<\/button>\n                                                    <\/div>\n                    <\/div>\n                <\/div>\n                    <\/div>\n    <\/div>\n    ","protected":false},"excerpt":{"rendered":"","protected":false},"author":61,"featured_media":0,"parent":0,"menu_order":0,"comment_status":"closed","ping_status":"closed","template":"","meta":{"_acf_changed":false,"inline_featured_image":false,"footnotes":""},"class_list":["post-78790","page","type-page","status-publish","hentry"],"acf":[],"yoast_head":"<!-- This site is optimized with the Yoast SEO plugin v27.3 - https:\/\/yoast.com\/product\/yoast-seo-wordpress\/ -->\n<title>Ramais - SOP<\/title>\n<meta name=\"robots\" content=\"index, follow, max-snippet:-1, max-image-preview:large, max-video-preview:-1\" \/>\n<link rel=\"canonical\" href=\"https:\/\/www.ce.gov.br\/sop\/ramais\/\" \/>\n<meta property=\"og:locale\" content=\"pt_BR\" \/>\n<meta property=\"og:type\" content=\"article\" \/>\n<meta property=\"og:title\" content=\"Ramais - SOP\" \/>\n<meta property=\"og:url\" content=\"https:\/\/www.ce.gov.br\/sop\/ramais\/\" \/>\n<meta property=\"og:site_name\" content=\"SOP\" \/>\n<meta property=\"article:modified_time\" content=\"2026-02-12T15:51:42+00:00\" \/>\n<meta name=\"twitter:card\" content=\"summary_large_image\" \/>\n<script type=\"application\/ld+json\" class=\"yoast-schema-graph\">{\"@context\":\"https:\\\/\\\/schema.org\",\"@graph\":[{\"@type\":\"WebPage\",\"@id\":\"https:\\\/\\\/www.ce.gov.br\\\/sop\\\/ramais\\\/\",\"url\":\"https:\\\/\\\/www.ce.gov.br\\\/sop\\\/ramais\\\/\",\"name\":\"Ramais - SOP\",\"isPartOf\":{\"@id\":\"https:\\\/\\\/www.ce.gov.br\\\/sop\\\/#website\"},\"datePublished\":\"2026-02-11T17:07:30+00:00\",\"dateModified\":\"2026-02-12T15:51:42+00:00\",\"breadcrumb\":{\"@id\":\"https:\\\/\\\/www.ce.gov.br\\\/sop\\\/ramais\\\/#breadcrumb\"},\"inLanguage\":\"pt-BR\",\"potentialAction\":[{\"@type\":\"ReadAction\",\"target\":[\"https:\\\/\\\/www.ce.gov.br\\\/sop\\\/ramais\\\/\"]}]},{\"@type\":\"BreadcrumbList\",\"@id\":\"https:\\\/\\\/www.ce.gov.br\\\/sop\\\/ramais\\\/#breadcrumb\",\"itemListElement\":[{\"@type\":\"ListItem\",\"position\":1,\"name\":\"In\u00edcio\",\"item\":\"https:\\\/\\\/www.ce.gov.br\\\/sop\\\/\"},{\"@type\":\"ListItem\",\"position\":2,\"name\":\"Ramais\"}]},{\"@type\":\"WebSite\",\"@id\":\"https:\\\/\\\/www.ce.gov.br\\\/sop\\\/#website\",\"url\":\"https:\\\/\\\/www.ce.gov.br\\\/sop\\\/\",\"name\":\"Departamento Estadual de Rodovias\",\"description\":\"Portal SOP\",\"potentialAction\":[{\"@type\":\"SearchAction\",\"target\":{\"@type\":\"EntryPoint\",\"urlTemplate\":\"https:\\\/\\\/www.ce.gov.br\\\/sop\\\/?s={search_term_string}\"},\"query-input\":{\"@type\":\"PropertyValueSpecification\",\"valueRequired\":true,\"valueName\":\"search_term_string\"}}],\"inLanguage\":\"pt-BR\"}]}<\/script>\n<!-- \/ Yoast SEO plugin. -->","yoast_head_json":{"title":"Ramais - SOP","robots":{"index":"index","follow":"follow","max-snippet":"max-snippet:-1","max-image-preview":"max-image-preview:large","max-video-preview":"max-video-preview:-1"},"canonical":"https:\/\/www.ce.gov.br\/sop\/ramais\/","og_locale":"pt_BR","og_type":"article","og_title":"Ramais - SOP","og_url":"https:\/\/www.ce.gov.br\/sop\/ramais\/","og_site_name":"SOP","article_modified_time":"2026-02-12T15:51:42+00:00","twitter_card":"summary_large_image","schema":{"@context":"https:\/\/schema.org","@graph":[{"@type":"WebPage","@id":"https:\/\/www.ce.gov.br\/sop\/ramais\/","url":"https:\/\/www.ce.gov.br\/sop\/ramais\/","name":"Ramais - SOP","isPartOf":{"@id":"https:\/\/www.ce.gov.br\/sop\/#website"},"datePublished":"2026-02-11T17:07:30+00:00","dateModified":"2026-02-12T15:51:42+00:00","breadcrumb":{"@id":"https:\/\/www.ce.gov.br\/sop\/ramais\/#breadcrumb"},"inLanguage":"pt-BR","potentialAction":[{"@type":"ReadAction","target":["https:\/\/www.ce.gov.br\/sop\/ramais\/"]}]},{"@type":"BreadcrumbList","@id":"https:\/\/www.ce.gov.br\/sop\/ramais\/#breadcrumb","itemListElement":[{"@type":"ListItem","position":1,"name":"In\u00edcio","item":"https:\/\/www.ce.gov.br\/sop\/"},{"@type":"ListItem","position":2,"name":"Ramais"}]},{"@type":"WebSite","@id":"https:\/\/www.ce.gov.br\/sop\/#website","url":"https:\/\/www.ce.gov.br\/sop\/","name":"Departamento Estadual de Rodovias","description":"Portal SOP","potentialAction":[{"@type":"SearchAction","target":{"@type":"EntryPoint","urlTemplate":"https:\/\/www.ce.gov.br\/sop\/?s={search_term_string}"},"query-input":{"@type":"PropertyValueSpecification","valueRequired":true,"valueName":"search_term_string"}}],"inLanguage":"pt-BR"}]}},"_links":{"self":[{"href":"https:\/\/www.ce.gov.br\/sop\/wp-json\/wp\/v2\/pages\/78790","targetHints":{"allow":["GET"]}}],"collection":[{"href":"https:\/\/www.ce.gov.br\/sop\/wp-json\/wp\/v2\/pages"}],"about":[{"href":"https:\/\/www.ce.gov.br\/sop\/wp-json\/wp\/v2\/types\/page"}],"author":[{"embeddable":true,"href":"https:\/\/www.ce.gov.br\/sop\/wp-json\/wp\/v2\/users\/61"}],"replies":[{"embeddable":true,"href":"https:\/\/www.ce.gov.br\/sop\/wp-json\/wp\/v2\/comments?post=78790"}],"version-history":[{"count":14,"href":"https:\/\/www.ce.gov.br\/sop\/wp-json\/wp\/v2\/pages\/78790\/revisions"}],"predecessor-version":[{"id":78876,"href":"https:\/\/www.ce.gov.br\/sop\/wp-json\/wp\/v2\/pages\/78790\/revisions\/78876"}],"wp:attachment":[{"href":"https:\/\/www.ce.gov.br\/sop\/wp-json\/wp\/v2\/media?parent=78790"}],"curies":[{"name":"wp","href":"https:\/\/api.w.org\/{rel}","templated":true}]}}