{"id":79164,"date":"2026-04-15T14:55:47","date_gmt":"2026-04-15T17:55:47","guid":{"rendered":"https:\/\/www.ce.gov.br\/sop\/?page_id=79164"},"modified":"2026-04-15T15:01:47","modified_gmt":"2026-04-15T18:01:47","slug":"novo-pac-fnde","status":"publish","type":"page","link":"https:\/\/www.ce.gov.br\/sop\/novo-pac-fnde\/","title":{"rendered":"Novo PAC\/FNDE"},"content":{"rendered":"<div class=\"ckc-card-mer-front\">\n    <div class=\"ckc-card-mer-container\">\n                \n                    <h2 class=\"ckc-card-mer-title\">\n                RECOMENDA\u00c7\u00d5ES T\u00c9CNICAS PARA IMPLANTA\u00c7\u00c3O DE PROJETO PADR\u00c3O            <\/h2>\n        \n                    <div class=\"ckc-card-mer-folders\">\n                                    <div class=\"ckc-mer-folder-item\" data-folder-id=\"1776276014188\">\n                        <button class=\"ckc-mer-folder-toggle\" type=\"button\" aria-expanded=\"false\">\n                            <span class=\"ckc-mer-toggle-icon material-symbols-outlined\">chevron_right<\/span>\n                            <span class=\"ckc-mer-folder-icon material-symbols-outlined\">folder_open<\/span>\n                            <span class=\"ckc-mer-folder-name\">\n                                RECOMENDA\u00c7\u00d5ES T\u00c9CNICAS PARA IMPLANTA\u00c7\u00c3O DE PROJETO PADR\u00c3O                            <\/span>\n                        <\/button>\n\n                        <div class=\"ckc-mer-folder-content\">\n                                                                <div class=\"ckc-mer-file-item\">\n                                        <a href=\"https:\/\/www.ce.gov.br\/sop\/wp-content\/uploads\/sites\/76\/2026\/04\/RECOMENDACOES-TECNICAS-PROJETOS-PADRAO-2.pdf\" target=\"_blank\" rel=\"noopener noreferrer\" title=\"RECOMENDACOES-TECNICAS-PROJETOS-PADRAO-2\">\n                                            <span class=\"ckc-mer-file-icon material-symbols-outlined\">article<\/span>\n                                            <span class=\"ckc-mer-file-name\">RECOMENDACOES-TECNICAS-PROJETOS-PADRAO-2<\/span>\n                                        <\/a>\n                                    <\/div>\n                                                            <\/div>\n                    <\/div>\n                            <\/div>\n            <\/div>\n<\/div>\n\n\n<div class=\"ckc-card-mer-front\">\n    <div class=\"ckc-card-mer-container\">\n                \n                    <h2 class=\"ckc-card-mer-title\">\n                1 &#8211; C.E.I. (PROJETO PADR\u00c3O)            <\/h2>\n        \n            <\/div>\n<\/div>\n","protected":false},"excerpt":{"rendered":"","protected":false},"author":61,"featured_media":0,"parent":0,"menu_order":0,"comment_status":"closed","ping_status":"closed","template":"","meta":{"_acf_changed":false,"inline_featured_image":false,"footnotes":""},"class_list":["post-79164","page","type-page","status-publish","hentry"],"acf":[],"yoast_head":"<!-- This site is optimized with the Yoast SEO plugin v27.3 - https:\/\/yoast.com\/product\/yoast-seo-wordpress\/ -->\n<title>Novo PAC\/FNDE - SOP<\/title>\n<meta name=\"robots\" content=\"index, follow, max-snippet:-1, max-image-preview:large, max-video-preview:-1\" \/>\n<link rel=\"canonical\" href=\"https:\/\/www.ce.gov.br\/sop\/novo-pac-fnde\/\" \/>\n<meta property=\"og:locale\" content=\"pt_BR\" \/>\n<meta property=\"og:type\" content=\"article\" \/>\n<meta property=\"og:title\" content=\"Novo PAC\/FNDE - SOP\" \/>\n<meta property=\"og:url\" content=\"https:\/\/www.ce.gov.br\/sop\/novo-pac-fnde\/\" \/>\n<meta property=\"og:site_name\" content=\"SOP\" \/>\n<meta property=\"article:modified_time\" content=\"2026-04-15T18:01:47+00:00\" \/>\n<meta name=\"twitter:card\" content=\"summary_large_image\" \/>\n<script type=\"application\/ld+json\" class=\"yoast-schema-graph\">{\"@context\":\"https:\\\/\\\/schema.org\",\"@graph\":[{\"@type\":\"WebPage\",\"@id\":\"https:\\\/\\\/www.ce.gov.br\\\/sop\\\/novo-pac-fnde\\\/\",\"url\":\"https:\\\/\\\/www.ce.gov.br\\\/sop\\\/novo-pac-fnde\\\/\",\"name\":\"Novo PAC\\\/FNDE - SOP\",\"isPartOf\":{\"@id\":\"https:\\\/\\\/www.ce.gov.br\\\/sop\\\/#website\"},\"datePublished\":\"2026-04-15T17:55:47+00:00\",\"dateModified\":\"2026-04-15T18:01:47+00:00\",\"breadcrumb\":{\"@id\":\"https:\\\/\\\/www.ce.gov.br\\\/sop\\\/novo-pac-fnde\\\/#breadcrumb\"},\"inLanguage\":\"pt-BR\",\"potentialAction\":[{\"@type\":\"ReadAction\",\"target\":[\"https:\\\/\\\/www.ce.gov.br\\\/sop\\\/novo-pac-fnde\\\/\"]}]},{\"@type\":\"BreadcrumbList\",\"@id\":\"https:\\\/\\\/www.ce.gov.br\\\/sop\\\/novo-pac-fnde\\\/#breadcrumb\",\"itemListElement\":[{\"@type\":\"ListItem\",\"position\":1,\"name\":\"In\u00edcio\",\"item\":\"https:\\\/\\\/www.ce.gov.br\\\/sop\\\/\"},{\"@type\":\"ListItem\",\"position\":2,\"name\":\"Novo PAC\\\/FNDE\"}]},{\"@type\":\"WebSite\",\"@id\":\"https:\\\/\\\/www.ce.gov.br\\\/sop\\\/#website\",\"url\":\"https:\\\/\\\/www.ce.gov.br\\\/sop\\\/\",\"name\":\"Departamento Estadual de Rodovias\",\"description\":\"Portal SOP\",\"potentialAction\":[{\"@type\":\"SearchAction\",\"target\":{\"@type\":\"EntryPoint\",\"urlTemplate\":\"https:\\\/\\\/www.ce.gov.br\\\/sop\\\/?s={search_term_string}\"},\"query-input\":{\"@type\":\"PropertyValueSpecification\",\"valueRequired\":true,\"valueName\":\"search_term_string\"}}],\"inLanguage\":\"pt-BR\"}]}<\/script>\n<!-- \/ Yoast SEO plugin. -->","yoast_head_json":{"title":"Novo PAC\/FNDE - SOP","robots":{"index":"index","follow":"follow","max-snippet":"max-snippet:-1","max-image-preview":"max-image-preview:large","max-video-preview":"max-video-preview:-1"},"canonical":"https:\/\/www.ce.gov.br\/sop\/novo-pac-fnde\/","og_locale":"pt_BR","og_type":"article","og_title":"Novo PAC\/FNDE - SOP","og_url":"https:\/\/www.ce.gov.br\/sop\/novo-pac-fnde\/","og_site_name":"SOP","article_modified_time":"2026-04-15T18:01:47+00:00","twitter_card":"summary_large_image","schema":{"@context":"https:\/\/schema.org","@graph":[{"@type":"WebPage","@id":"https:\/\/www.ce.gov.br\/sop\/novo-pac-fnde\/","url":"https:\/\/www.ce.gov.br\/sop\/novo-pac-fnde\/","name":"Novo PAC\/FNDE - SOP","isPartOf":{"@id":"https:\/\/www.ce.gov.br\/sop\/#website"},"datePublished":"2026-04-15T17:55:47+00:00","dateModified":"2026-04-15T18:01:47+00:00","breadcrumb":{"@id":"https:\/\/www.ce.gov.br\/sop\/novo-pac-fnde\/#breadcrumb"},"inLanguage":"pt-BR","potentialAction":[{"@type":"ReadAction","target":["https:\/\/www.ce.gov.br\/sop\/novo-pac-fnde\/"]}]},{"@type":"BreadcrumbList","@id":"https:\/\/www.ce.gov.br\/sop\/novo-pac-fnde\/#breadcrumb","itemListElement":[{"@type":"ListItem","position":1,"name":"In\u00edcio","item":"https:\/\/www.ce.gov.br\/sop\/"},{"@type":"ListItem","position":2,"name":"Novo PAC\/FNDE"}]},{"@type":"WebSite","@id":"https:\/\/www.ce.gov.br\/sop\/#website","url":"https:\/\/www.ce.gov.br\/sop\/","name":"Departamento Estadual de Rodovias","description":"Portal SOP","potentialAction":[{"@type":"SearchAction","target":{"@type":"EntryPoint","urlTemplate":"https:\/\/www.ce.gov.br\/sop\/?s={search_term_string}"},"query-input":{"@type":"PropertyValueSpecification","valueRequired":true,"valueName":"search_term_string"}}],"inLanguage":"pt-BR"}]}},"_links":{"self":[{"href":"https:\/\/www.ce.gov.br\/sop\/wp-json\/wp\/v2\/pages\/79164","targetHints":{"allow":["GET"]}}],"collection":[{"href":"https:\/\/www.ce.gov.br\/sop\/wp-json\/wp\/v2\/pages"}],"about":[{"href":"https:\/\/www.ce.gov.br\/sop\/wp-json\/wp\/v2\/types\/page"}],"author":[{"embeddable":true,"href":"https:\/\/www.ce.gov.br\/sop\/wp-json\/wp\/v2\/users\/61"}],"replies":[{"embeddable":true,"href":"https:\/\/www.ce.gov.br\/sop\/wp-json\/wp\/v2\/comments?post=79164"}],"version-history":[{"count":3,"href":"https:\/\/www.ce.gov.br\/sop\/wp-json\/wp\/v2\/pages\/79164\/revisions"}],"predecessor-version":[{"id":79177,"href":"https:\/\/www.ce.gov.br\/sop\/wp-json\/wp\/v2\/pages\/79164\/revisions\/79177"}],"wp:attachment":[{"href":"https:\/\/www.ce.gov.br\/sop\/wp-json\/wp\/v2\/media?parent=79164"}],"curies":[{"name":"wp","href":"https:\/\/api.w.org\/{rel}","templated":true}]}}