{"id":89,"date":"2017-11-21T11:28:36","date_gmt":"2017-11-21T13:28:36","guid":{"rendered":"http:\/\/www.ceara.gov.br\/der\/?page_id=89"},"modified":"2026-02-09T14:26:09","modified_gmt":"2026-02-09T17:26:09","slug":"informacoes-uteis","status":"publish","type":"page","link":"https:\/\/www.ce.gov.br\/sop\/informacoes-uteis\/","title":{"rendered":"Contatos"},"content":{"rendered":"<div class=\"destacado\">\n<h2>Superintend\u00eancia de Obras P\u00fablicas<\/h2>\n<\/div>\n<p><span style=\"color: #066f32\"><strong>Recep\u00e7\u00e3o<\/strong><\/span><br \/>\n(085) 3108.2800<\/p>\n<p><span style=\"color: #066f32\"><strong>Protocolo<\/strong><\/span><br \/>\nprotocolo@sop.ce.gov.br<br \/>\n(085) 3108.2801<\/p>\n<p><span style=\"color: #066f32\"><strong>Superintend\u00eancia<\/strong><\/span><br \/>\nvaldeci.reboucas@sop.ce.gov.br<br \/>\n(085) 3108.2810<\/p>\n<p><span style=\"color: #066f32\"><strong>Superintend\u00eancia Adjunta de Edifica\u00e7\u00f5es<\/strong><\/span><br \/>\ngiovanni.pacheco@sop.ce.gov.br<\/p>\n<p>(085) 3108.2822<\/p>\n<p><span style=\"color: #066f32\"><strong>Superintend\u00eancia Adjunta de Rodovias <\/strong><\/span><br \/>\nilo.santiago@sop.ce.gov.br<br \/>\n(085) 3108.2823<\/p>\n<p><span style=\"color: #066f32\"><strong>Assessoria de Controle Interno e Ouvidoria<\/strong> <\/span><br \/>\nsalete.lucena@sop.ce.gov.br<br \/>\n(085) 3108.2805<\/p>\n<p><span style=\"color: #066f32\"><strong>Ouvidoria<\/strong><\/span><br \/>\nabelardo.camurca@sop.ce.gov.br<br \/>\n(085) 3108.2847<\/p>\n<p><span style=\"color: #066f32\"><strong>Assessoria Jur\u00eddica<\/strong><\/span><br \/>\nasjur@sop.ce.gov.br<br \/>\n(085) 3108.2825<\/p>\n<p><span style=\"color: #066f32\"><strong>Assessoria de Comunica\u00e7\u00e3o<\/strong><\/span><br \/>\nascom.sop@sop.ce.gov.br<br \/>\n(085) 3108.2808<\/p>\n<p><span style=\"color: #066f32\"><strong>Diretoria de Engenharia Rodovi\u00e1ria <\/strong><\/span><br \/>\nhermano.zenaide@sop.ce.gov.br<br \/>\n(085) 3108.2814<\/p>\n<p><span style=\"color: #066f32\"><strong>Diretoria de Infraestrutura Rodovi\u00e1ria e Aeroportu\u00e1ria <\/strong><\/span><br \/>\nsergio.azevedo@sop.ce.gov.br<br \/>\n(085) 3108.2816<\/p>\n<p><span style=\"color: #066f32\"><strong>Diretoria de Projetos de Edifica\u00e7\u00f5es <\/strong><\/span><br \/>\naline.sales@sop.ce.gov.br<br \/>\n(085) 3108.2834<\/p>\n<p><span style=\"color: #066f32\"><strong>Diretoria de Engenharia de Edifica\u00e7\u00f5es<\/strong><\/span><br \/>\nclaudio.brito@sop.ce.gov.br<br \/>\n(085) 3108.2826<\/p>\n<p><span style=\"color: #066f32\"><strong>Diretoria de Articula\u00e7\u00e3o T\u00e9cnica e Obras Especiais<\/strong><\/span><br \/>\nsilvio.campos@sop.ce.gov.br<br \/>\n(085) 3108.2839<\/p>\n<p><span style=\"color: #066f32\"><strong>Diretoria de Planejamento e Finan\u00e7as<\/strong><\/span><br \/>\ndiana.sanford@sop.ce.gov.br<br \/>\n(085) 3108.2829<\/p>\n<p><span style=\"color: #066f32\"><strong>Diretoria Administrativa<\/strong><\/span><br \/>\ncamila.passos@sop.ce.gov.br<br \/>\n(085) 3108.2817<\/p>\n<p><span style=\"color: #066f32\"><strong>Diretoria de Fiscaliza\u00e7\u00e3o de Obras e Gest\u00e3o Regional<\/strong><\/span><br \/>\ncaio.timbo@sop.ce.gov.br<\/p>\n<p>(085) 3101.2812<\/p>\n<p><span style=\"color: #066f32\"><strong>DISTRITOS OPERACIONAIS<\/strong><\/span><\/p>\n<p><strong>Regi\u00e3o Metropolitana<\/strong><\/p>\n<p>Gerente: Nertan Fonseca<br \/>\nmarangua@sop.ce.gov.br<br \/>\n(085) 3108.1086<\/p>\n<p><strong>Aracoiaba<\/strong><\/p>\n<p>Gerente:<br \/>\naracoiab@sop.ce.gov.br<br \/>\n(085) 3337.5693<\/p>\n<p><strong>Itapipoca<\/strong><\/p>\n<p>Gerente: Roberto Holanda<br \/>\nitapipoca@sop.ce.gov.br<br \/>\n(085) 3101.1082<\/p>\n<p><strong>Limoeiro do Norte<\/strong><\/p>\n<p>Gerente: Johab Galiza<br \/>\nlimoeiro@sop.ce.gov.br<br \/>\n(088) 3423.6974<\/p>\n<p><strong>Santa Quit\u00e9ria<\/strong><\/p>\n<p>Gerente: Goiana J\u00fanior<br \/>\nquiteria@sop.ce.gov.br<br \/>\n(085) 3108.1090<\/p>\n<p><strong>Quixeramobim<\/strong><\/p>\n<p>Gerente: Kerlon<br \/>\nquixeramobim@sop.ce.gov.br<br \/>\n(085) 3108.2890<\/p>\n<p><strong>Sobral<\/strong><\/p>\n<p>Gerente: Francisco Alves<br \/>\nsobral@sop.ce.gov.br<br \/>\n(085) 3108.2898<\/p>\n<p><strong>Crate\u00fas<\/strong><\/p>\n<p>Gerente: Diego Dem\u00e9trio<br \/>\ncrateus@sop.ce.gov.br<br \/>\n(085) 3108.2838<\/p>\n<p><strong>Iguatu<\/strong><\/p>\n<p>Gerente: Weber Teixeira<br \/>\niguatu@sop.ce.gov.br<br \/>\n(085) 3108.2893<\/p>\n<p><strong>Crato<\/strong><\/p>\n<p>Gerente: Jos\u00e9 Muniz<br \/>\ncrato@sop.ce.gov.br<br \/>\n(085) 3108.2894<\/p>\n<p><strong>Tau\u00e1<\/strong><\/p>\n<p>Gerente: Willian Leite<br \/>\ntaua@sop.ce.gov.br<br \/>\n(085) 3108.2896<\/p>\n","protected":false},"excerpt":{"rendered":"<p>Superintend\u00eancia de Obras P\u00fablicas Recep\u00e7\u00e3o (085) 3108.2800 Protocolo protocolo@sop.ce.gov.br (085) 3108.2801 Superintend\u00eancia valdeci.reboucas@sop.ce.gov.br (085) 3108.2810 Superintend\u00eancia Adjunta de Edifica\u00e7\u00f5es giovanni.pacheco@sop.ce.gov.br (085) 3108.2822 Superintend\u00eancia Adjunta de Rodovias ilo.santiago@sop.ce.gov.br (085) 3108.2823 Assessoria de Controle Interno e Ouvidoria salete.lucena@sop.ce.gov.br (085) 3108.2805 Ouvidoria abelardo.camurca@sop.ce.gov.br (085) 3108.2847 Assessoria Jur\u00eddica asjur@sop.ce.gov.br (085) 3108.2825 Assessoria de Comunica\u00e7\u00e3o ascom.sop@sop.ce.gov.br (085) 3108.2808 Diretoria de [&hellip;]<\/p>\n","protected":false},"author":38,"featured_media":0,"parent":0,"menu_order":20,"comment_status":"closed","ping_status":"closed","template":"","meta":{"_acf_changed":false,"inline_featured_image":false,"footnotes":""},"class_list":["post-89","page","type-page","status-publish","hentry"],"acf":[],"yoast_head":"<!-- This site is optimized with the Yoast SEO plugin v27.3 - https:\/\/yoast.com\/product\/yoast-seo-wordpress\/ -->\n<title>Contatos - SOP<\/title>\n<meta name=\"robots\" content=\"index, follow, max-snippet:-1, max-image-preview:large, max-video-preview:-1\" \/>\n<link rel=\"canonical\" href=\"https:\/\/www.ce.gov.br\/sop\/informacoes-uteis\/\" \/>\n<meta property=\"og:locale\" content=\"pt_BR\" \/>\n<meta property=\"og:type\" content=\"article\" \/>\n<meta property=\"og:title\" content=\"Contatos - SOP\" \/>\n<meta property=\"og:description\" content=\"Superintend\u00eancia de Obras P\u00fablicas Recep\u00e7\u00e3o (085) 3108.2800 Protocolo protocolo@sop.ce.gov.br (085) 3108.2801 Superintend\u00eancia valdeci.reboucas@sop.ce.gov.br (085) 3108.2810 Superintend\u00eancia Adjunta de Edifica\u00e7\u00f5es giovanni.pacheco@sop.ce.gov.br (085) 3108.2822 Superintend\u00eancia Adjunta de Rodovias ilo.santiago@sop.ce.gov.br (085) 3108.2823 Assessoria de Controle Interno e Ouvidoria salete.lucena@sop.ce.gov.br (085) 3108.2805 Ouvidoria abelardo.camurca@sop.ce.gov.br (085) 3108.2847 Assessoria Jur\u00eddica asjur@sop.ce.gov.br (085) 3108.2825 Assessoria de Comunica\u00e7\u00e3o ascom.sop@sop.ce.gov.br (085) 3108.2808 Diretoria de [&hellip;]\" \/>\n<meta property=\"og:url\" content=\"https:\/\/www.ce.gov.br\/sop\/informacoes-uteis\/\" \/>\n<meta property=\"og:site_name\" content=\"SOP\" \/>\n<meta property=\"article:modified_time\" content=\"2026-02-09T17:26:09+00:00\" \/>\n<meta name=\"twitter:card\" content=\"summary_large_image\" \/>\n<meta name=\"twitter:label1\" content=\"Est. reading time\" \/>\n\t<meta name=\"twitter:data1\" content=\"2 minutos\" \/>\n<script type=\"application\/ld+json\" class=\"yoast-schema-graph\">{\"@context\":\"https:\\\/\\\/schema.org\",\"@graph\":[{\"@type\":\"WebPage\",\"@id\":\"https:\\\/\\\/www.ce.gov.br\\\/sop\\\/informacoes-uteis\\\/\",\"url\":\"https:\\\/\\\/www.ce.gov.br\\\/sop\\\/informacoes-uteis\\\/\",\"name\":\"Contatos - SOP\",\"isPartOf\":{\"@id\":\"https:\\\/\\\/www.ce.gov.br\\\/sop\\\/#website\"},\"datePublished\":\"2017-11-21T13:28:36+00:00\",\"dateModified\":\"2026-02-09T17:26:09+00:00\",\"breadcrumb\":{\"@id\":\"https:\\\/\\\/www.ce.gov.br\\\/sop\\\/informacoes-uteis\\\/#breadcrumb\"},\"inLanguage\":\"pt-BR\",\"potentialAction\":[{\"@type\":\"ReadAction\",\"target\":[\"https:\\\/\\\/www.ce.gov.br\\\/sop\\\/informacoes-uteis\\\/\"]}]},{\"@type\":\"BreadcrumbList\",\"@id\":\"https:\\\/\\\/www.ce.gov.br\\\/sop\\\/informacoes-uteis\\\/#breadcrumb\",\"itemListElement\":[{\"@type\":\"ListItem\",\"position\":1,\"name\":\"In\u00edcio\",\"item\":\"https:\\\/\\\/www.ce.gov.br\\\/sop\\\/\"},{\"@type\":\"ListItem\",\"position\":2,\"name\":\"Contatos\"}]},{\"@type\":\"WebSite\",\"@id\":\"https:\\\/\\\/www.ce.gov.br\\\/sop\\\/#website\",\"url\":\"https:\\\/\\\/www.ce.gov.br\\\/sop\\\/\",\"name\":\"Departamento Estadual de Rodovias\",\"description\":\"Portal SOP\",\"potentialAction\":[{\"@type\":\"SearchAction\",\"target\":{\"@type\":\"EntryPoint\",\"urlTemplate\":\"https:\\\/\\\/www.ce.gov.br\\\/sop\\\/?s={search_term_string}\"},\"query-input\":{\"@type\":\"PropertyValueSpecification\",\"valueRequired\":true,\"valueName\":\"search_term_string\"}}],\"inLanguage\":\"pt-BR\"}]}<\/script>\n<!-- \/ Yoast SEO plugin. -->","yoast_head_json":{"title":"Contatos - SOP","robots":{"index":"index","follow":"follow","max-snippet":"max-snippet:-1","max-image-preview":"max-image-preview:large","max-video-preview":"max-video-preview:-1"},"canonical":"https:\/\/www.ce.gov.br\/sop\/informacoes-uteis\/","og_locale":"pt_BR","og_type":"article","og_title":"Contatos - SOP","og_description":"Superintend\u00eancia de Obras P\u00fablicas Recep\u00e7\u00e3o (085) 3108.2800 Protocolo protocolo@sop.ce.gov.br (085) 3108.2801 Superintend\u00eancia valdeci.reboucas@sop.ce.gov.br (085) 3108.2810 Superintend\u00eancia Adjunta de Edifica\u00e7\u00f5es giovanni.pacheco@sop.ce.gov.br (085) 3108.2822 Superintend\u00eancia Adjunta de Rodovias ilo.santiago@sop.ce.gov.br (085) 3108.2823 Assessoria de Controle Interno e Ouvidoria salete.lucena@sop.ce.gov.br (085) 3108.2805 Ouvidoria abelardo.camurca@sop.ce.gov.br (085) 3108.2847 Assessoria Jur\u00eddica asjur@sop.ce.gov.br (085) 3108.2825 Assessoria de Comunica\u00e7\u00e3o ascom.sop@sop.ce.gov.br (085) 3108.2808 Diretoria de [&hellip;]","og_url":"https:\/\/www.ce.gov.br\/sop\/informacoes-uteis\/","og_site_name":"SOP","article_modified_time":"2026-02-09T17:26:09+00:00","twitter_card":"summary_large_image","twitter_misc":{"Est. reading time":"2 minutos"},"schema":{"@context":"https:\/\/schema.org","@graph":[{"@type":"WebPage","@id":"https:\/\/www.ce.gov.br\/sop\/informacoes-uteis\/","url":"https:\/\/www.ce.gov.br\/sop\/informacoes-uteis\/","name":"Contatos - SOP","isPartOf":{"@id":"https:\/\/www.ce.gov.br\/sop\/#website"},"datePublished":"2017-11-21T13:28:36+00:00","dateModified":"2026-02-09T17:26:09+00:00","breadcrumb":{"@id":"https:\/\/www.ce.gov.br\/sop\/informacoes-uteis\/#breadcrumb"},"inLanguage":"pt-BR","potentialAction":[{"@type":"ReadAction","target":["https:\/\/www.ce.gov.br\/sop\/informacoes-uteis\/"]}]},{"@type":"BreadcrumbList","@id":"https:\/\/www.ce.gov.br\/sop\/informacoes-uteis\/#breadcrumb","itemListElement":[{"@type":"ListItem","position":1,"name":"In\u00edcio","item":"https:\/\/www.ce.gov.br\/sop\/"},{"@type":"ListItem","position":2,"name":"Contatos"}]},{"@type":"WebSite","@id":"https:\/\/www.ce.gov.br\/sop\/#website","url":"https:\/\/www.ce.gov.br\/sop\/","name":"Departamento Estadual de Rodovias","description":"Portal SOP","potentialAction":[{"@type":"SearchAction","target":{"@type":"EntryPoint","urlTemplate":"https:\/\/www.ce.gov.br\/sop\/?s={search_term_string}"},"query-input":{"@type":"PropertyValueSpecification","valueRequired":true,"valueName":"search_term_string"}}],"inLanguage":"pt-BR"}]}},"_links":{"self":[{"href":"https:\/\/www.ce.gov.br\/sop\/wp-json\/wp\/v2\/pages\/89","targetHints":{"allow":["GET"]}}],"collection":[{"href":"https:\/\/www.ce.gov.br\/sop\/wp-json\/wp\/v2\/pages"}],"about":[{"href":"https:\/\/www.ce.gov.br\/sop\/wp-json\/wp\/v2\/types\/page"}],"author":[{"embeddable":true,"href":"https:\/\/www.ce.gov.br\/sop\/wp-json\/wp\/v2\/users\/38"}],"replies":[{"embeddable":true,"href":"https:\/\/www.ce.gov.br\/sop\/wp-json\/wp\/v2\/comments?post=89"}],"version-history":[{"count":74,"href":"https:\/\/www.ce.gov.br\/sop\/wp-json\/wp\/v2\/pages\/89\/revisions"}],"predecessor-version":[{"id":78633,"href":"https:\/\/www.ce.gov.br\/sop\/wp-json\/wp\/v2\/pages\/89\/revisions\/78633"}],"wp:attachment":[{"href":"https:\/\/www.ce.gov.br\/sop\/wp-json\/wp\/v2\/media?parent=89"}],"curies":[{"name":"wp","href":"https:\/\/api.w.org\/{rel}","templated":true}]}}